{"id":10304,"date":"2024-05-03T20:09:05","date_gmt":"2024-05-03T18:09:05","guid":{"rendered":"https:\/\/www.neufundlaender-vom-baerenfels.de\/?page_id=10304"},"modified":"2024-06-23T13:00:05","modified_gmt":"2024-06-23T11:00:05","slug":"i-wurf-welpe-1-blau","status":"publish","type":"page","link":"https:\/\/www.neufundlaender-vom-baerenfels.de\/?page_id=10304","title":{"rendered":"I-Wurf Welpe 1 R\u00fcde Blau"},"content":{"rendered":"\n\n\n<h1>Isaak-Benjamin vom B\u00e4renfels<\/h1>\n<p>R\u00fcde schwarz, blaues B\u00e4ndchen<\/p>\n<p>geboren am 18.04.2024 um 20:15 Uhr, Geburtsgewicht: 640 g<\/p>\n<p>Abzeichen: wei\u00dfer Brustfleck<\/p>\n<p>ist am Sonntag, 23.06.2024 ausgezogen. Monique und Kees van der Have haben ihr neues Familienmitglied abgeholt. Auf Benjamin warten bereits drei Neufi-Damen im Hundeferienpark<a href=\"https:\/\/www.dogglywood.de\/\" target=\"_blank\" rel=\"noopener\"> &#8222;Dogglywood&#8220;<\/a> im sch\u00f6nen Th\u00fcringer Wald, dem gr\u00fcnen Herzen Deutschlands.<\/p>\n<p>Benjamin ist ein sehr aufgeschlossener, freundlicher kleiner Kerl, der bei der \u00dcbergabe 11,64 kg auf die Waage brachte.<\/p>\n\n\n\n<figure class=\"wp-block-image size-large is-style-default\"><a href=\"https:\/\/www.neufundlaender-vom-baerenfels.de\/wp-content\/uploads\/2024\/06\/Abschiedsbild-blau-Isaak-Benjamin.jpg\"><img loading=\"lazy\" decoding=\"async\" width=\"709\" height=\"1024\" src=\"https:\/\/www.neufundlaender-vom-baerenfels.de\/wp-content\/uploads\/2024\/06\/Abschiedsbild-blau-Isaak-Benjamin-709x1024.jpg\" alt=\"\" class=\"wp-image-10738\" srcset=\"https:\/\/www.neufundlaender-vom-baerenfels.de\/wp-content\/uploads\/2024\/06\/Abschiedsbild-blau-Isaak-Benjamin-709x1024.jpg 709w, https:\/\/www.neufundlaender-vom-baerenfels.de\/wp-content\/uploads\/2024\/06\/Abschiedsbild-blau-Isaak-Benjamin-208x300.jpg 208w, https:\/\/www.neufundlaender-vom-baerenfels.de\/wp-content\/uploads\/2024\/06\/Abschiedsbild-blau-Isaak-Benjamin-768x1109.jpg 768w, https:\/\/www.neufundlaender-vom-baerenfels.de\/wp-content\/uploads\/2024\/06\/Abschiedsbild-blau-Isaak-Benjamin.jpg 1063w\" sizes=\"auto, (max-width: 709px) 100vw, 709px\" \/><\/a><\/figure>\n\n\n\n<figure class=\"wp-block-image size-large is-style-default\"><a href=\"https:\/\/www.neufundlaender-vom-baerenfels.de\/wp-content\/uploads\/2024\/06\/Blau13x13.jpg\"><img loading=\"lazy\" decoding=\"async\" width=\"1024\" height=\"1024\" src=\"https:\/\/www.neufundlaender-vom-baerenfels.de\/wp-content\/uploads\/2024\/06\/Blau13x13-1024x1024.jpg\" alt=\"\" class=\"wp-image-10745\" srcset=\"https:\/\/www.neufundlaender-vom-baerenfels.de\/wp-content\/uploads\/2024\/06\/Blau13x13-1024x1024.jpg 1024w, https:\/\/www.neufundlaender-vom-baerenfels.de\/wp-content\/uploads\/2024\/06\/Blau13x13-300x300.jpg 300w, https:\/\/www.neufundlaender-vom-baerenfels.de\/wp-content\/uploads\/2024\/06\/Blau13x13-150x150.jpg 150w, https:\/\/www.neufundlaender-vom-baerenfels.de\/wp-content\/uploads\/2024\/06\/Blau13x13-768x768.jpg 768w, https:\/\/www.neufundlaender-vom-baerenfels.de\/wp-content\/uploads\/2024\/06\/Blau13x13.jpg 1535w\" sizes=\"auto, (max-width: 1024px) 100vw, 1024px\" \/><\/a><\/figure>\n\n\n\n<figure class=\"wp-block-image size-large is-style-default\"><a href=\"https:\/\/www.neufundlaender-vom-baerenfels.de\/wp-content\/uploads\/2024\/05\/Blau-2024-05-03.jpg\"><img loading=\"lazy\" decoding=\"async\" width=\"1024\" height=\"576\" src=\"https:\/\/www.neufundlaender-vom-baerenfels.de\/wp-content\/uploads\/2024\/05\/Blau-2024-05-03-1024x576.jpg\" alt=\"\" class=\"wp-image-10305\" srcset=\"https:\/\/www.neufundlaender-vom-baerenfels.de\/wp-content\/uploads\/2024\/05\/Blau-2024-05-03-1024x576.jpg 1024w, https:\/\/www.neufundlaender-vom-baerenfels.de\/wp-content\/uploads\/2024\/05\/Blau-2024-05-03-300x169.jpg 300w, https:\/\/www.neufundlaender-vom-baerenfels.de\/wp-content\/uploads\/2024\/05\/Blau-2024-05-03-768x432.jpg 768w, https:\/\/www.neufundlaender-vom-baerenfels.de\/wp-content\/uploads\/2024\/05\/Blau-2024-05-03-1536x864.jpg 1536w, https:\/\/www.neufundlaender-vom-baerenfels.de\/wp-content\/uploads\/2024\/05\/Blau-2024-05-03.jpg 1890w\" sizes=\"auto, (max-width: 1024px) 100vw, 1024px\" \/><\/a><\/figure>\n\n\n\n<p>Am Samstag, 04.05.2024 gab es die erste Wurmkur. Alle Welpen haben das gut gemeistert:<\/p>\n\n\n\n<figure class=\"wp-block-video\"><video height=\"480\" style=\"aspect-ratio: 848 \/ 480;\" width=\"848\" controls src=\"https:\/\/www.neufundlaender-vom-baerenfels.de\/wp-content\/uploads\/2024\/05\/WhatsApp-Video-2024-05-04-um-10.10.54_2164a450.mp4\"><\/video><\/figure>\n\n\n\nngg_shortcode_0_placeholder\n","protected":false},"excerpt":{"rendered":"<p>Isaak-Benjamin vom B\u00e4renfels R\u00fcde schwarz, blaues B\u00e4ndchen geboren am 18.04.2024 um 20:15 Uhr, Geburtsgewicht: 640 g Abzeichen: wei\u00dfer Brustfleck ist am Sonntag, 23.06.2024 ausgezogen. Monique und Kees van der Have haben ihr neues Familienmitglied abgeholt. Auf Benjamin warten bereits drei Neufi-Damen im Hundeferienpark &#8222;Dogglywood&#8220; im sch\u00f6nen Th\u00fcringer Wald, dem gr\u00fcnen Herzen Deutschlands. Benjamin ist ein &hellip; <a href=\"https:\/\/www.neufundlaender-vom-baerenfels.de\/?page_id=10304\" class=\"more-link\"><span class=\"screen-reader-text\">I-Wurf Welpe 1 R\u00fcde Blau<\/span> weiterlesen <span class=\"meta-nav\">&rarr;<\/span><\/a><\/p>\n","protected":false},"author":1,"featured_media":0,"parent":0,"menu_order":0,"comment_status":"closed","ping_status":"closed","template":"","meta":{"ngg_post_thumbnail":0,"footnotes":""},"class_list":["post-10304","page","type-page","status-publish","hentry"],"_links":{"self":[{"href":"https:\/\/www.neufundlaender-vom-baerenfels.de\/index.php?rest_route=\/wp\/v2\/pages\/10304","targetHints":{"allow":["GET"]}}],"collection":[{"href":"https:\/\/www.neufundlaender-vom-baerenfels.de\/index.php?rest_route=\/wp\/v2\/pages"}],"about":[{"href":"https:\/\/www.neufundlaender-vom-baerenfels.de\/index.php?rest_route=\/wp\/v2\/types\/page"}],"author":[{"embeddable":true,"href":"https:\/\/www.neufundlaender-vom-baerenfels.de\/index.php?rest_route=\/wp\/v2\/users\/1"}],"replies":[{"embeddable":true,"href":"https:\/\/www.neufundlaender-vom-baerenfels.de\/index.php?rest_route=%2Fwp%2Fv2%2Fcomments&post=10304"}],"version-history":[{"count":6,"href":"https:\/\/www.neufundlaender-vom-baerenfels.de\/index.php?rest_route=\/wp\/v2\/pages\/10304\/revisions"}],"predecessor-version":[{"id":10746,"href":"https:\/\/www.neufundlaender-vom-baerenfels.de\/index.php?rest_route=\/wp\/v2\/pages\/10304\/revisions\/10746"}],"wp:attachment":[{"href":"https:\/\/www.neufundlaender-vom-baerenfels.de\/index.php?rest_route=%2Fwp%2Fv2%2Fmedia&parent=10304"}],"curies":[{"name":"wp","href":"https:\/\/api.w.org\/{rel}","templated":true}]}}