{"id":10318,"date":"2024-05-03T20:09:59","date_gmt":"2024-05-03T18:09:59","guid":{"rendered":"https:\/\/www.neufundlaender-vom-baerenfels.de\/?page_id=10318"},"modified":"2024-06-22T14:25:47","modified_gmt":"2024-06-22T12:25:47","slug":"i-wurf-welpe-2-huendin-rosa","status":"publish","type":"page","link":"https:\/\/www.neufundlaender-vom-baerenfels.de\/?page_id=10318","title":{"rendered":"I-Wurf Welpe 2 H\u00fcndin Rosa"},"content":{"rendered":"\n<h1>Icy-Elsa vom B\u00e4renfels<\/h1>\n\n\n\n<p>H\u00fcndin schwarz, rosa B\u00e4ndchen<\/p>\n<p>geboren am 18.04.2024 um 22:30 Uhr, Geburtsgewicht: 650 g<\/p>\n<p>Abzeichen: wei\u00dfer Flaum an der&nbsp; Brust<\/p>\n<p>ist ausgezogen am Samstag, 22.06.2024 in den Landkreis Erding, Oberbayern mit einem &#8222;\u00dcbergabegewicht&#8220; von 13,37 kg.<\/p>\n\n\n\n<figure class=\"wp-block-image size-large is-resized is-style-default\"><a href=\"https:\/\/www.neufundlaender-vom-baerenfels.de\/wp-content\/uploads\/2024\/06\/Abschiedsbild-rosa-Icy-Elsa.jpg\"><img loading=\"lazy\" decoding=\"async\" width=\"709\" height=\"1024\" src=\"https:\/\/www.neufundlaender-vom-baerenfels.de\/wp-content\/uploads\/2024\/06\/Abschiedsbild-rosa-Icy-Elsa-709x1024.jpg\" alt=\"\" class=\"wp-image-10734\" style=\"width:800px;height:auto\" srcset=\"https:\/\/www.neufundlaender-vom-baerenfels.de\/wp-content\/uploads\/2024\/06\/Abschiedsbild-rosa-Icy-Elsa-709x1024.jpg 709w, https:\/\/www.neufundlaender-vom-baerenfels.de\/wp-content\/uploads\/2024\/06\/Abschiedsbild-rosa-Icy-Elsa-208x300.jpg 208w, https:\/\/www.neufundlaender-vom-baerenfels.de\/wp-content\/uploads\/2024\/06\/Abschiedsbild-rosa-Icy-Elsa-768x1109.jpg 768w, https:\/\/www.neufundlaender-vom-baerenfels.de\/wp-content\/uploads\/2024\/06\/Abschiedsbild-rosa-Icy-Elsa.jpg 1063w\" sizes=\"auto, (max-width: 709px) 100vw, 709px\" \/><\/a><\/figure>\n\n\n\n<figure class=\"wp-block-image size-large is-style-default\"><a href=\"https:\/\/www.neufundlaender-vom-baerenfels.de\/wp-content\/uploads\/2024\/06\/Rosa13x13.jpg\"><img loading=\"lazy\" decoding=\"async\" width=\"1024\" height=\"1024\" src=\"https:\/\/www.neufundlaender-vom-baerenfels.de\/wp-content\/uploads\/2024\/06\/Rosa13x13-1024x1024.jpg\" alt=\"\" class=\"wp-image-10725\" srcset=\"https:\/\/www.neufundlaender-vom-baerenfels.de\/wp-content\/uploads\/2024\/06\/Rosa13x13-1024x1024.jpg 1024w, https:\/\/www.neufundlaender-vom-baerenfels.de\/wp-content\/uploads\/2024\/06\/Rosa13x13-300x300.jpg 300w, https:\/\/www.neufundlaender-vom-baerenfels.de\/wp-content\/uploads\/2024\/06\/Rosa13x13-150x150.jpg 150w, https:\/\/www.neufundlaender-vom-baerenfels.de\/wp-content\/uploads\/2024\/06\/Rosa13x13-768x768.jpg 768w, https:\/\/www.neufundlaender-vom-baerenfels.de\/wp-content\/uploads\/2024\/06\/Rosa13x13.jpg 1535w\" sizes=\"auto, (max-width: 1024px) 100vw, 1024px\" \/><\/a><\/figure>\n\n\n\n<figure class=\"wp-block-image size-large is-style-default\"><a href=\"https:\/\/www.neufundlaender-vom-baerenfels.de\/wp-content\/uploads\/2024\/05\/rosa-2024-05-03.jpg\"><img loading=\"lazy\" decoding=\"async\" width=\"1024\" height=\"576\" src=\"https:\/\/www.neufundlaender-vom-baerenfels.de\/wp-content\/uploads\/2024\/05\/rosa-2024-05-03-1024x576.jpg\" alt=\"\" class=\"wp-image-10310\" srcset=\"https:\/\/www.neufundlaender-vom-baerenfels.de\/wp-content\/uploads\/2024\/05\/rosa-2024-05-03-1024x576.jpg 1024w, https:\/\/www.neufundlaender-vom-baerenfels.de\/wp-content\/uploads\/2024\/05\/rosa-2024-05-03-300x169.jpg 300w, https:\/\/www.neufundlaender-vom-baerenfels.de\/wp-content\/uploads\/2024\/05\/rosa-2024-05-03-768x432.jpg 768w, https:\/\/www.neufundlaender-vom-baerenfels.de\/wp-content\/uploads\/2024\/05\/rosa-2024-05-03-1536x864.jpg 1536w, https:\/\/www.neufundlaender-vom-baerenfels.de\/wp-content\/uploads\/2024\/05\/rosa-2024-05-03.jpg 1890w\" sizes=\"auto, (max-width: 1024px) 100vw, 1024px\" \/><\/a><\/figure>\n\n\n\n\n\n<p>Am Samstag, 04.05.2024 gab es die erste Wurmkur. Alle Welpen haben das gut gemeistert:<\/p>\n\n\n\n<figure class=\"wp-block-video\"><video height=\"480\" style=\"aspect-ratio: 848 \/ 480;\" width=\"848\" controls src=\"https:\/\/www.neufundlaender-vom-baerenfels.de\/wp-content\/uploads\/2024\/05\/WhatsApp-Video-2024-05-04-um-10.10.47_9ad16ea7.mp4\"><\/video><\/figure>\n\n\n\nngg_shortcode_0_placeholder\n\n\n\n\n\n\n","protected":false},"excerpt":{"rendered":"<p>Icy-Elsa vom B\u00e4renfels H\u00fcndin schwarz, rosa B\u00e4ndchen geboren am 18.04.2024 um 22:30 Uhr, Geburtsgewicht: 650 g Abzeichen: wei\u00dfer Flaum an der&nbsp; Brust ist ausgezogen am Samstag, 22.06.2024 in den Landkreis Erding, Oberbayern mit einem &#8222;\u00dcbergabegewicht&#8220; von 13,37 kg. Am Samstag, 04.05.2024 gab es die erste Wurmkur. Alle Welpen haben das gut gemeistert:<\/p>\n","protected":false},"author":1,"featured_media":0,"parent":0,"menu_order":0,"comment_status":"closed","ping_status":"closed","template":"","meta":{"ngg_post_thumbnail":0,"footnotes":""},"class_list":["post-10318","page","type-page","status-publish","hentry"],"_links":{"self":[{"href":"https:\/\/www.neufundlaender-vom-baerenfels.de\/index.php?rest_route=\/wp\/v2\/pages\/10318","targetHints":{"allow":["GET"]}}],"collection":[{"href":"https:\/\/www.neufundlaender-vom-baerenfels.de\/index.php?rest_route=\/wp\/v2\/pages"}],"about":[{"href":"https:\/\/www.neufundlaender-vom-baerenfels.de\/index.php?rest_route=\/wp\/v2\/types\/page"}],"author":[{"embeddable":true,"href":"https:\/\/www.neufundlaender-vom-baerenfels.de\/index.php?rest_route=\/wp\/v2\/users\/1"}],"replies":[{"embeddable":true,"href":"https:\/\/www.neufundlaender-vom-baerenfels.de\/index.php?rest_route=%2Fwp%2Fv2%2Fcomments&post=10318"}],"version-history":[{"count":4,"href":"https:\/\/www.neufundlaender-vom-baerenfels.de\/index.php?rest_route=\/wp\/v2\/pages\/10318\/revisions"}],"predecessor-version":[{"id":10735,"href":"https:\/\/www.neufundlaender-vom-baerenfels.de\/index.php?rest_route=\/wp\/v2\/pages\/10318\/revisions\/10735"}],"wp:attachment":[{"href":"https:\/\/www.neufundlaender-vom-baerenfels.de\/index.php?rest_route=%2Fwp%2Fv2%2Fmedia&parent=10318"}],"curies":[{"name":"wp","href":"https:\/\/api.w.org\/{rel}","templated":true}]}}