{"id":10325,"date":"2024-05-03T20:11:35","date_gmt":"2024-05-03T18:11:35","guid":{"rendered":"https:\/\/www.neufundlaender-vom-baerenfels.de\/?page_id=10325"},"modified":"2024-06-28T17:20:45","modified_gmt":"2024-06-28T15:20:45","slug":"i-wurf-welpe-3-ruede-lila","status":"publish","type":"page","link":"https:\/\/www.neufundlaender-vom-baerenfels.de\/?page_id=10325","title":{"rendered":"I-Wurf Welpe 3 R\u00fcde Lila"},"content":{"rendered":"\n<h1>Immanuel vom B\u00e4renfels, genannt Manny<\/h1>\n<p>R\u00fcde schwarz, lila B\u00e4ndchen<\/p>\n<p>geboren am 18.04.2024 um 23:20 Uhr, Geburtsgewicht: 670 g<\/p>\n<p>Abzeichen: wei\u00dfer Brustfleck<\/p>\n<p>unser Nesth\u00e4kchen hat zwar die Koffer gepackt,&nbsp; bleibt aber bei uns. Zu viel Bindung ist entstanden durch die t\u00e4gliche Physioterapie, den extra Mahlzeiten zum Aufp\u00e4ppeln. Manny, Eroberer der Herzen!<\/p>\n\n\n\n\n\n<figure class=\"wp-block-image size-large is-style-default\"><a href=\"https:\/\/www.neufundlaender-vom-baerenfels.de\/wp-content\/uploads\/2024\/06\/Lila13x13.jpg\"><img loading=\"lazy\" decoding=\"async\" width=\"1024\" height=\"1024\" src=\"https:\/\/www.neufundlaender-vom-baerenfels.de\/wp-content\/uploads\/2024\/06\/Lila13x13-1024x1024.jpg\" alt=\"\" class=\"wp-image-10724\" srcset=\"https:\/\/www.neufundlaender-vom-baerenfels.de\/wp-content\/uploads\/2024\/06\/Lila13x13-1024x1024.jpg 1024w, https:\/\/www.neufundlaender-vom-baerenfels.de\/wp-content\/uploads\/2024\/06\/Lila13x13-300x300.jpg 300w, https:\/\/www.neufundlaender-vom-baerenfels.de\/wp-content\/uploads\/2024\/06\/Lila13x13-150x150.jpg 150w, https:\/\/www.neufundlaender-vom-baerenfels.de\/wp-content\/uploads\/2024\/06\/Lila13x13-768x768.jpg 768w, https:\/\/www.neufundlaender-vom-baerenfels.de\/wp-content\/uploads\/2024\/06\/Lila13x13.jpg 1535w\" sizes=\"auto, (max-width: 1024px) 100vw, 1024px\" \/><\/a><\/figure>\n\n\n\n<figure class=\"wp-block-image size-large is-style-default\"><a href=\"https:\/\/www.neufundlaender-vom-baerenfels.de\/wp-content\/uploads\/2024\/05\/Lila-2024-05-03.jpg\"><img loading=\"lazy\" decoding=\"async\" width=\"1024\" height=\"576\" src=\"https:\/\/www.neufundlaender-vom-baerenfels.de\/wp-content\/uploads\/2024\/05\/Lila-2024-05-03-1024x576.jpg\" alt=\"\" class=\"wp-image-10309\" srcset=\"https:\/\/www.neufundlaender-vom-baerenfels.de\/wp-content\/uploads\/2024\/05\/Lila-2024-05-03-1024x576.jpg 1024w, https:\/\/www.neufundlaender-vom-baerenfels.de\/wp-content\/uploads\/2024\/05\/Lila-2024-05-03-300x169.jpg 300w, https:\/\/www.neufundlaender-vom-baerenfels.de\/wp-content\/uploads\/2024\/05\/Lila-2024-05-03-768x432.jpg 768w, https:\/\/www.neufundlaender-vom-baerenfels.de\/wp-content\/uploads\/2024\/05\/Lila-2024-05-03-1536x864.jpg 1536w, https:\/\/www.neufundlaender-vom-baerenfels.de\/wp-content\/uploads\/2024\/05\/Lila-2024-05-03.jpg 1890w\" sizes=\"auto, (max-width: 1024px) 100vw, 1024px\" \/><\/a><\/figure>\n\n\n\n<p>Am Samstag, 04.05.2024 gab es die erste Wurmkur. Alle Welpen haben das gut gemeistert:<\/p>\n\n\n\n<figure class=\"wp-block-video\"><video height=\"480\" style=\"aspect-ratio: 848 \/ 480;\" width=\"848\" controls src=\"https:\/\/www.neufundlaender-vom-baerenfels.de\/wp-content\/uploads\/2024\/05\/WhatsApp-Video-2024-05-04-um-10.10.42_4d7187c7.mp4\"><\/video><\/figure>\n\n\n\nngg_shortcode_0_placeholder\n\n\n\n<figure class=\"wp-block-embed is-type-video is-provider-youtube wp-block-embed-youtube wp-embed-aspect-16-9 wp-has-aspect-ratio\"><div class=\"wp-block-embed__wrapper\">\n<iframe loading=\"lazy\" title=\"Neufiwelpe Manny mischt munter mit\" width=\"474\" height=\"267\" src=\"https:\/\/www.youtube.com\/embed\/y8duKTz3zac?feature=oembed\" frameborder=\"0\" allow=\"accelerometer; autoplay; clipboard-write; encrypted-media; gyroscope; picture-in-picture; web-share\" referrerpolicy=\"strict-origin-when-cross-origin\" allowfullscreen><\/iframe>\n<\/div><\/figure>\n\n\n\n<figure class=\"wp-block-embed is-type-video is-provider-youtube wp-block-embed-youtube wp-embed-aspect-16-9 wp-has-aspect-ratio\"><div class=\"wp-block-embed__wrapper\">\n<iframe loading=\"lazy\" title=\"Neues von Nesth\u00e4kchen Manni\" width=\"474\" height=\"267\" src=\"https:\/\/www.youtube.com\/embed\/9bTyv7ltvTM?feature=oembed\" frameborder=\"0\" allow=\"accelerometer; autoplay; clipboard-write; encrypted-media; gyroscope; picture-in-picture; web-share\" referrerpolicy=\"strict-origin-when-cross-origin\" allowfullscreen><\/iframe>\n<\/div><\/figure>\n","protected":false},"excerpt":{"rendered":"<p>Immanuel vom B\u00e4renfels, genannt Manny R\u00fcde schwarz, lila B\u00e4ndchen geboren am 18.04.2024 um 23:20 Uhr, Geburtsgewicht: 670 g Abzeichen: wei\u00dfer Brustfleck unser Nesth\u00e4kchen hat zwar die Koffer gepackt,&nbsp; bleibt aber bei uns. Zu viel Bindung ist entstanden durch die t\u00e4gliche Physioterapie, den extra Mahlzeiten zum Aufp\u00e4ppeln. Manny, Eroberer der Herzen! Am Samstag, 04.05.2024 gab es &hellip; <a href=\"https:\/\/www.neufundlaender-vom-baerenfels.de\/?page_id=10325\" class=\"more-link\"><span class=\"screen-reader-text\">I-Wurf Welpe 3 R\u00fcde Lila<\/span> weiterlesen <span class=\"meta-nav\">&rarr;<\/span><\/a><\/p>\n","protected":false},"author":1,"featured_media":0,"parent":0,"menu_order":0,"comment_status":"closed","ping_status":"closed","template":"","meta":{"ngg_post_thumbnail":0,"footnotes":""},"class_list":["post-10325","page","type-page","status-publish","hentry"],"_links":{"self":[{"href":"https:\/\/www.neufundlaender-vom-baerenfels.de\/index.php?rest_route=\/wp\/v2\/pages\/10325","targetHints":{"allow":["GET"]}}],"collection":[{"href":"https:\/\/www.neufundlaender-vom-baerenfels.de\/index.php?rest_route=\/wp\/v2\/pages"}],"about":[{"href":"https:\/\/www.neufundlaender-vom-baerenfels.de\/index.php?rest_route=\/wp\/v2\/types\/page"}],"author":[{"embeddable":true,"href":"https:\/\/www.neufundlaender-vom-baerenfels.de\/index.php?rest_route=\/wp\/v2\/users\/1"}],"replies":[{"embeddable":true,"href":"https:\/\/www.neufundlaender-vom-baerenfels.de\/index.php?rest_route=%2Fwp%2Fv2%2Fcomments&post=10325"}],"version-history":[{"count":7,"href":"https:\/\/www.neufundlaender-vom-baerenfels.de\/index.php?rest_route=\/wp\/v2\/pages\/10325\/revisions"}],"predecessor-version":[{"id":10783,"href":"https:\/\/www.neufundlaender-vom-baerenfels.de\/index.php?rest_route=\/wp\/v2\/pages\/10325\/revisions\/10783"}],"wp:attachment":[{"href":"https:\/\/www.neufundlaender-vom-baerenfels.de\/index.php?rest_route=%2Fwp%2Fv2%2Fmedia&parent=10325"}],"curies":[{"name":"wp","href":"https:\/\/api.w.org\/{rel}","templated":true}]}}