{"id":10348,"date":"2024-05-03T20:22:13","date_gmt":"2024-05-03T18:22:13","guid":{"rendered":"https:\/\/www.neufundlaender-vom-baerenfels.de\/?page_id=10348"},"modified":"2024-05-03T20:22:51","modified_gmt":"2024-05-03T18:22:51","slug":"welpenbilder-i-wurf","status":"publish","type":"page","link":"https:\/\/www.neufundlaender-vom-baerenfels.de\/?page_id=10348","title":{"rendered":"Welpenbilder I-Wurf"},"content":{"rendered":"\n<p>Hier ver\u00f6ffentlichen wir im w\u00f6chentlichen Abstand unsere Teddybilder zum Gr\u00f6\u00dfenvergleich. Jeder Welpe hat eine eigene Seite, in der man jeweils die Gallerie durchklicken kann.<\/p>\n\n\n\n<p><\/p>\n\n\n\n<p>Mit etwas Verz\u00f6gerung das 2. Fotoshooting f\u00fcr die Teddybilder am Freitag, 03.05.2024. Die 6 B\u00e4rchen haben in den 10 Tagen seit dem ersten Fototermin von 5.935 g um 5955 g auf 11890 g das Gewicht verdoppelt.<\/p>\n\n\n\n<p><\/p>\n\n\n\nngg_shortcode_0_placeholder\n\n\n\n<p>Erster Fototermin f\u00fcr die Teddybilder am Dienstag, 23.04.2024. Nach den turbulenten Tagen war es heute etwas ruhiger und wir konnten mit etwas Versp\u00e4tung die ersten Teddybilder machen:<\/p>\n\n\n\nngg_shortcode_1_placeholder\n","protected":false},"excerpt":{"rendered":"<p>Hier ver\u00f6ffentlichen wir im w\u00f6chentlichen Abstand unsere Teddybilder zum Gr\u00f6\u00dfenvergleich. Jeder Welpe hat eine eigene Seite, in der man jeweils die Gallerie durchklicken kann. Mit etwas Verz\u00f6gerung das 2. Fotoshooting f\u00fcr die Teddybilder am Freitag, 03.05.2024. Die 6 B\u00e4rchen haben in den 10 Tagen seit dem ersten Fototermin von 5.935 g um 5955 g auf &hellip; <a href=\"https:\/\/www.neufundlaender-vom-baerenfels.de\/?page_id=10348\" class=\"more-link\"><span class=\"screen-reader-text\">Welpenbilder I-Wurf<\/span> weiterlesen <span class=\"meta-nav\">&rarr;<\/span><\/a><\/p>\n","protected":false},"author":1,"featured_media":0,"parent":0,"menu_order":0,"comment_status":"closed","ping_status":"closed","template":"","meta":{"ngg_post_thumbnail":0,"footnotes":""},"class_list":["post-10348","page","type-page","status-publish","hentry"],"_links":{"self":[{"href":"https:\/\/www.neufundlaender-vom-baerenfels.de\/index.php?rest_route=\/wp\/v2\/pages\/10348","targetHints":{"allow":["GET"]}}],"collection":[{"href":"https:\/\/www.neufundlaender-vom-baerenfels.de\/index.php?rest_route=\/wp\/v2\/pages"}],"about":[{"href":"https:\/\/www.neufundlaender-vom-baerenfels.de\/index.php?rest_route=\/wp\/v2\/types\/page"}],"author":[{"embeddable":true,"href":"https:\/\/www.neufundlaender-vom-baerenfels.de\/index.php?rest_route=\/wp\/v2\/users\/1"}],"replies":[{"embeddable":true,"href":"https:\/\/www.neufundlaender-vom-baerenfels.de\/index.php?rest_route=%2Fwp%2Fv2%2Fcomments&post=10348"}],"version-history":[{"count":1,"href":"https:\/\/www.neufundlaender-vom-baerenfels.de\/index.php?rest_route=\/wp\/v2\/pages\/10348\/revisions"}],"predecessor-version":[{"id":10349,"href":"https:\/\/www.neufundlaender-vom-baerenfels.de\/index.php?rest_route=\/wp\/v2\/pages\/10348\/revisions\/10349"}],"wp:attachment":[{"href":"https:\/\/www.neufundlaender-vom-baerenfels.de\/index.php?rest_route=%2Fwp%2Fv2%2Fmedia&parent=10348"}],"curies":[{"name":"wp","href":"https:\/\/api.w.org\/{rel}","templated":true}]}}