{"id":10867,"date":"2024-12-20T14:38:52","date_gmt":"2024-12-20T12:38:52","guid":{"rendered":"https:\/\/www.neufundlaender-vom-baerenfels.de\/?page_id=10867"},"modified":"2024-12-20T14:38:53","modified_gmt":"2024-12-20T12:38:53","slug":"baerbel-von-der-baerenhoehle-isenbuettel","status":"publish","type":"page","link":"https:\/\/www.neufundlaender-vom-baerenfels.de\/?page_id=10867","title":{"rendered":"B\u00e4rbel von der B\u00e4renh\u00f6hle Isenb\u00fcttel"},"content":{"rendered":"<p>Endlich war es soweit: Am Sonntag, 24.08.2014 konnten wir unser Neufundl\u00e4nderrudel mit den beiden Welpen B\u00e4r Rosi und B\u00e4rbel von der B\u00e4renh\u00f6hle aus Isenb\u00fcttel &nbsp;vervollst\u00e4ndigen.<\/p>\n\n\n<figure class=\"wp-block-image\"><img loading=\"lazy\" decoding=\"async\" width=\"702\" height=\"1024\" src=\"https:\/\/www.neufundlaender-vom-baerenfels.de\/wp-content\/uploads\/2020\/02\/B\u00e4rbel-und-Rosi-hk-702x1024.jpg\" alt=\"\" class=\"wp-image-7207\" srcset=\"https:\/\/www.neufundlaender-vom-baerenfels.de\/wp-content\/uploads\/2020\/02\/B\u00e4rbel-und-Rosi-hk-702x1024.jpg 702w, https:\/\/www.neufundlaender-vom-baerenfels.de\/wp-content\/uploads\/2020\/02\/B\u00e4rbel-und-Rosi-hk-206x300.jpg 206w, https:\/\/www.neufundlaender-vom-baerenfels.de\/wp-content\/uploads\/2020\/02\/B\u00e4rbel-und-Rosi-hk-768x1120.jpg 768w\" sizes=\"auto, (max-width: 702px) 100vw, 702px\" \/><figcaption class=\"wp-element-caption\">links B\u00e4rbel, rechts B\u00e4r-Rosi, aufgenommen am 31.08.2014<\/figcaption><\/figure>\n\n\n<div class=\"wp-block-image\">\n<figure class=\"aligncenter\"><img loading=\"lazy\" decoding=\"async\" width=\"1024\" height=\"576\" src=\"https:\/\/www.neufundlaender-vom-baerenfels.de\/wp-content\/uploads\/2015\/10\/N1344-1024x576.jpg\" alt=\"\" class=\"wp-image-3875\" srcset=\"https:\/\/www.neufundlaender-vom-baerenfels.de\/wp-content\/uploads\/2015\/10\/N1344-1024x576.jpg 1024w, https:\/\/www.neufundlaender-vom-baerenfels.de\/wp-content\/uploads\/2015\/10\/N1344-300x169.jpg 300w, https:\/\/www.neufundlaender-vom-baerenfels.de\/wp-content\/uploads\/2015\/10\/N1344.jpg 1890w\" sizes=\"auto, (max-width: 1024px) 100vw, 1024px\" \/><figcaption class=\"wp-element-caption\">Links: B\u00e4rbel, rechts B\u00e4r-Rosi, aufgenommen am 03.10.2015<\/figcaption><\/figure>\n<\/div>\n\n\n\n\n\n\n<figure class=\"wp-block-image size-large\"><a href=\"https:\/\/www.neufundlaender-vom-baerenfels.de\/wp-content\/uploads\/2024\/06\/Baerbel-und-Rosi-sitzend.jpg\"><img loading=\"lazy\" decoding=\"async\" width=\"1024\" height=\"988\" src=\"https:\/\/www.neufundlaender-vom-baerenfels.de\/wp-content\/uploads\/2024\/06\/Baerbel-und-Rosi-sitzend-1024x988.jpg\" alt=\"\" class=\"wp-image-10766\" srcset=\"https:\/\/www.neufundlaender-vom-baerenfels.de\/wp-content\/uploads\/2024\/06\/Baerbel-und-Rosi-sitzend-1024x988.jpg 1024w, https:\/\/www.neufundlaender-vom-baerenfels.de\/wp-content\/uploads\/2024\/06\/Baerbel-und-Rosi-sitzend-300x289.jpg 300w, https:\/\/www.neufundlaender-vom-baerenfels.de\/wp-content\/uploads\/2024\/06\/Baerbel-und-Rosi-sitzend-768x741.jpg 768w, https:\/\/www.neufundlaender-vom-baerenfels.de\/wp-content\/uploads\/2024\/06\/Baerbel-und-Rosi-sitzend-1536x1482.jpg 1536w, https:\/\/www.neufundlaender-vom-baerenfels.de\/wp-content\/uploads\/2024\/06\/Baerbel-und-Rosi-sitzend.jpg 1626w\" sizes=\"auto, (max-width: 1024px) 100vw, 1024px\" \/><\/a><figcaption class=\"wp-element-caption\">links B\u00e4rbel, rechts B\u00e4r-Rosi, aufgenommen am 24.07.2024<\/figcaption><\/figure>\n","protected":false},"excerpt":{"rendered":"<p>Endlich war es soweit: Am Sonntag, 24.08.2014 konnten wir unser Neufundl\u00e4nderrudel mit den beiden Welpen B\u00e4r Rosi und B\u00e4rbel von der B\u00e4renh\u00f6hle aus Isenb\u00fcttel &nbsp;vervollst\u00e4ndigen.<\/p>\n","protected":false},"author":1,"featured_media":0,"parent":0,"menu_order":0,"comment_status":"closed","ping_status":"closed","template":"","meta":{"ngg_post_thumbnail":0,"footnotes":""},"class_list":["post-10867","page","type-page","status-publish","hentry"],"_links":{"self":[{"href":"https:\/\/www.neufundlaender-vom-baerenfels.de\/index.php?rest_route=\/wp\/v2\/pages\/10867","targetHints":{"allow":["GET"]}}],"collection":[{"href":"https:\/\/www.neufundlaender-vom-baerenfels.de\/index.php?rest_route=\/wp\/v2\/pages"}],"about":[{"href":"https:\/\/www.neufundlaender-vom-baerenfels.de\/index.php?rest_route=\/wp\/v2\/types\/page"}],"author":[{"embeddable":true,"href":"https:\/\/www.neufundlaender-vom-baerenfels.de\/index.php?rest_route=\/wp\/v2\/users\/1"}],"replies":[{"embeddable":true,"href":"https:\/\/www.neufundlaender-vom-baerenfels.de\/index.php?rest_route=%2Fwp%2Fv2%2Fcomments&post=10867"}],"version-history":[{"count":1,"href":"https:\/\/www.neufundlaender-vom-baerenfels.de\/index.php?rest_route=\/wp\/v2\/pages\/10867\/revisions"}],"predecessor-version":[{"id":10868,"href":"https:\/\/www.neufundlaender-vom-baerenfels.de\/index.php?rest_route=\/wp\/v2\/pages\/10867\/revisions\/10868"}],"wp:attachment":[{"href":"https:\/\/www.neufundlaender-vom-baerenfels.de\/index.php?rest_route=%2Fwp%2Fv2%2Fmedia&parent=10867"}],"curies":[{"name":"wp","href":"https:\/\/api.w.org\/{rel}","templated":true}]}}