{"id":10944,"date":"2025-04-14T08:58:06","date_gmt":"2025-04-14T06:58:06","guid":{"rendered":"https:\/\/www.neufundlaender-vom-baerenfels.de\/?page_id=10944"},"modified":"2025-06-14T20:51:21","modified_gmt":"2025-06-14T18:51:21","slug":"j-wurf-welpe-2-gruen","status":"publish","type":"page","link":"https:\/\/www.neufundlaender-vom-baerenfels.de\/?page_id=10944","title":{"rendered":"J-Wurf Welpe 2 Gr\u00fcn"},"content":{"rendered":"\n<h2 class=\"wp-block-heading\">Josef Bobby  vom B\u00e4renfels<\/h2>\n\n\n\n<p>R\u00fcde schwarz, gr\u00fcnes B\u00e4ndchen, <br \/>geboren&nbsp; am 10.04.2025 um 13:12 Uhr, Geburtsgewicht 645 g<\/p>\n\n\n\n<p>ADKN-Zuchtbuchnummer 78719<\/p>\n<p>ist ausgezogen nach Oberbayern in den Landkreis Starnberg mit einem &#8222;\u00dcbergabegewicht&#8220; von 11,76 kg<\/p>\n\n\n\n<p><\/p>\n\n\n<div class=\"wp-block-image\">\n<figure class=\"aligncenter size-large\"><a href=\"https:\/\/www.neufundlaender-vom-baerenfels.de\/wp-content\/uploads\/2025\/06\/2-J-Wurf-Gruen-Ruede-schwarz-scaled.jpg\"><img loading=\"lazy\" decoding=\"async\" width=\"576\" height=\"1024\" src=\"https:\/\/www.neufundlaender-vom-baerenfels.de\/wp-content\/uploads\/2025\/06\/2-J-Wurf-Gruen-Ruede-schwarz-576x1024.jpg\" alt=\"\" class=\"wp-image-11437\" srcset=\"https:\/\/www.neufundlaender-vom-baerenfels.de\/wp-content\/uploads\/2025\/06\/2-J-Wurf-Gruen-Ruede-schwarz-576x1024.jpg 576w, https:\/\/www.neufundlaender-vom-baerenfels.de\/wp-content\/uploads\/2025\/06\/2-J-Wurf-Gruen-Ruede-schwarz-169x300.jpg 169w, https:\/\/www.neufundlaender-vom-baerenfels.de\/wp-content\/uploads\/2025\/06\/2-J-Wurf-Gruen-Ruede-schwarz-768x1365.jpg 768w, https:\/\/www.neufundlaender-vom-baerenfels.de\/wp-content\/uploads\/2025\/06\/2-J-Wurf-Gruen-Ruede-schwarz-864x1536.jpg 864w, https:\/\/www.neufundlaender-vom-baerenfels.de\/wp-content\/uploads\/2025\/06\/2-J-Wurf-Gruen-Ruede-schwarz-1152x2048.jpg 1152w, https:\/\/www.neufundlaender-vom-baerenfels.de\/wp-content\/uploads\/2025\/06\/2-J-Wurf-Gruen-Ruede-schwarz-scaled.jpg 1440w\" sizes=\"auto, (max-width: 576px) 100vw, 576px\" \/><\/a><\/figure>\n<\/div>\n\n<div class=\"wp-block-image\">\n<figure class=\"aligncenter size-large\"><a href=\"https:\/\/www.neufundlaender-vom-baerenfels.de\/wp-content\/uploads\/2025\/04\/Welpe-gruen.jpg\"><img loading=\"lazy\" decoding=\"async\" width=\"1024\" height=\"576\" src=\"https:\/\/www.neufundlaender-vom-baerenfels.de\/wp-content\/uploads\/2025\/04\/Welpe-gruen-1024x576.jpg\" alt=\"\" class=\"wp-image-10962\" srcset=\"https:\/\/www.neufundlaender-vom-baerenfels.de\/wp-content\/uploads\/2025\/04\/Welpe-gruen-1024x576.jpg 1024w, https:\/\/www.neufundlaender-vom-baerenfels.de\/wp-content\/uploads\/2025\/04\/Welpe-gruen-300x169.jpg 300w, https:\/\/www.neufundlaender-vom-baerenfels.de\/wp-content\/uploads\/2025\/04\/Welpe-gruen-768x432.jpg 768w, https:\/\/www.neufundlaender-vom-baerenfels.de\/wp-content\/uploads\/2025\/04\/Welpe-gruen-1536x864.jpg 1536w, https:\/\/www.neufundlaender-vom-baerenfels.de\/wp-content\/uploads\/2025\/04\/Welpe-gruen.jpg 1890w\" sizes=\"auto, (max-width: 1024px) 100vw, 1024px\" \/><\/a><\/figure>\n<\/div>\n\n<div class=\"wp-block-image\">\n<figure class=\"aligncenter size-large\"><a href=\"https:\/\/www.neufundlaender-vom-baerenfels.de\/wp-content\/uploads\/2025\/04\/Osterbild-2-gruen.jpg\"><img loading=\"lazy\" decoding=\"async\" width=\"709\" height=\"1024\" src=\"https:\/\/www.neufundlaender-vom-baerenfels.de\/wp-content\/uploads\/2025\/04\/Osterbild-2-gruen-709x1024.jpg\" alt=\"\" class=\"wp-image-11083\" srcset=\"https:\/\/www.neufundlaender-vom-baerenfels.de\/wp-content\/uploads\/2025\/04\/Osterbild-2-gruen-709x1024.jpg 709w, https:\/\/www.neufundlaender-vom-baerenfels.de\/wp-content\/uploads\/2025\/04\/Osterbild-2-gruen-208x300.jpg 208w, https:\/\/www.neufundlaender-vom-baerenfels.de\/wp-content\/uploads\/2025\/04\/Osterbild-2-gruen-768x1109.jpg 768w, https:\/\/www.neufundlaender-vom-baerenfels.de\/wp-content\/uploads\/2025\/04\/Osterbild-2-gruen.jpg 1063w\" sizes=\"auto, (max-width: 709px) 100vw, 709px\" \/><\/a><\/figure>\n<\/div>\n\n\n<p>Hier die Teddybilder zum Gr\u00f6\u00dfenvergleich:<\/p>\n\n\n\nngg_shortcode_0_placeholder\n\n\n\n\n\n\n","protected":false},"excerpt":{"rendered":"<p>Josef Bobby vom B\u00e4renfels R\u00fcde schwarz, gr\u00fcnes B\u00e4ndchen, geboren&nbsp; am 10.04.2025 um 13:12 Uhr, Geburtsgewicht 645 g ADKN-Zuchtbuchnummer 78719 ist ausgezogen nach Oberbayern in den Landkreis Starnberg mit einem &#8222;\u00dcbergabegewicht&#8220; von 11,76 kg Hier die Teddybilder zum Gr\u00f6\u00dfenvergleich:<\/p>\n","protected":false},"author":1,"featured_media":0,"parent":0,"menu_order":0,"comment_status":"closed","ping_status":"closed","template":"","meta":{"ngg_post_thumbnail":0,"footnotes":""},"class_list":["post-10944","page","type-page","status-publish","hentry"],"_links":{"self":[{"href":"https:\/\/www.neufundlaender-vom-baerenfels.de\/index.php?rest_route=\/wp\/v2\/pages\/10944","targetHints":{"allow":["GET"]}}],"collection":[{"href":"https:\/\/www.neufundlaender-vom-baerenfels.de\/index.php?rest_route=\/wp\/v2\/pages"}],"about":[{"href":"https:\/\/www.neufundlaender-vom-baerenfels.de\/index.php?rest_route=\/wp\/v2\/types\/page"}],"author":[{"embeddable":true,"href":"https:\/\/www.neufundlaender-vom-baerenfels.de\/index.php?rest_route=\/wp\/v2\/users\/1"}],"replies":[{"embeddable":true,"href":"https:\/\/www.neufundlaender-vom-baerenfels.de\/index.php?rest_route=%2Fwp%2Fv2%2Fcomments&post=10944"}],"version-history":[{"count":10,"href":"https:\/\/www.neufundlaender-vom-baerenfels.de\/index.php?rest_route=\/wp\/v2\/pages\/10944\/revisions"}],"predecessor-version":[{"id":11446,"href":"https:\/\/www.neufundlaender-vom-baerenfels.de\/index.php?rest_route=\/wp\/v2\/pages\/10944\/revisions\/11446"}],"wp:attachment":[{"href":"https:\/\/www.neufundlaender-vom-baerenfels.de\/index.php?rest_route=%2Fwp%2Fv2%2Fmedia&parent=10944"}],"curies":[{"name":"wp","href":"https:\/\/api.w.org\/{rel}","templated":true}]}}