{"id":10955,"date":"2025-04-14T09:01:27","date_gmt":"2025-04-14T07:01:27","guid":{"rendered":"https:\/\/www.neufundlaender-vom-baerenfels.de\/?page_id=10955"},"modified":"2025-06-14T21:01:28","modified_gmt":"2025-06-14T19:01:28","slug":"j-wurf-welpe-6-grau","status":"publish","type":"page","link":"https:\/\/www.neufundlaender-vom-baerenfels.de\/?page_id=10955","title":{"rendered":"J-Wurf Welpe 6 Grau"},"content":{"rendered":"\n<h2 class=\"wp-block-heading\">Juli Bluey vom B\u00e4renfels<\/h2>\n\n\n\n<p>H\u00fcndin braun, graues B\u00e4ndchen, <br \/>geboren&nbsp; am 10.04.2025 um 15:28 Uhr, Geburtsgewicht 560 g<\/p>\n\n\n\n<p>ADKN Zuchtbuchnummer 78724<\/p>\n<p>ist ausgezogen nach Rheinland-Pfalz in den Landkreis Kusel mit einem &#8222;\u00dcbergabegewicht&#8220; von 11,82 kg.<\/p>\n\n\n<div class=\"wp-block-image\">\n<figure class=\"aligncenter size-large\"><a href=\"https:\/\/www.neufundlaender-vom-baerenfels.de\/wp-content\/uploads\/2025\/06\/6-J-Wurf-Grau-Huendin-braun-scaled.jpg\"><img loading=\"lazy\" decoding=\"async\" width=\"576\" height=\"1024\" src=\"https:\/\/www.neufundlaender-vom-baerenfels.de\/wp-content\/uploads\/2025\/06\/6-J-Wurf-Grau-Huendin-braun-576x1024.jpg\" alt=\"\" class=\"wp-image-11441\" srcset=\"https:\/\/www.neufundlaender-vom-baerenfels.de\/wp-content\/uploads\/2025\/06\/6-J-Wurf-Grau-Huendin-braun-576x1024.jpg 576w, https:\/\/www.neufundlaender-vom-baerenfels.de\/wp-content\/uploads\/2025\/06\/6-J-Wurf-Grau-Huendin-braun-169x300.jpg 169w, https:\/\/www.neufundlaender-vom-baerenfels.de\/wp-content\/uploads\/2025\/06\/6-J-Wurf-Grau-Huendin-braun-768x1365.jpg 768w, https:\/\/www.neufundlaender-vom-baerenfels.de\/wp-content\/uploads\/2025\/06\/6-J-Wurf-Grau-Huendin-braun-864x1536.jpg 864w, https:\/\/www.neufundlaender-vom-baerenfels.de\/wp-content\/uploads\/2025\/06\/6-J-Wurf-Grau-Huendin-braun-1152x2048.jpg 1152w, https:\/\/www.neufundlaender-vom-baerenfels.de\/wp-content\/uploads\/2025\/06\/6-J-Wurf-Grau-Huendin-braun-scaled.jpg 1440w\" sizes=\"auto, (max-width: 576px) 100vw, 576px\" \/><\/a><\/figure>\n<\/div>\n\n\n<p><\/p>\n\n\n<div class=\"wp-block-image\">\n<figure class=\"aligncenter size-large\"><a href=\"https:\/\/www.neufundlaender-vom-baerenfels.de\/wp-content\/uploads\/2025\/04\/Welpe-grau.jpg\"><img loading=\"lazy\" decoding=\"async\" width=\"1024\" height=\"576\" src=\"https:\/\/www.neufundlaender-vom-baerenfels.de\/wp-content\/uploads\/2025\/04\/Welpe-grau-1024x576.jpg\" alt=\"\" class=\"wp-image-10963\" srcset=\"https:\/\/www.neufundlaender-vom-baerenfels.de\/wp-content\/uploads\/2025\/04\/Welpe-grau-1024x576.jpg 1024w, https:\/\/www.neufundlaender-vom-baerenfels.de\/wp-content\/uploads\/2025\/04\/Welpe-grau-300x169.jpg 300w, https:\/\/www.neufundlaender-vom-baerenfels.de\/wp-content\/uploads\/2025\/04\/Welpe-grau-768x432.jpg 768w, https:\/\/www.neufundlaender-vom-baerenfels.de\/wp-content\/uploads\/2025\/04\/Welpe-grau-1536x864.jpg 1536w, https:\/\/www.neufundlaender-vom-baerenfels.de\/wp-content\/uploads\/2025\/04\/Welpe-grau.jpg 1890w\" sizes=\"auto, (max-width: 1024px) 100vw, 1024px\" \/><\/a><\/figure>\n<\/div>\n\n<div class=\"wp-block-image\">\n<figure class=\"aligncenter size-large\"><a href=\"https:\/\/www.neufundlaender-vom-baerenfels.de\/wp-content\/uploads\/2025\/04\/Osterbild-6-grau.jpg\"><img loading=\"lazy\" decoding=\"async\" width=\"709\" height=\"1024\" src=\"https:\/\/www.neufundlaender-vom-baerenfels.de\/wp-content\/uploads\/2025\/04\/Osterbild-6-grau-709x1024.jpg\" alt=\"\" class=\"wp-image-11087\" srcset=\"https:\/\/www.neufundlaender-vom-baerenfels.de\/wp-content\/uploads\/2025\/04\/Osterbild-6-grau-709x1024.jpg 709w, https:\/\/www.neufundlaender-vom-baerenfels.de\/wp-content\/uploads\/2025\/04\/Osterbild-6-grau-208x300.jpg 208w, https:\/\/www.neufundlaender-vom-baerenfels.de\/wp-content\/uploads\/2025\/04\/Osterbild-6-grau-768x1109.jpg 768w, https:\/\/www.neufundlaender-vom-baerenfels.de\/wp-content\/uploads\/2025\/04\/Osterbild-6-grau.jpg 1063w\" sizes=\"auto, (max-width: 709px) 100vw, 709px\" \/><\/a><\/figure>\n<\/div>\n\n\n<p>Hier die Teddybilder zum Gr\u00f6\u00dfenvergleich:<\/p>\n\n\n\nngg_shortcode_0_placeholder\n\n\n\n\n\n\n\n\n","protected":false},"excerpt":{"rendered":"<p>Juli Bluey vom B\u00e4renfels H\u00fcndin braun, graues B\u00e4ndchen, geboren&nbsp; am 10.04.2025 um 15:28 Uhr, Geburtsgewicht 560 g ADKN Zuchtbuchnummer 78724 ist ausgezogen nach Rheinland-Pfalz in den Landkreis Kusel mit einem &#8222;\u00dcbergabegewicht&#8220; von 11,82 kg. Hier die Teddybilder zum Gr\u00f6\u00dfenvergleich:<\/p>\n","protected":false},"author":1,"featured_media":0,"parent":0,"menu_order":0,"comment_status":"closed","ping_status":"closed","template":"","meta":{"ngg_post_thumbnail":0,"footnotes":""},"class_list":["post-10955","page","type-page","status-publish","hentry"],"_links":{"self":[{"href":"https:\/\/www.neufundlaender-vom-baerenfels.de\/index.php?rest_route=\/wp\/v2\/pages\/10955","targetHints":{"allow":["GET"]}}],"collection":[{"href":"https:\/\/www.neufundlaender-vom-baerenfels.de\/index.php?rest_route=\/wp\/v2\/pages"}],"about":[{"href":"https:\/\/www.neufundlaender-vom-baerenfels.de\/index.php?rest_route=\/wp\/v2\/types\/page"}],"author":[{"embeddable":true,"href":"https:\/\/www.neufundlaender-vom-baerenfels.de\/index.php?rest_route=\/wp\/v2\/users\/1"}],"replies":[{"embeddable":true,"href":"https:\/\/www.neufundlaender-vom-baerenfels.de\/index.php?rest_route=%2Fwp%2Fv2%2Fcomments&post=10955"}],"version-history":[{"count":9,"href":"https:\/\/www.neufundlaender-vom-baerenfels.de\/index.php?rest_route=\/wp\/v2\/pages\/10955\/revisions"}],"predecessor-version":[{"id":11454,"href":"https:\/\/www.neufundlaender-vom-baerenfels.de\/index.php?rest_route=\/wp\/v2\/pages\/10955\/revisions\/11454"}],"wp:attachment":[{"href":"https:\/\/www.neufundlaender-vom-baerenfels.de\/index.php?rest_route=%2Fwp%2Fv2%2Fmedia&parent=10955"}],"curies":[{"name":"wp","href":"https:\/\/api.w.org\/{rel}","templated":true}]}}