{"id":10957,"date":"2025-04-14T09:02:43","date_gmt":"2025-04-14T07:02:43","guid":{"rendered":"https:\/\/www.neufundlaender-vom-baerenfels.de\/?page_id=10957"},"modified":"2025-06-22T14:33:42","modified_gmt":"2025-06-22T12:33:42","slug":"j-wurf-welpe-7-hellblau","status":"publish","type":"page","link":"https:\/\/www.neufundlaender-vom-baerenfels.de\/?page_id=10957","title":{"rendered":"J-Wurf Welpe 7 Hellblau"},"content":{"rendered":"\n<h2 class=\"wp-block-heading\">Janosch Boomer vom B\u00e4renfels<\/h2>\n\n\n\n<p>R\u00fcde schwarz, hellblaues B\u00e4ndchen, <br \/>geboren&nbsp; am 10.04.2025 um 17:00 Uhr, Geburtsgewicht 530 g<\/p>\n\n\n\n<p>ADKN Zuchtbuchnummer 78717<\/p>\n<p>ist ausgezogen nach Wuppertal, Nordrhein-Westfalen mit einem &#8222;\u00dcbergabegewicht von 13,4 kg.<\/p>\n\n\n<div class=\"wp-block-image\">\n<figure class=\"aligncenter size-large\"><a href=\"https:\/\/www.neufundlaender-vom-baerenfels.de\/wp-content\/uploads\/2025\/06\/7-J-Wurf-Hellblau-Ruede-schwarz-scaled.jpg\"><img loading=\"lazy\" decoding=\"async\" width=\"576\" height=\"1024\" src=\"https:\/\/www.neufundlaender-vom-baerenfels.de\/wp-content\/uploads\/2025\/06\/7-J-Wurf-Hellblau-Ruede-schwarz-576x1024.jpg\" alt=\"\" class=\"wp-image-11500\" srcset=\"https:\/\/www.neufundlaender-vom-baerenfels.de\/wp-content\/uploads\/2025\/06\/7-J-Wurf-Hellblau-Ruede-schwarz-576x1024.jpg 576w, https:\/\/www.neufundlaender-vom-baerenfels.de\/wp-content\/uploads\/2025\/06\/7-J-Wurf-Hellblau-Ruede-schwarz-169x300.jpg 169w, https:\/\/www.neufundlaender-vom-baerenfels.de\/wp-content\/uploads\/2025\/06\/7-J-Wurf-Hellblau-Ruede-schwarz-768x1365.jpg 768w, https:\/\/www.neufundlaender-vom-baerenfels.de\/wp-content\/uploads\/2025\/06\/7-J-Wurf-Hellblau-Ruede-schwarz-864x1536.jpg 864w, https:\/\/www.neufundlaender-vom-baerenfels.de\/wp-content\/uploads\/2025\/06\/7-J-Wurf-Hellblau-Ruede-schwarz-1152x2048.jpg 1152w, https:\/\/www.neufundlaender-vom-baerenfels.de\/wp-content\/uploads\/2025\/06\/7-J-Wurf-Hellblau-Ruede-schwarz-scaled.jpg 1440w\" sizes=\"auto, (max-width: 576px) 100vw, 576px\" \/><\/a><\/figure>\n<\/div>\n\n\n<p><\/p>\n\n\n<div class=\"wp-block-image\">\n<figure class=\"aligncenter size-large\"><a href=\"https:\/\/www.neufundlaender-vom-baerenfels.de\/wp-content\/uploads\/2025\/04\/Welpe-hellblau.jpg\"><img loading=\"lazy\" decoding=\"async\" width=\"1024\" height=\"576\" src=\"https:\/\/www.neufundlaender-vom-baerenfels.de\/wp-content\/uploads\/2025\/04\/Welpe-hellblau-1024x576.jpg\" alt=\"\" class=\"wp-image-10961\" srcset=\"https:\/\/www.neufundlaender-vom-baerenfels.de\/wp-content\/uploads\/2025\/04\/Welpe-hellblau-1024x576.jpg 1024w, https:\/\/www.neufundlaender-vom-baerenfels.de\/wp-content\/uploads\/2025\/04\/Welpe-hellblau-300x169.jpg 300w, https:\/\/www.neufundlaender-vom-baerenfels.de\/wp-content\/uploads\/2025\/04\/Welpe-hellblau-768x432.jpg 768w, https:\/\/www.neufundlaender-vom-baerenfels.de\/wp-content\/uploads\/2025\/04\/Welpe-hellblau-1536x864.jpg 1536w, https:\/\/www.neufundlaender-vom-baerenfels.de\/wp-content\/uploads\/2025\/04\/Welpe-hellblau.jpg 1890w\" sizes=\"auto, (max-width: 1024px) 100vw, 1024px\" \/><\/a><\/figure>\n<\/div>\n\n<div class=\"wp-block-image\">\n<figure class=\"aligncenter size-large\"><a href=\"https:\/\/www.neufundlaender-vom-baerenfels.de\/wp-content\/uploads\/2025\/04\/Osterbild-7-hellblau.jpg\"><img loading=\"lazy\" decoding=\"async\" width=\"709\" height=\"1024\" src=\"https:\/\/www.neufundlaender-vom-baerenfels.de\/wp-content\/uploads\/2025\/04\/Osterbild-7-hellblau-709x1024.jpg\" alt=\"\" class=\"wp-image-11088\" srcset=\"https:\/\/www.neufundlaender-vom-baerenfels.de\/wp-content\/uploads\/2025\/04\/Osterbild-7-hellblau-709x1024.jpg 709w, https:\/\/www.neufundlaender-vom-baerenfels.de\/wp-content\/uploads\/2025\/04\/Osterbild-7-hellblau-208x300.jpg 208w, https:\/\/www.neufundlaender-vom-baerenfels.de\/wp-content\/uploads\/2025\/04\/Osterbild-7-hellblau-768x1109.jpg 768w, https:\/\/www.neufundlaender-vom-baerenfels.de\/wp-content\/uploads\/2025\/04\/Osterbild-7-hellblau.jpg 1063w\" sizes=\"auto, (max-width: 709px) 100vw, 709px\" \/><\/a><\/figure>\n<\/div>\n\n\n<p>Hier die Teddybilder zum Gr\u00f6\u00dfenvergleich: <\/p>\n\n\n\nngg_shortcode_0_placeholder\n\n\n\n\n\n\n\n\n\n\n","protected":false},"excerpt":{"rendered":"<p>Janosch Boomer vom B\u00e4renfels R\u00fcde schwarz, hellblaues B\u00e4ndchen, geboren&nbsp; am 10.04.2025 um 17:00 Uhr, Geburtsgewicht 530 g ADKN Zuchtbuchnummer 78717 ist ausgezogen nach Wuppertal, Nordrhein-Westfalen mit einem &#8222;\u00dcbergabegewicht von 13,4 kg. Hier die Teddybilder zum Gr\u00f6\u00dfenvergleich:<\/p>\n","protected":false},"author":1,"featured_media":0,"parent":0,"menu_order":0,"comment_status":"closed","ping_status":"closed","template":"","meta":{"ngg_post_thumbnail":0,"footnotes":""},"class_list":["post-10957","page","type-page","status-publish","hentry"],"_links":{"self":[{"href":"https:\/\/www.neufundlaender-vom-baerenfels.de\/index.php?rest_route=\/wp\/v2\/pages\/10957","targetHints":{"allow":["GET"]}}],"collection":[{"href":"https:\/\/www.neufundlaender-vom-baerenfels.de\/index.php?rest_route=\/wp\/v2\/pages"}],"about":[{"href":"https:\/\/www.neufundlaender-vom-baerenfels.de\/index.php?rest_route=\/wp\/v2\/types\/page"}],"author":[{"embeddable":true,"href":"https:\/\/www.neufundlaender-vom-baerenfels.de\/index.php?rest_route=\/wp\/v2\/users\/1"}],"replies":[{"embeddable":true,"href":"https:\/\/www.neufundlaender-vom-baerenfels.de\/index.php?rest_route=%2Fwp%2Fv2%2Fcomments&post=10957"}],"version-history":[{"count":7,"href":"https:\/\/www.neufundlaender-vom-baerenfels.de\/index.php?rest_route=\/wp\/v2\/pages\/10957\/revisions"}],"predecessor-version":[{"id":11501,"href":"https:\/\/www.neufundlaender-vom-baerenfels.de\/index.php?rest_route=\/wp\/v2\/pages\/10957\/revisions\/11501"}],"wp:attachment":[{"href":"https:\/\/www.neufundlaender-vom-baerenfels.de\/index.php?rest_route=%2Fwp%2Fv2%2Fmedia&parent=10957"}],"curies":[{"name":"wp","href":"https:\/\/api.w.org\/{rel}","templated":true}]}}