{"id":1940,"date":"2013-10-11T20:08:31","date_gmt":"2013-10-11T18:08:31","guid":{"rendered":"http:\/\/www.neufundlaender-vom-baerenfels.de\/?page_id=1940"},"modified":"2013-10-13T17:24:23","modified_gmt":"2013-10-13T15:24:23","slug":"wurfabnahme","status":"publish","type":"page","link":"https:\/\/www.neufundlaender-vom-baerenfels.de\/?page_id=1940","title":{"rendered":"Wurfabnahme"},"content":{"rendered":"<p><a href=\"https:\/\/www.neufundlaender-vom-baerenfels.de\/wp-content\/uploads\/2013\/10\/Wurfabnahme2.jpg\"><img loading=\"lazy\" decoding=\"async\" class=\"alignleft size-thumbnail wp-image-1949\" alt=\"Wurfabnahme2\" src=\"https:\/\/www.neufundlaender-vom-baerenfels.de\/wp-content\/uploads\/2013\/10\/Wurfabnahme2-150x150.jpg\" width=\"150\" height=\"150\" \/><\/a>Am Sonntag, 06.10.2013 wurde es f\u00fcr uns als &#8222;Neuz\u00fcchter&#8220; spannend: Der Zuchtwart hatte sich angek\u00fcndigt, um den Wurf zu begutachten.<\/p>\n<p>Hierbei werden die Welpen auf Fehlern hin \u00fcberpr\u00fcft, die einer Eintragung ins Zuchtbuch entgegenstehen w\u00fcrden. Gleichzeitig wird kontrolliert, ob die Aufzucht im Einklang mit den Vorgaben des ADKN geschieht.<\/p>\n<p>Alles OK: 2 gesunde Welpen werden ins Zuchtbuch des ADKN eingetragen:<\/p>\n<p><a href=\"https:\/\/www.neufundlaender-vom-baerenfels.de\/wp-content\/uploads\/2013\/10\/wurfabnahme1.jpg\"><img loading=\"lazy\" decoding=\"async\" class=\"aligncenter size-full wp-image-1943\" alt=\"wurfabnahme1\" src=\"https:\/\/www.neufundlaender-vom-baerenfels.de\/wp-content\/uploads\/2013\/10\/wurfabnahme1.jpg\" width=\"1899\" height=\"3006\" srcset=\"https:\/\/www.neufundlaender-vom-baerenfels.de\/wp-content\/uploads\/2013\/10\/wurfabnahme1.jpg 1899w, https:\/\/www.neufundlaender-vom-baerenfels.de\/wp-content\/uploads\/2013\/10\/wurfabnahme1-189x300.jpg 189w, https:\/\/www.neufundlaender-vom-baerenfels.de\/wp-content\/uploads\/2013\/10\/wurfabnahme1-646x1024.jpg 646w\" sizes=\"auto, (max-width: 1899px) 100vw, 1899px\" \/><\/a><\/p>\n<p>&nbsp;<\/p>\n","protected":false},"excerpt":{"rendered":"<p>Am Sonntag, 06.10.2013 wurde es f\u00fcr uns als &#8222;Neuz\u00fcchter&#8220; spannend: Der Zuchtwart hatte sich angek\u00fcndigt, um den Wurf zu begutachten. Hierbei werden die Welpen auf Fehlern hin \u00fcberpr\u00fcft, die einer Eintragung ins Zuchtbuch entgegenstehen w\u00fcrden. Gleichzeitig wird kontrolliert, ob die Aufzucht im Einklang mit den Vorgaben des ADKN geschieht. Alles OK: 2 gesunde Welpen werden &hellip; <a href=\"https:\/\/www.neufundlaender-vom-baerenfels.de\/?page_id=1940\" class=\"more-link\"><span class=\"screen-reader-text\">Wurfabnahme<\/span> weiterlesen <span class=\"meta-nav\">&rarr;<\/span><\/a><\/p>\n","protected":false},"author":1,"featured_media":0,"parent":321,"menu_order":0,"comment_status":"closed","ping_status":"closed","template":"sidebar-page.php","meta":{"ngg_post_thumbnail":0,"footnotes":""},"class_list":["post-1940","page","type-page","status-publish","hentry"],"_links":{"self":[{"href":"https:\/\/www.neufundlaender-vom-baerenfels.de\/index.php?rest_route=\/wp\/v2\/pages\/1940","targetHints":{"allow":["GET"]}}],"collection":[{"href":"https:\/\/www.neufundlaender-vom-baerenfels.de\/index.php?rest_route=\/wp\/v2\/pages"}],"about":[{"href":"https:\/\/www.neufundlaender-vom-baerenfels.de\/index.php?rest_route=\/wp\/v2\/types\/page"}],"author":[{"embeddable":true,"href":"https:\/\/www.neufundlaender-vom-baerenfels.de\/index.php?rest_route=\/wp\/v2\/users\/1"}],"replies":[{"embeddable":true,"href":"https:\/\/www.neufundlaender-vom-baerenfels.de\/index.php?rest_route=%2Fwp%2Fv2%2Fcomments&post=1940"}],"version-history":[{"count":5,"href":"https:\/\/www.neufundlaender-vom-baerenfels.de\/index.php?rest_route=\/wp\/v2\/pages\/1940\/revisions"}],"predecessor-version":[{"id":1952,"href":"https:\/\/www.neufundlaender-vom-baerenfels.de\/index.php?rest_route=\/wp\/v2\/pages\/1940\/revisions\/1952"}],"up":[{"embeddable":true,"href":"https:\/\/www.neufundlaender-vom-baerenfels.de\/index.php?rest_route=\/wp\/v2\/pages\/321"}],"wp:attachment":[{"href":"https:\/\/www.neufundlaender-vom-baerenfels.de\/index.php?rest_route=%2Fwp%2Fv2%2Fmedia&parent=1940"}],"curies":[{"name":"wp","href":"https:\/\/api.w.org\/{rel}","templated":true}]}}