{"id":210,"date":"2012-10-13T15:45:41","date_gmt":"2012-10-13T13:45:41","guid":{"rendered":"http:\/\/rod.zwoplus.com\/?page_id=210"},"modified":"2018-03-03T10:04:48","modified_gmt":"2018-03-03T09:04:48","slug":"zwingerschutz","status":"publish","type":"page","link":"https:\/\/www.neufundlaender-vom-baerenfels.de\/?page_id=210","title":{"rendered":"Zwingerschutz"},"content":{"rendered":"<p>&nbsp;<\/p>\n<p>Am 15.09.2012 wurde der Zwingername &#8222;Vom B\u00e4renfels&#8220; im Zuchtbuch des <a title=\"Link zum ADKN\" href=\"http:\/\/www.adkn.de\/\" target=\"_blank\" rel=\"noopener\">ADKN<\/a> und des <a title=\"Link zum ERZ e.V.\" href=\"http:\/\/www.erz-ev.de\/\" target=\"_blank\" rel=\"noopener\">ERZ<\/a> gesch\u00fctzt.<br \/>\n<a href=\"https:\/\/www.neufundlaender-vom-baerenfels.de\/wp-content\/uploads\/2012\/04\/Zwingerschutzurkunde.jpg\"><img loading=\"lazy\" decoding=\"async\" class=\"alignleft wp-image-206\" src=\"https:\/\/www.neufundlaender-vom-baerenfels.de\/wp-content\/uploads\/2012\/04\/Zwingerschutzurkunde.jpg\" alt=\"Zwingerschutzurkunde\" width=\"595\" height=\"840\" srcset=\"https:\/\/www.neufundlaender-vom-baerenfels.de\/wp-content\/uploads\/2012\/04\/Zwingerschutzurkunde.jpg 595w, https:\/\/www.neufundlaender-vom-baerenfels.de\/wp-content\/uploads\/2012\/04\/Zwingerschutzurkunde-212x300.jpg 212w\" sizes=\"auto, (max-width: 595px) 100vw, 595px\" \/><\/a><\/p>\n<p><a href=\"https:\/\/www.neufundlaender-vom-baerenfels.de\/?attachment_id=44\" rel=\"attachment wp-att-44\"><img loading=\"lazy\" decoding=\"async\" class=\"alignleft size-full wp-image-44\" src=\"https:\/\/www.neufundlaender-vom-baerenfels.de\/wp-content\/uploads\/2012\/10\/Logo-B\u00e4renfels3.jpg\" alt=\"\" width=\"3886\" height=\"3879\" srcset=\"https:\/\/www.neufundlaender-vom-baerenfels.de\/wp-content\/uploads\/2012\/10\/Logo-B\u00e4renfels3.jpg 3886w, https:\/\/www.neufundlaender-vom-baerenfels.de\/wp-content\/uploads\/2012\/10\/Logo-B\u00e4renfels3-150x150.jpg 150w, https:\/\/www.neufundlaender-vom-baerenfels.de\/wp-content\/uploads\/2012\/10\/Logo-B\u00e4renfels3-300x300.jpg 300w, https:\/\/www.neufundlaender-vom-baerenfels.de\/wp-content\/uploads\/2012\/10\/Logo-B\u00e4renfels3-1024x1022.jpg 1024w\" sizes=\"auto, (max-width: 3886px) 100vw, 3886px\" \/><\/a><\/p>\n<p>Auf den Namen &#8222;B\u00e4renfels&#8220; kamen wir bei einem Spaziergang mit unserer ersten Neufundl\u00e4nderh\u00fcndin\u00a0 Janka B\u00e4r von der Spessarth\u00f6he in Haibach. Unser J\u00fcngster war mit einem Freund im Klettergarten und wir nutzten die Zeit f\u00fcr eine Gassirunde. Janka erkletterte einen Felsen. Schnell ein Foto geschossen. Hieraus entwickelte sich unser Logo und der Zwingername.<\/p>\n","protected":false},"excerpt":{"rendered":"<p>&nbsp; Am 15.09.2012 wurde der Zwingername &#8222;Vom B\u00e4renfels&#8220; im Zuchtbuch des ADKN und des ERZ gesch\u00fctzt. Auf den Namen &#8222;B\u00e4renfels&#8220; kamen wir bei einem Spaziergang mit unserer ersten Neufundl\u00e4nderh\u00fcndin\u00a0 Janka B\u00e4r von der Spessarth\u00f6he in Haibach. Unser J\u00fcngster war mit einem Freund im Klettergarten und wir nutzten die Zeit f\u00fcr eine Gassirunde. Janka erkletterte einen &hellip; <a href=\"https:\/\/www.neufundlaender-vom-baerenfels.de\/?page_id=210\" class=\"more-link\"><span class=\"screen-reader-text\">Zwingerschutz<\/span> weiterlesen <span class=\"meta-nav\">&rarr;<\/span><\/a><\/p>\n","protected":false},"author":1,"featured_media":0,"parent":8,"menu_order":30,"comment_status":"closed","ping_status":"closed","template":"","meta":{"ngg_post_thumbnail":0,"footnotes":""},"class_list":["post-210","page","type-page","status-publish","hentry"],"_links":{"self":[{"href":"https:\/\/www.neufundlaender-vom-baerenfels.de\/index.php?rest_route=\/wp\/v2\/pages\/210","targetHints":{"allow":["GET"]}}],"collection":[{"href":"https:\/\/www.neufundlaender-vom-baerenfels.de\/index.php?rest_route=\/wp\/v2\/pages"}],"about":[{"href":"https:\/\/www.neufundlaender-vom-baerenfels.de\/index.php?rest_route=\/wp\/v2\/types\/page"}],"author":[{"embeddable":true,"href":"https:\/\/www.neufundlaender-vom-baerenfels.de\/index.php?rest_route=\/wp\/v2\/users\/1"}],"replies":[{"embeddable":true,"href":"https:\/\/www.neufundlaender-vom-baerenfels.de\/index.php?rest_route=%2Fwp%2Fv2%2Fcomments&post=210"}],"version-history":[{"count":7,"href":"https:\/\/www.neufundlaender-vom-baerenfels.de\/index.php?rest_route=\/wp\/v2\/pages\/210\/revisions"}],"predecessor-version":[{"id":5812,"href":"https:\/\/www.neufundlaender-vom-baerenfels.de\/index.php?rest_route=\/wp\/v2\/pages\/210\/revisions\/5812"}],"up":[{"embeddable":true,"href":"https:\/\/www.neufundlaender-vom-baerenfels.de\/index.php?rest_route=\/wp\/v2\/pages\/8"}],"wp:attachment":[{"href":"https:\/\/www.neufundlaender-vom-baerenfels.de\/index.php?rest_route=%2Fwp%2Fv2%2Fmedia&parent=210"}],"curies":[{"name":"wp","href":"https:\/\/api.w.org\/{rel}","templated":true}]}}