{"id":2801,"date":"2014-08-02T20:49:38","date_gmt":"2014-08-02T19:49:38","guid":{"rendered":"http:\/\/www.neufundlaender-vom-baerenfels.de\/?page_id=2801"},"modified":"2015-06-21T10:48:12","modified_gmt":"2015-06-21T09:48:12","slug":"unvergessen","status":"publish","type":"page","link":"https:\/\/www.neufundlaender-vom-baerenfels.de\/?page_id=2801","title":{"rendered":"Unvergessen"},"content":{"rendered":"<p>Leider mussten wir unsere Zuchth\u00fcndin \u00a0Janka B\u00e4r von der Spessarth\u00f6he im Alter von 4 Jahren \u00fcber die Regenbogenbr\u00fccke gehen lassen.<\/p>\n<p>Sie war unsere erster Hund. Sie weckte in\u00a0uns die Liebe zu den prachtvollen Neufundl\u00e4ndern.<\/p>\n<p><a href=\"https:\/\/www.neufundlaender-vom-baerenfels.de\/wp-content\/uploads\/2014\/10\/CN9881.jpg\"><img loading=\"lazy\" decoding=\"async\" class=\"alignnone size-full wp-image-3174\" src=\"https:\/\/www.neufundlaender-vom-baerenfels.de\/wp-content\/uploads\/2014\/10\/CN9881.jpg\" alt=\"CN9881\" width=\"768\" height=\"561\" srcset=\"https:\/\/www.neufundlaender-vom-baerenfels.de\/wp-content\/uploads\/2014\/10\/CN9881.jpg 768w, https:\/\/www.neufundlaender-vom-baerenfels.de\/wp-content\/uploads\/2014\/10\/CN9881-300x219.jpg 300w\" sizes=\"auto, (max-width: 768px) 100vw, 768px\" \/><\/a><\/p>\n","protected":false},"excerpt":{"rendered":"<p>Leider mussten wir unsere Zuchth\u00fcndin \u00a0Janka B\u00e4r von der Spessarth\u00f6he im Alter von 4 Jahren \u00fcber die Regenbogenbr\u00fccke gehen lassen. Sie war unsere erster Hund. Sie weckte in\u00a0uns die Liebe zu den prachtvollen Neufundl\u00e4ndern.<\/p>\n","protected":false},"author":1,"featured_media":0,"parent":0,"menu_order":0,"comment_status":"closed","ping_status":"closed","template":"","meta":{"ngg_post_thumbnail":0,"footnotes":""},"class_list":["post-2801","page","type-page","status-publish","hentry"],"_links":{"self":[{"href":"https:\/\/www.neufundlaender-vom-baerenfels.de\/index.php?rest_route=\/wp\/v2\/pages\/2801","targetHints":{"allow":["GET"]}}],"collection":[{"href":"https:\/\/www.neufundlaender-vom-baerenfels.de\/index.php?rest_route=\/wp\/v2\/pages"}],"about":[{"href":"https:\/\/www.neufundlaender-vom-baerenfels.de\/index.php?rest_route=\/wp\/v2\/types\/page"}],"author":[{"embeddable":true,"href":"https:\/\/www.neufundlaender-vom-baerenfels.de\/index.php?rest_route=\/wp\/v2\/users\/1"}],"replies":[{"embeddable":true,"href":"https:\/\/www.neufundlaender-vom-baerenfels.de\/index.php?rest_route=%2Fwp%2Fv2%2Fcomments&post=2801"}],"version-history":[{"count":4,"href":"https:\/\/www.neufundlaender-vom-baerenfels.de\/index.php?rest_route=\/wp\/v2\/pages\/2801\/revisions"}],"predecessor-version":[{"id":3625,"href":"https:\/\/www.neufundlaender-vom-baerenfels.de\/index.php?rest_route=\/wp\/v2\/pages\/2801\/revisions\/3625"}],"wp:attachment":[{"href":"https:\/\/www.neufundlaender-vom-baerenfels.de\/index.php?rest_route=%2Fwp%2Fv2%2Fmedia&parent=2801"}],"curies":[{"name":"wp","href":"https:\/\/api.w.org\/{rel}","templated":true}]}}