{"id":338,"date":"2012-10-14T17:31:16","date_gmt":"2012-10-14T17:31:16","guid":{"rendered":"http:\/\/rod.zwoplus.com\/?page_id=338"},"modified":"2024-09-08T11:30:41","modified_gmt":"2024-09-08T09:30:41","slug":"kontakt","status":"publish","type":"page","link":"https:\/\/www.neufundlaender-vom-baerenfels.de\/?page_id=338","title":{"rendered":"Kontakt"},"content":{"rendered":"<p>Neufundl\u00e4nder vom B\u00e4renfels<br \/>\nSilvia und Roland Reis<br \/>\nSchwabenstr. 35<br \/>\n63785 Obernburg<br \/>\n06022\/7579<\/p>\n<p>Wir betreiben eine kleine Hobbyzucht mit ein bis zwei W\u00fcrfen pro Jahr.<\/p>\n<p>Aufgrund der gro\u00dfen Nachfrage haben wir unser Kontaktformular &#8222;Welpenanfrage&#8220; vor\u00fcbergehend geschlossen. Wir bitten um Verst\u00e4ndnis.<\/p>\n<p>Sie haben Fragen rund um das Thema Neufundl\u00e4nder? Dann greifen Sie zum Telefon und nehmen Kontakt zu uns auf. <a title=\"Hier geht's zu google\/maps\" href=\"https:\/\/www.google.de\/maps\/place\/Neufundl%C3%A4nder+vom+B%C3%A4renfels\/@49.838139,9.131154,17z\/data=!3m1!4b1!4m2!3m1!1s0x47bd4fe94e7ef763:0xb7fb4a8320c43eb6\" target=\"_blank\" rel=\"noopener noreferrer\"><img loading=\"lazy\" decoding=\"async\" class=\"alignleft size-full wp-image-2693\" src=\"https:\/\/www.neufundlaender-vom-baerenfels.de\/wp-content\/uploads\/2012\/10\/maps1.jpg\" alt=\"maps1\" width=\"319\" height=\"376\" srcset=\"https:\/\/www.neufundlaender-vom-baerenfels.de\/wp-content\/uploads\/2012\/10\/maps1.jpg 319w, https:\/\/www.neufundlaender-vom-baerenfels.de\/wp-content\/uploads\/2012\/10\/maps1-254x300.jpg 254w\" sizes=\"auto, (max-width: 319px) 100vw, 319px\" \/><\/a><\/p>\n<p>&nbsp;<\/p>\n<p>&nbsp;<\/p>\n<p>&nbsp;<\/p>\n","protected":false},"excerpt":{"rendered":"<p>Neufundl\u00e4nder vom B\u00e4renfels Silvia und Roland Reis Schwabenstr. 35 63785 Obernburg 06022\/7579 Wir betreiben eine kleine Hobbyzucht mit ein bis zwei W\u00fcrfen pro Jahr. Aufgrund der gro\u00dfen Nachfrage haben wir unser Kontaktformular &#8222;Welpenanfrage&#8220; vor\u00fcbergehend geschlossen. Wir bitten um Verst\u00e4ndnis. Sie haben Fragen rund um das Thema Neufundl\u00e4nder? Dann greifen Sie zum Telefon und nehmen Kontakt &hellip; <a href=\"https:\/\/www.neufundlaender-vom-baerenfels.de\/?page_id=338\" class=\"more-link\"><span class=\"screen-reader-text\">Kontakt<\/span> weiterlesen <span class=\"meta-nav\">&rarr;<\/span><\/a><\/p>\n","protected":false},"author":1,"featured_media":0,"parent":0,"menu_order":60,"comment_status":"closed","ping_status":"closed","template":"","meta":{"ngg_post_thumbnail":0,"footnotes":""},"class_list":["post-338","page","type-page","status-publish","hentry"],"_links":{"self":[{"href":"https:\/\/www.neufundlaender-vom-baerenfels.de\/index.php?rest_route=\/wp\/v2\/pages\/338","targetHints":{"allow":["GET"]}}],"collection":[{"href":"https:\/\/www.neufundlaender-vom-baerenfels.de\/index.php?rest_route=\/wp\/v2\/pages"}],"about":[{"href":"https:\/\/www.neufundlaender-vom-baerenfels.de\/index.php?rest_route=\/wp\/v2\/types\/page"}],"author":[{"embeddable":true,"href":"https:\/\/www.neufundlaender-vom-baerenfels.de\/index.php?rest_route=\/wp\/v2\/users\/1"}],"replies":[{"embeddable":true,"href":"https:\/\/www.neufundlaender-vom-baerenfels.de\/index.php?rest_route=%2Fwp%2Fv2%2Fcomments&post=338"}],"version-history":[{"count":35,"href":"https:\/\/www.neufundlaender-vom-baerenfels.de\/index.php?rest_route=\/wp\/v2\/pages\/338\/revisions"}],"predecessor-version":[{"id":10847,"href":"https:\/\/www.neufundlaender-vom-baerenfels.de\/index.php?rest_route=\/wp\/v2\/pages\/338\/revisions\/10847"}],"wp:attachment":[{"href":"https:\/\/www.neufundlaender-vom-baerenfels.de\/index.php?rest_route=%2Fwp%2Fv2%2Fmedia&parent=338"}],"curies":[{"name":"wp","href":"https:\/\/api.w.org\/{rel}","templated":true}]}}