{"id":364,"date":"2012-10-15T13:59:31","date_gmt":"2012-10-15T11:59:31","guid":{"rendered":"http:\/\/rod.zwoplus.com\/?page_id=364"},"modified":"2016-10-31T18:36:17","modified_gmt":"2016-10-31T17:36:17","slug":"geschichtliches","status":"publish","type":"page","link":"https:\/\/www.neufundlaender-vom-baerenfels.de\/?page_id=364","title":{"rendered":"Geschichtliches"},"content":{"rendered":"<p>Neufundland, eine Atlantikinsel, vorgelagert der Nordk\u00fcste von Amerika, ist die urspr\u00fcngliche Heimat des Neufundl\u00e4nders.<\/p>\n<p>Bereits aus dem 15. Jahrhundert sind \u00dcberlieferungen bekannt, die vom rauhen Klima, langen nebeligen, langen und eisigen Wintern und von den Ureinwohnern, den Micmac- und Beothuk-Indianer berichten, die besonders widerstandsf\u00e4hige Begleitern mit vier Pfoten hatten. Beim Fischfang, bei der Jagd, aber auch beim Ziehen von Schlitten wurden die Wetterfestigkeit und die Ausdauer der Hunde gesch\u00e4tzt.<\/p>\n<p>Vermutungen zufolge waren bei der Entstehung des Neufundl\u00e4nders europ\u00e4ische Hunde beteiligt, die von Fischern auf die Insel gebracht wurden und sich mit den Hunden der Ureinwohnern vermischten.<\/p>\n<p>Aufgrund des gro\u00dfen Fischreichtums zog es Fischer aus aller Welt vor den K\u00fcsten Neufundlands und der wei\u00dfen Mann bev\u00f6lkerte Neufundland. Die kr\u00e4ftigen, massiven Hunde mit gut bemuskelten K\u00f6rpern, dichtem und wasserabweisendem Fell mit starker Unterwolle dienten den Fischern auf Neufundland als Arbeitstiere. Sie zogen Netze an Land und aufgrund des angeborenen Rettungstriebs und seiner au\u00dferordentlichen Schwimmleistungen wurde so manches Boot von den Hunden an Land gezogen.<\/p>\n<p>Seefahrer brachten die Hunde mit nach England.<\/p>\n<p>Weitere Infos auf der Homepage des <a title=\"N\u00e4heres\" href=\"http:\/\/www.adkn.de\/index.htm?name=http:\/\/www.adkn.de\/neufi.htm\" target=\"_blank\">ADKN e.V.<\/a><\/p>\n","protected":false},"excerpt":{"rendered":"<p>Neufundland, eine Atlantikinsel, vorgelagert der Nordk\u00fcste von Amerika, ist die urspr\u00fcngliche Heimat des Neufundl\u00e4nders. Bereits aus dem 15. Jahrhundert sind \u00dcberlieferungen bekannt, die vom rauhen Klima, langen nebeligen, langen und eisigen Wintern und von den Ureinwohnern, den Micmac- und Beothuk-Indianer berichten, die besonders widerstandsf\u00e4hige Begleitern mit vier Pfoten hatten. Beim Fischfang, bei der Jagd, aber &hellip; <a href=\"https:\/\/www.neufundlaender-vom-baerenfels.de\/?page_id=364\" class=\"more-link\"><span class=\"screen-reader-text\">Geschichtliches<\/span> weiterlesen <span class=\"meta-nav\">&rarr;<\/span><\/a><\/p>\n","protected":false},"author":1,"featured_media":0,"parent":286,"menu_order":10,"comment_status":"closed","ping_status":"closed","template":"","meta":{"ngg_post_thumbnail":0,"footnotes":""},"class_list":["post-364","page","type-page","status-publish","hentry"],"_links":{"self":[{"href":"https:\/\/www.neufundlaender-vom-baerenfels.de\/index.php?rest_route=\/wp\/v2\/pages\/364","targetHints":{"allow":["GET"]}}],"collection":[{"href":"https:\/\/www.neufundlaender-vom-baerenfels.de\/index.php?rest_route=\/wp\/v2\/pages"}],"about":[{"href":"https:\/\/www.neufundlaender-vom-baerenfels.de\/index.php?rest_route=\/wp\/v2\/types\/page"}],"author":[{"embeddable":true,"href":"https:\/\/www.neufundlaender-vom-baerenfels.de\/index.php?rest_route=\/wp\/v2\/users\/1"}],"replies":[{"embeddable":true,"href":"https:\/\/www.neufundlaender-vom-baerenfels.de\/index.php?rest_route=%2Fwp%2Fv2%2Fcomments&post=364"}],"version-history":[{"count":6,"href":"https:\/\/www.neufundlaender-vom-baerenfels.de\/index.php?rest_route=\/wp\/v2\/pages\/364\/revisions"}],"predecessor-version":[{"id":4717,"href":"https:\/\/www.neufundlaender-vom-baerenfels.de\/index.php?rest_route=\/wp\/v2\/pages\/364\/revisions\/4717"}],"up":[{"embeddable":true,"href":"https:\/\/www.neufundlaender-vom-baerenfels.de\/index.php?rest_route=\/wp\/v2\/pages\/286"}],"wp:attachment":[{"href":"https:\/\/www.neufundlaender-vom-baerenfels.de\/index.php?rest_route=%2Fwp%2Fv2%2Fmedia&parent=364"}],"curies":[{"name":"wp","href":"https:\/\/api.w.org\/{rel}","templated":true}]}}