{"id":367,"date":"2012-10-15T14:10:47","date_gmt":"2012-10-15T13:10:47","guid":{"rendered":"http:\/\/rod.zwoplus.com\/?page_id=367"},"modified":"2013-04-20T19:41:12","modified_gmt":"2013-04-20T18:41:12","slug":"beschreibung","status":"publish","type":"page","link":"https:\/\/www.neufundlaender-vom-baerenfels.de\/?page_id=367","title":{"rendered":"Beschreibung"},"content":{"rendered":"<p>Der Neufundl\u00e4nder besitzt ein liebensw\u00fcrdiges und freundliches Wesen. Er ist ruhig und ausgeglichen und ist bei entsprechender Erziehung der ideale Familienhund. Er braucht unbedingt Familienanschluss, ohne den sein wundervolles Wesen verk\u00fcmmert. Daher ist f\u00fcr den sanften Riesen Zwingerhaltung absolut tabu. Er ist kein &#8222;Sch\u00f6nwetterhund&#8220;.\u00a0 Er liebt auch Spazierg\u00e4nge im Regen und Schnee. Man sollte ein gewisses Ma\u00df an Toleranz gegen\u00fcber Schmutz und Hundehaaren mitbringen.<\/p>\n<p>Trotz seiner m\u00e4chtigen Erscheinung bewegt er sich elegant und kraftvoll. Er liebt das Wasser und wird aufgrund seiner angeborenen Apportierfreude oft als Wasserrettungshund eingesetzt.<\/p>\n<p>Sein Fell erfordert ein gewisses Ma\u00df an Pflege, wie bei jedem langhaarigen Hund.<\/p>\n<p>Nach FCI Standart sind die Farben schwarz, weiss-schwarz und braun erlaubt.<\/p>\n<p>Weiter Infos zu Haltung und Pflege unter der Homepage des <a title=\"N\u00e4heres\" href=\"http:\/\/www.adkn.de\/index.htm?name=http:\/\/www.adkn.de\/haltung.htm\" target=\"_blank\">ADKN e.V.<\/a><\/p>\n","protected":false},"excerpt":{"rendered":"<p>Der Neufundl\u00e4nder besitzt ein liebensw\u00fcrdiges und freundliches Wesen. Er ist ruhig und ausgeglichen und ist bei entsprechender Erziehung der ideale Familienhund. Er braucht unbedingt Familienanschluss, ohne den sein wundervolles Wesen verk\u00fcmmert. Daher ist f\u00fcr den sanften Riesen Zwingerhaltung absolut tabu. Er ist kein &#8222;Sch\u00f6nwetterhund&#8220;.\u00a0 Er liebt auch Spazierg\u00e4nge im Regen und Schnee. Man sollte ein &hellip; <a href=\"https:\/\/www.neufundlaender-vom-baerenfels.de\/?page_id=367\" class=\"more-link\"><span class=\"screen-reader-text\">Beschreibung<\/span> weiterlesen <span class=\"meta-nav\">&rarr;<\/span><\/a><\/p>\n","protected":false},"author":1,"featured_media":0,"parent":286,"menu_order":20,"comment_status":"closed","ping_status":"closed","template":"","meta":{"ngg_post_thumbnail":0,"footnotes":""},"class_list":["post-367","page","type-page","status-publish","hentry"],"_links":{"self":[{"href":"https:\/\/www.neufundlaender-vom-baerenfels.de\/index.php?rest_route=\/wp\/v2\/pages\/367","targetHints":{"allow":["GET"]}}],"collection":[{"href":"https:\/\/www.neufundlaender-vom-baerenfels.de\/index.php?rest_route=\/wp\/v2\/pages"}],"about":[{"href":"https:\/\/www.neufundlaender-vom-baerenfels.de\/index.php?rest_route=\/wp\/v2\/types\/page"}],"author":[{"embeddable":true,"href":"https:\/\/www.neufundlaender-vom-baerenfels.de\/index.php?rest_route=\/wp\/v2\/users\/1"}],"replies":[{"embeddable":true,"href":"https:\/\/www.neufundlaender-vom-baerenfels.de\/index.php?rest_route=%2Fwp%2Fv2%2Fcomments&post=367"}],"version-history":[{"count":3,"href":"https:\/\/www.neufundlaender-vom-baerenfels.de\/index.php?rest_route=\/wp\/v2\/pages\/367\/revisions"}],"predecessor-version":[{"id":862,"href":"https:\/\/www.neufundlaender-vom-baerenfels.de\/index.php?rest_route=\/wp\/v2\/pages\/367\/revisions\/862"}],"up":[{"embeddable":true,"href":"https:\/\/www.neufundlaender-vom-baerenfels.de\/index.php?rest_route=\/wp\/v2\/pages\/286"}],"wp:attachment":[{"href":"https:\/\/www.neufundlaender-vom-baerenfels.de\/index.php?rest_route=%2Fwp%2Fv2%2Fmedia&parent=367"}],"curies":[{"name":"wp","href":"https:\/\/api.w.org\/{rel}","templated":true}]}}