{"id":398,"date":"2012-10-16T17:15:32","date_gmt":"2012-10-16T15:15:32","guid":{"rendered":"http:\/\/rod.zwoplus.com\/?page_id=398"},"modified":"2013-10-28T23:00:18","modified_gmt":"2013-10-28T21:00:18","slug":"unser-zuchtziel","status":"publish","type":"page","link":"https:\/\/www.neufundlaender-vom-baerenfels.de\/?page_id=398","title":{"rendered":"Unser Zuchtziel"},"content":{"rendered":"<p>Wir legen Wert auf ausgeglichene, wesensstarke und familienfreundliche Hunde, die trotz ihres kr\u00e4ftigen K\u00f6rperbaus gesund, agil und lauffreudig sind.<\/p>\n<p>Unsere Welpen starten ihr Dasein bei uns im Haus in der Wurfkiste mit Familienanschluss. Ab der 4. Woche geht es auf die \u00fcberdachte Terrasse mit Anschluss in den Garten und Auslauf im Gr\u00fcnen. Hier lernen sie spielerisch verschiedene Alltagsgegenst\u00e4nde kennen und haben Kontakt zu anderen Hunden, Katzen und weiteren Haustieren. Au\u00dferdem tolerieren wir gartengestalterische Eingriffe durch die gro\u00dfen und kleinen B\u00e4ren.<\/p>\n","protected":false},"excerpt":{"rendered":"<p>Wir legen Wert auf ausgeglichene, wesensstarke und familienfreundliche Hunde, die trotz ihres kr\u00e4ftigen K\u00f6rperbaus gesund, agil und lauffreudig sind. Unsere Welpen starten ihr Dasein bei uns im Haus in der Wurfkiste mit Familienanschluss. Ab der 4. Woche geht es auf die \u00fcberdachte Terrasse mit Anschluss in den Garten und Auslauf im Gr\u00fcnen. Hier lernen sie &hellip; <a href=\"https:\/\/www.neufundlaender-vom-baerenfels.de\/?page_id=398\" class=\"more-link\"><span class=\"screen-reader-text\">Unser Zuchtziel<\/span> weiterlesen <span class=\"meta-nav\">&rarr;<\/span><\/a><\/p>\n","protected":false},"author":1,"featured_media":0,"parent":8,"menu_order":10,"comment_status":"closed","ping_status":"closed","template":"sidebar-page.php","meta":{"ngg_post_thumbnail":0,"footnotes":""},"class_list":["post-398","page","type-page","status-publish","hentry"],"_links":{"self":[{"href":"https:\/\/www.neufundlaender-vom-baerenfels.de\/index.php?rest_route=\/wp\/v2\/pages\/398","targetHints":{"allow":["GET"]}}],"collection":[{"href":"https:\/\/www.neufundlaender-vom-baerenfels.de\/index.php?rest_route=\/wp\/v2\/pages"}],"about":[{"href":"https:\/\/www.neufundlaender-vom-baerenfels.de\/index.php?rest_route=\/wp\/v2\/types\/page"}],"author":[{"embeddable":true,"href":"https:\/\/www.neufundlaender-vom-baerenfels.de\/index.php?rest_route=\/wp\/v2\/users\/1"}],"replies":[{"embeddable":true,"href":"https:\/\/www.neufundlaender-vom-baerenfels.de\/index.php?rest_route=%2Fwp%2Fv2%2Fcomments&post=398"}],"version-history":[{"count":5,"href":"https:\/\/www.neufundlaender-vom-baerenfels.de\/index.php?rest_route=\/wp\/v2\/pages\/398\/revisions"}],"predecessor-version":[{"id":2074,"href":"https:\/\/www.neufundlaender-vom-baerenfels.de\/index.php?rest_route=\/wp\/v2\/pages\/398\/revisions\/2074"}],"up":[{"embeddable":true,"href":"https:\/\/www.neufundlaender-vom-baerenfels.de\/index.php?rest_route=\/wp\/v2\/pages\/8"}],"wp:attachment":[{"href":"https:\/\/www.neufundlaender-vom-baerenfels.de\/index.php?rest_route=%2Fwp%2Fv2%2Fmedia&parent=398"}],"curies":[{"name":"wp","href":"https:\/\/api.w.org\/{rel}","templated":true}]}}