{"id":4121,"date":"2016-03-25T10:33:37","date_gmt":"2016-03-25T09:33:37","guid":{"rendered":"http:\/\/www.neufundlaender-vom-baerenfels.de\/?page_id=4121"},"modified":"2019-09-04T18:03:45","modified_gmt":"2019-09-04T17:03:45","slug":"zuchtrueden","status":"publish","type":"page","link":"https:\/\/www.neufundlaender-vom-baerenfels.de\/?page_id=4121","title":{"rendered":"Deckr\u00fcden"},"content":{"rendered":"\n<p>Unsere beiden Neufundl\u00e4nderr\u00fcden Anton und Alfred vom B\u00e4renfels wurden am 13.03.2016 zur Zuchttauglichkeitspr\u00fcfung vorgestellt.<\/p>\n\n\n\n<h1 class=\"wp-block-heading\">Anton vom B\u00e4renfels,<\/h1>\n\n\n\n<p>geboren am 06.08.2013, ein sportlicher schwarzer Neufundl\u00e4nder SrB,&nbsp; wartet nun auf h\u00fcbsche schwarze oder braune Neufundl\u00e4nderdamen:<\/p>\n\n\n\n<figure class=\"wp-block-image\"><img loading=\"lazy\" decoding=\"async\" width=\"713\" height=\"1024\" src=\"https:\/\/www.neufundlaender-vom-baerenfels.de\/wp-content\/uploads\/2019\/03\/Anton-Neufi-News-001-713x1024.jpg\" alt=\"\" class=\"wp-image-6982\" srcset=\"https:\/\/www.neufundlaender-vom-baerenfels.de\/wp-content\/uploads\/2019\/03\/Anton-Neufi-News-001-713x1024.jpg 713w, https:\/\/www.neufundlaender-vom-baerenfels.de\/wp-content\/uploads\/2019\/03\/Anton-Neufi-News-001-209x300.jpg 209w, https:\/\/www.neufundlaender-vom-baerenfels.de\/wp-content\/uploads\/2019\/03\/Anton-Neufi-News-001-768x1103.jpg 768w\" sizes=\"auto, (max-width: 713px) 100vw, 713px\" \/><\/figure>\n\n\n<p>&nbsp;<\/p>\n<p><a href=\"https:\/\/www.neufundlaender-vom-baerenfels.de\/?attachment_id=4762\" rel=\"attachment wp-att-4762\"><img loading=\"lazy\" decoding=\"async\" class=\"alignright wp-image-4762 size-full\" src=\"https:\/\/www.neufundlaender-vom-baerenfels.de\/wp-content\/uploads\/2016\/03\/Anton-liegend.jpg\" alt=\"anton-liegend\" width=\"3968\" height=\"2232\" srcset=\"https:\/\/www.neufundlaender-vom-baerenfels.de\/wp-content\/uploads\/2016\/03\/Anton-liegend.jpg 3968w, https:\/\/www.neufundlaender-vom-baerenfels.de\/wp-content\/uploads\/2016\/03\/Anton-liegend-300x169.jpg 300w, https:\/\/www.neufundlaender-vom-baerenfels.de\/wp-content\/uploads\/2016\/03\/Anton-liegend-768x432.jpg 768w, https:\/\/www.neufundlaender-vom-baerenfels.de\/wp-content\/uploads\/2016\/03\/Anton-liegend-1024x576.jpg 1024w\" sizes=\"auto, (max-width: 3968px) 100vw, 3968px\" \/><\/a>HD A1<br \/>ED +\/-<br \/>Ausgewertet am 28.02.2016 von PD Dr. K. F. Gerlach, Berlin<br \/>Cyst.: V\/M erbgesund<\/p>\n<p>&nbsp;<\/p>\n<p>Weitere Infos: <a href=\"http:\/\/anton.neufundlaender-vom-baerenfels.de\" target=\"_blank\" rel=\"noopener noreferrer\">http:\/\/anton.neufundlaender-vom-baerenfels.de<\/a><\/p>\n\n\n<p>Anton vom B\u00e4renfels ist regelm\u00e4\u00dfig auf Ausstellungen zu sehen und kann hier doch schon  einige Erfolge verbuchen:<\/p>\n\n\n\n<p>Im Jahre 2019 hat Anton seinen Erfolge durch das internationale Championat vervollst\u00e4ndigt:<\/p>\n\n\n\n<figure class=\"wp-block-image\"><img loading=\"lazy\" decoding=\"async\" width=\"741\" height=\"1024\" src=\"https:\/\/www.neufundlaender-vom-baerenfels.de\/wp-content\/uploads\/2019\/02\/Anton-Internationaler-Champion-741x1024.jpg\" alt=\"\" class=\"wp-image-6882\" srcset=\"https:\/\/www.neufundlaender-vom-baerenfels.de\/wp-content\/uploads\/2019\/02\/Anton-Internationaler-Champion-741x1024.jpg 741w, https:\/\/www.neufundlaender-vom-baerenfels.de\/wp-content\/uploads\/2019\/02\/Anton-Internationaler-Champion-217x300.jpg 217w, https:\/\/www.neufundlaender-vom-baerenfels.de\/wp-content\/uploads\/2019\/02\/Anton-Internationaler-Champion-768x1061.jpg 768w\" sizes=\"auto, (max-width: 741px) 100vw, 741px\" \/><\/figure>\n\n\n\n<p>Eine weitere Auszeichnung, und zwar den <strong>&#8222;OSKAR IN BRONZE&#8220;\u00a0<\/strong>wurde\u00a0vom\u00a0ERZ\u00a0e.V.\u00a0\u00a0im Mai\u00a02017\u00a0verliehen,\u00a0nachdem\u00a0Anton\u00a0vom\u00a0B\u00e4renfels <br \/>im Zeitraum September 2014 bis September 2016 bei drei ERZ-Ausstellungen den Gruppensieg erringen konnte. Gruppensieg bedeutet, dass Anton vom B\u00e4renfels vom Richtergremium bei der Ausstellung zum sch\u00f6nsten R\u00fcden aller Rassen \u00fcber 45 cm Schulterh\u00f6he gew\u00e4hlt wurde.<\/p>\n\n\n\n<figure class=\"wp-block-image\"><img decoding=\"async\" src=\"https:\/\/www.neufundlaender-vom-baerenfels.de\/wp-content\/uploads\/2018\/12\/Anton-Oskarurkunde-738x1024.jpg\" alt=\"\" class=\"wp-image-6029\"\/><\/figure>\n\n\n\n<p>Im Zeitraum von Oktober 2015 bis Oktober 2016 hatte er die Anwartschaftskarten f\u00fcr de<strong>n Nationalen ERZ-Champio<\/strong>n gesammelt, in dem er dreimal in der gemeldeten Klasse den ersten Platz errang:<\/p>\n\n\n\n<figure class=\"wp-block-image\"><img loading=\"lazy\" decoding=\"async\" width=\"716\" height=\"1024\" src=\"https:\/\/www.neufundlaender-vom-baerenfels.de\/wp-content\/uploads\/2017\/03\/Championatsurkunde-Anton-716x1024.jpg\" alt=\"\" class=\"wp-image-4842\" srcset=\"https:\/\/www.neufundlaender-vom-baerenfels.de\/wp-content\/uploads\/2017\/03\/Championatsurkunde-Anton-716x1024.jpg 716w, https:\/\/www.neufundlaender-vom-baerenfels.de\/wp-content\/uploads\/2017\/03\/Championatsurkunde-Anton-210x300.jpg 210w, https:\/\/www.neufundlaender-vom-baerenfels.de\/wp-content\/uploads\/2017\/03\/Championatsurkunde-Anton-768x1098.jpg 768w\" sizes=\"auto, (max-width: 716px) 100vw, 716px\" \/><\/figure>\n\n\n\n<h2 class=\"wp-block-heading\">Alfred vom B\u00e4renfels,<\/h2>\n\n\n\n<p>geboren am 06.08.2013, ein ausgeglichener brauner Neufundl\u00e4nder-R\u00fcde, steht derzeit nicht f\u00fcr Deckeins\u00e4tze zur Verf\u00fcgung<br \/><\/p>\n\n\n\n<figure class=\"wp-block-image\"><a href=\"https:\/\/www.neufundlaender-vom-baerenfels.de\/?attachment_id=4146\"><img loading=\"lazy\" decoding=\"async\" width=\"1024\" height=\"709\" src=\"https:\/\/www.neufundlaender-vom-baerenfels.de\/wp-content\/uploads\/2016\/03\/Alfred-1024x709.jpg\" alt=\"Alfred\" class=\"wp-image-4146\" srcset=\"https:\/\/www.neufundlaender-vom-baerenfels.de\/wp-content\/uploads\/2016\/03\/Alfred-1024x709.jpg 1024w, https:\/\/www.neufundlaender-vom-baerenfels.de\/wp-content\/uploads\/2016\/03\/Alfred-300x208.jpg 300w, https:\/\/www.neufundlaender-vom-baerenfels.de\/wp-content\/uploads\/2016\/03\/Alfred-768x532.jpg 768w, https:\/\/www.neufundlaender-vom-baerenfels.de\/wp-content\/uploads\/2016\/03\/Alfred.jpg 1535w\" sizes=\"auto, (max-width: 1024px) 100vw, 1024px\" \/><\/a><\/figure>\n\n\n\n<p>HD A1<br \/>ED 0<br \/>Ausgewertet am 28.02.2016 von PD Dr. K. F. Gerlach, Berlin<br \/>Cyst.: V\/M erbgesund<\/p>\n","protected":false},"excerpt":{"rendered":"<p>Unsere beiden Neufundl\u00e4nderr\u00fcden Anton und Alfred vom B\u00e4renfels wurden am 13.03.2016 zur Zuchttauglichkeitspr\u00fcfung vorgestellt. Anton vom B\u00e4renfels, geboren am 06.08.2013, ein sportlicher schwarzer Neufundl\u00e4nder SrB,&nbsp; wartet nun auf h\u00fcbsche schwarze oder braune Neufundl\u00e4nderdamen: &nbsp; HD A1ED +\/-Ausgewertet am 28.02.2016 von PD Dr. K. F. Gerlach, BerlinCyst.: V\/M erbgesund &nbsp; Weitere Infos: http:\/\/anton.neufundlaender-vom-baerenfels.de Anton vom B\u00e4renfels &hellip; <a href=\"https:\/\/www.neufundlaender-vom-baerenfels.de\/?page_id=4121\" class=\"more-link\"><span class=\"screen-reader-text\">Deckr\u00fcden<\/span> weiterlesen <span class=\"meta-nav\">&rarr;<\/span><\/a><\/p>\n","protected":false},"author":1,"featured_media":0,"parent":0,"menu_order":0,"comment_status":"closed","ping_status":"closed","template":"","meta":{"ngg_post_thumbnail":0,"footnotes":""},"class_list":["post-4121","page","type-page","status-publish","hentry"],"_links":{"self":[{"href":"https:\/\/www.neufundlaender-vom-baerenfels.de\/index.php?rest_route=\/wp\/v2\/pages\/4121","targetHints":{"allow":["GET"]}}],"collection":[{"href":"https:\/\/www.neufundlaender-vom-baerenfels.de\/index.php?rest_route=\/wp\/v2\/pages"}],"about":[{"href":"https:\/\/www.neufundlaender-vom-baerenfels.de\/index.php?rest_route=\/wp\/v2\/types\/page"}],"author":[{"embeddable":true,"href":"https:\/\/www.neufundlaender-vom-baerenfels.de\/index.php?rest_route=\/wp\/v2\/users\/1"}],"replies":[{"embeddable":true,"href":"https:\/\/www.neufundlaender-vom-baerenfels.de\/index.php?rest_route=%2Fwp%2Fv2%2Fcomments&post=4121"}],"version-history":[{"count":16,"href":"https:\/\/www.neufundlaender-vom-baerenfels.de\/index.php?rest_route=\/wp\/v2\/pages\/4121\/revisions"}],"predecessor-version":[{"id":7115,"href":"https:\/\/www.neufundlaender-vom-baerenfels.de\/index.php?rest_route=\/wp\/v2\/pages\/4121\/revisions\/7115"}],"wp:attachment":[{"href":"https:\/\/www.neufundlaender-vom-baerenfels.de\/index.php?rest_route=%2Fwp%2Fv2%2Fmedia&parent=4121"}],"curies":[{"name":"wp","href":"https:\/\/api.w.org\/{rel}","templated":true}]}}