{"id":5057,"date":"2017-07-02T12:10:02","date_gmt":"2017-07-02T11:10:02","guid":{"rendered":"http:\/\/www.neufundlaender-vom-baerenfels.de\/?page_id=5057"},"modified":"2017-11-12T19:34:49","modified_gmt":"2017-11-12T18:34:49","slug":"welpe-3-gruen","status":"publish","type":"page","link":"https:\/\/www.neufundlaender-vom-baerenfels.de\/?page_id=5057","title":{"rendered":"Welpe 3 Gr\u00fcn"},"content":{"rendered":"<p>R\u00fcde braun, gr\u00fcnes B\u00e4ndchen<br \/>\ngeboren am 21.06.2017 um 20:18 Uhr<br \/>\nGeburtsgewicht: 550 g<\/p>\n<h1>Carlos vom B\u00e4renfels<\/h1>\n<p>ist umgezogen am 05.09.2017 nach Bayern, Landkreis Neumarkt in der Oberpfalz<\/p>\n<p>mit einem &#8222;\u00dcbergabegewicht&#8220; von 11,5 kg.<a href=\"https:\/\/www.neufundlaender-vom-baerenfels.de\/?attachment_id=5561\" target=\"_blank\" rel=\"attachment wp-att-5561 noopener\"><img loading=\"lazy\" decoding=\"async\" class=\"aligncenter wp-image-5561\" src=\"https:\/\/www.neufundlaender-vom-baerenfels.de\/wp-content\/uploads\/2017\/07\/Welpe-3-Polster-R\u00fcde-gr\u00fcn.jpg\" alt=\"\" width=\"900\" height=\"1300\" srcset=\"https:\/\/www.neufundlaender-vom-baerenfels.de\/wp-content\/uploads\/2017\/07\/Welpe-3-Polster-R\u00fcde-gr\u00fcn.jpg 1063w, https:\/\/www.neufundlaender-vom-baerenfels.de\/wp-content\/uploads\/2017\/07\/Welpe-3-Polster-R\u00fcde-gr\u00fcn-208x300.jpg 208w, https:\/\/www.neufundlaender-vom-baerenfels.de\/wp-content\/uploads\/2017\/07\/Welpe-3-Polster-R\u00fcde-gr\u00fcn-768x1109.jpg 768w, https:\/\/www.neufundlaender-vom-baerenfels.de\/wp-content\/uploads\/2017\/07\/Welpe-3-Polster-R\u00fcde-gr\u00fcn-709x1024.jpg 709w\" sizes=\"auto, (max-width: 900px) 100vw, 900px\" \/><\/a><\/p>\n<div id='gallery-1' class='gallery galleryid-5057 gallery-columns-3 gallery-size-full'><figure class='gallery-item'>\n\t\t\t<div class='gallery-icon portrait'>\n\t\t\t\t<a href='https:\/\/www.neufundlaender-vom-baerenfels.de\/?attachment_id=4956'><img loading=\"lazy\" decoding=\"async\" width=\"1063\" height=\"1535\" src=\"https:\/\/www.neufundlaender-vom-baerenfels.de\/wp-content\/uploads\/2017\/06\/Teddybild-3-RG-240617.jpg\" class=\"attachment-full size-full\" alt=\"\" srcset=\"https:\/\/www.neufundlaender-vom-baerenfels.de\/wp-content\/uploads\/2017\/06\/Teddybild-3-RG-240617.jpg 1063w, https:\/\/www.neufundlaender-vom-baerenfels.de\/wp-content\/uploads\/2017\/06\/Teddybild-3-RG-240617-208x300.jpg 208w, https:\/\/www.neufundlaender-vom-baerenfels.de\/wp-content\/uploads\/2017\/06\/Teddybild-3-RG-240617-768x1109.jpg 768w, https:\/\/www.neufundlaender-vom-baerenfels.de\/wp-content\/uploads\/2017\/06\/Teddybild-3-RG-240617-709x1024.jpg 709w\" sizes=\"auto, (max-width: 1063px) 100vw, 1063px\" \/><\/a>\n\t\t\t<\/div><\/figure><figure class='gallery-item'>\n\t\t\t<div class='gallery-icon portrait'>\n\t\t\t\t<a href='https:\/\/www.neufundlaender-vom-baerenfels.de\/?attachment_id=4991'><img loading=\"lazy\" decoding=\"async\" width=\"1063\" height=\"1535\" src=\"https:\/\/www.neufundlaender-vom-baerenfels.de\/wp-content\/uploads\/2017\/06\/Teddybild-3-RG-010717.jpg\" class=\"attachment-full size-full\" alt=\"\" srcset=\"https:\/\/www.neufundlaender-vom-baerenfels.de\/wp-content\/uploads\/2017\/06\/Teddybild-3-RG-010717.jpg 1063w, https:\/\/www.neufundlaender-vom-baerenfels.de\/wp-content\/uploads\/2017\/06\/Teddybild-3-RG-010717-208x300.jpg 208w, https:\/\/www.neufundlaender-vom-baerenfels.de\/wp-content\/uploads\/2017\/06\/Teddybild-3-RG-010717-768x1109.jpg 768w, https:\/\/www.neufundlaender-vom-baerenfels.de\/wp-content\/uploads\/2017\/06\/Teddybild-3-RG-010717-709x1024.jpg 709w\" sizes=\"auto, (max-width: 1063px) 100vw, 1063px\" \/><\/a>\n\t\t\t<\/div><\/figure><figure class='gallery-item'>\n\t\t\t<div class='gallery-icon portrait'>\n\t\t\t\t<a href='https:\/\/www.neufundlaender-vom-baerenfels.de\/?attachment_id=5150'><img loading=\"lazy\" decoding=\"async\" width=\"1063\" height=\"1535\" src=\"https:\/\/www.neufundlaender-vom-baerenfels.de\/wp-content\/uploads\/2017\/06\/Teddybild-3-RG-080717.jpg\" class=\"attachment-full size-full\" alt=\"\" srcset=\"https:\/\/www.neufundlaender-vom-baerenfels.de\/wp-content\/uploads\/2017\/06\/Teddybild-3-RG-080717.jpg 1063w, https:\/\/www.neufundlaender-vom-baerenfels.de\/wp-content\/uploads\/2017\/06\/Teddybild-3-RG-080717-208x300.jpg 208w, https:\/\/www.neufundlaender-vom-baerenfels.de\/wp-content\/uploads\/2017\/06\/Teddybild-3-RG-080717-768x1109.jpg 768w, https:\/\/www.neufundlaender-vom-baerenfels.de\/wp-content\/uploads\/2017\/06\/Teddybild-3-RG-080717-709x1024.jpg 709w\" sizes=\"auto, (max-width: 1063px) 100vw, 1063px\" \/><\/a>\n\t\t\t<\/div><\/figure><figure class='gallery-item'>\n\t\t\t<div class='gallery-icon portrait'>\n\t\t\t\t<a href='https:\/\/www.neufundlaender-vom-baerenfels.de\/?attachment_id=5194'><img loading=\"lazy\" decoding=\"async\" width=\"1063\" height=\"1535\" src=\"https:\/\/www.neufundlaender-vom-baerenfels.de\/wp-content\/uploads\/2017\/06\/Teddybild-3-RG-150717.jpg\" class=\"attachment-full size-full\" alt=\"\" srcset=\"https:\/\/www.neufundlaender-vom-baerenfels.de\/wp-content\/uploads\/2017\/06\/Teddybild-3-RG-150717.jpg 1063w, https:\/\/www.neufundlaender-vom-baerenfels.de\/wp-content\/uploads\/2017\/06\/Teddybild-3-RG-150717-208x300.jpg 208w, https:\/\/www.neufundlaender-vom-baerenfels.de\/wp-content\/uploads\/2017\/06\/Teddybild-3-RG-150717-768x1109.jpg 768w, https:\/\/www.neufundlaender-vom-baerenfels.de\/wp-content\/uploads\/2017\/06\/Teddybild-3-RG-150717-709x1024.jpg 709w\" sizes=\"auto, (max-width: 1063px) 100vw, 1063px\" \/><\/a>\n\t\t\t<\/div><\/figure><figure class='gallery-item'>\n\t\t\t<div class='gallery-icon portrait'>\n\t\t\t\t<a href='https:\/\/www.neufundlaender-vom-baerenfels.de\/?attachment_id=5279'><img loading=\"lazy\" decoding=\"async\" width=\"1063\" height=\"1535\" src=\"https:\/\/www.neufundlaender-vom-baerenfels.de\/wp-content\/uploads\/2017\/06\/Teddybild-3-RG-220717.jpg\" class=\"attachment-full size-full\" alt=\"\" srcset=\"https:\/\/www.neufundlaender-vom-baerenfels.de\/wp-content\/uploads\/2017\/06\/Teddybild-3-RG-220717.jpg 1063w, https:\/\/www.neufundlaender-vom-baerenfels.de\/wp-content\/uploads\/2017\/06\/Teddybild-3-RG-220717-208x300.jpg 208w, https:\/\/www.neufundlaender-vom-baerenfels.de\/wp-content\/uploads\/2017\/06\/Teddybild-3-RG-220717-768x1109.jpg 768w, https:\/\/www.neufundlaender-vom-baerenfels.de\/wp-content\/uploads\/2017\/06\/Teddybild-3-RG-220717-709x1024.jpg 709w\" sizes=\"auto, (max-width: 1063px) 100vw, 1063px\" \/><\/a>\n\t\t\t<\/div><\/figure><figure class='gallery-item'>\n\t\t\t<div class='gallery-icon portrait'>\n\t\t\t\t<a href='https:\/\/www.neufundlaender-vom-baerenfels.de\/?attachment_id=5324'><img loading=\"lazy\" decoding=\"async\" width=\"1063\" height=\"1535\" src=\"https:\/\/www.neufundlaender-vom-baerenfels.de\/wp-content\/uploads\/2017\/06\/Teddybild-3-RG-290717.jpg\" class=\"attachment-full size-full\" alt=\"\" srcset=\"https:\/\/www.neufundlaender-vom-baerenfels.de\/wp-content\/uploads\/2017\/06\/Teddybild-3-RG-290717.jpg 1063w, https:\/\/www.neufundlaender-vom-baerenfels.de\/wp-content\/uploads\/2017\/06\/Teddybild-3-RG-290717-208x300.jpg 208w, https:\/\/www.neufundlaender-vom-baerenfels.de\/wp-content\/uploads\/2017\/06\/Teddybild-3-RG-290717-768x1109.jpg 768w, https:\/\/www.neufundlaender-vom-baerenfels.de\/wp-content\/uploads\/2017\/06\/Teddybild-3-RG-290717-709x1024.jpg 709w\" sizes=\"auto, (max-width: 1063px) 100vw, 1063px\" \/><\/a>\n\t\t\t<\/div><\/figure><figure class='gallery-item'>\n\t\t\t<div class='gallery-icon portrait'>\n\t\t\t\t<a href='https:\/\/www.neufundlaender-vom-baerenfels.de\/?attachment_id=5386'><img loading=\"lazy\" decoding=\"async\" width=\"1063\" height=\"1535\" src=\"https:\/\/www.neufundlaender-vom-baerenfels.de\/wp-content\/uploads\/2017\/06\/Welpe-3-R\u00fcde-Gr\u00fcn-050817.jpg\" class=\"attachment-full size-full\" alt=\"\" srcset=\"https:\/\/www.neufundlaender-vom-baerenfels.de\/wp-content\/uploads\/2017\/06\/Welpe-3-R\u00fcde-Gr\u00fcn-050817.jpg 1063w, https:\/\/www.neufundlaender-vom-baerenfels.de\/wp-content\/uploads\/2017\/06\/Welpe-3-R\u00fcde-Gr\u00fcn-050817-208x300.jpg 208w, https:\/\/www.neufundlaender-vom-baerenfels.de\/wp-content\/uploads\/2017\/06\/Welpe-3-R\u00fcde-Gr\u00fcn-050817-768x1109.jpg 768w, https:\/\/www.neufundlaender-vom-baerenfels.de\/wp-content\/uploads\/2017\/06\/Welpe-3-R\u00fcde-Gr\u00fcn-050817-709x1024.jpg 709w\" sizes=\"auto, (max-width: 1063px) 100vw, 1063px\" \/><\/a>\n\t\t\t<\/div><\/figure><figure class='gallery-item'>\n\t\t\t<div class='gallery-icon portrait'>\n\t\t\t\t<a href='https:\/\/www.neufundlaender-vom-baerenfels.de\/?attachment_id=5413'><img loading=\"lazy\" decoding=\"async\" width=\"1063\" height=\"1535\" src=\"https:\/\/www.neufundlaender-vom-baerenfels.de\/wp-content\/uploads\/2017\/06\/Welpe-3-R\u00fcde-Gr\u00fcn-120817.jpg\" class=\"attachment-full size-full\" alt=\"\" srcset=\"https:\/\/www.neufundlaender-vom-baerenfels.de\/wp-content\/uploads\/2017\/06\/Welpe-3-R\u00fcde-Gr\u00fcn-120817.jpg 1063w, https:\/\/www.neufundlaender-vom-baerenfels.de\/wp-content\/uploads\/2017\/06\/Welpe-3-R\u00fcde-Gr\u00fcn-120817-208x300.jpg 208w, https:\/\/www.neufundlaender-vom-baerenfels.de\/wp-content\/uploads\/2017\/06\/Welpe-3-R\u00fcde-Gr\u00fcn-120817-768x1109.jpg 768w, https:\/\/www.neufundlaender-vom-baerenfels.de\/wp-content\/uploads\/2017\/06\/Welpe-3-R\u00fcde-Gr\u00fcn-120817-709x1024.jpg 709w\" sizes=\"auto, (max-width: 1063px) 100vw, 1063px\" \/><\/a>\n\t\t\t<\/div><\/figure><figure class='gallery-item'>\n\t\t\t<div class='gallery-icon portrait'>\n\t\t\t\t<a href='https:\/\/www.neufundlaender-vom-baerenfels.de\/?attachment_id=5487'><img loading=\"lazy\" decoding=\"async\" width=\"1063\" height=\"1535\" src=\"https:\/\/www.neufundlaender-vom-baerenfels.de\/wp-content\/uploads\/2017\/06\/Welpe-3-R\u00fcde-Gr\u00fcn-190817.jpg\" class=\"attachment-full size-full\" alt=\"\" srcset=\"https:\/\/www.neufundlaender-vom-baerenfels.de\/wp-content\/uploads\/2017\/06\/Welpe-3-R\u00fcde-Gr\u00fcn-190817.jpg 1063w, https:\/\/www.neufundlaender-vom-baerenfels.de\/wp-content\/uploads\/2017\/06\/Welpe-3-R\u00fcde-Gr\u00fcn-190817-208x300.jpg 208w, https:\/\/www.neufundlaender-vom-baerenfels.de\/wp-content\/uploads\/2017\/06\/Welpe-3-R\u00fcde-Gr\u00fcn-190817-768x1109.jpg 768w, https:\/\/www.neufundlaender-vom-baerenfels.de\/wp-content\/uploads\/2017\/06\/Welpe-3-R\u00fcde-Gr\u00fcn-190817-709x1024.jpg 709w\" sizes=\"auto, (max-width: 1063px) 100vw, 1063px\" \/><\/a>\n\t\t\t<\/div><\/figure>\n\t\t<\/div>\n\n<p><a href=\"https:\/\/www.neufundlaender-vom-baerenfels.de\/?attachment_id=5170\" rel=\"attachment wp-att-5170\"><img loading=\"lazy\" decoding=\"async\" class=\"alignleft size-full wp-image-5170\" src=\"https:\/\/www.neufundlaender-vom-baerenfels.de\/wp-content\/uploads\/2017\/07\/N0208-1.jpg\" alt=\"\" width=\"1890\" height=\"1535\" srcset=\"https:\/\/www.neufundlaender-vom-baerenfels.de\/wp-content\/uploads\/2017\/07\/N0208-1.jpg 1890w, https:\/\/www.neufundlaender-vom-baerenfels.de\/wp-content\/uploads\/2017\/07\/N0208-1-300x244.jpg 300w, https:\/\/www.neufundlaender-vom-baerenfels.de\/wp-content\/uploads\/2017\/07\/N0208-1-768x624.jpg 768w, https:\/\/www.neufundlaender-vom-baerenfels.de\/wp-content\/uploads\/2017\/07\/N0208-1-1024x832.jpg 1024w\" sizes=\"auto, (max-width: 1890px) 100vw, 1890px\" \/><\/a><\/p>\n","protected":false},"excerpt":{"rendered":"<p>R\u00fcde braun, gr\u00fcnes B\u00e4ndchen geboren am 21.06.2017 um 20:18 Uhr Geburtsgewicht: 550 g Carlos vom B\u00e4renfels ist umgezogen am 05.09.2017 nach Bayern, Landkreis Neumarkt in der Oberpfalz mit einem &#8222;\u00dcbergabegewicht&#8220; von 11,5 kg.<\/p>\n","protected":false},"author":1,"featured_media":0,"parent":0,"menu_order":0,"comment_status":"closed","ping_status":"closed","template":"","meta":{"ngg_post_thumbnail":0,"footnotes":""},"class_list":["post-5057","page","type-page","status-publish","hentry"],"_links":{"self":[{"href":"https:\/\/www.neufundlaender-vom-baerenfels.de\/index.php?rest_route=\/wp\/v2\/pages\/5057","targetHints":{"allow":["GET"]}}],"collection":[{"href":"https:\/\/www.neufundlaender-vom-baerenfels.de\/index.php?rest_route=\/wp\/v2\/pages"}],"about":[{"href":"https:\/\/www.neufundlaender-vom-baerenfels.de\/index.php?rest_route=\/wp\/v2\/types\/page"}],"author":[{"embeddable":true,"href":"https:\/\/www.neufundlaender-vom-baerenfels.de\/index.php?rest_route=\/wp\/v2\/users\/1"}],"replies":[{"embeddable":true,"href":"https:\/\/www.neufundlaender-vom-baerenfels.de\/index.php?rest_route=%2Fwp%2Fv2%2Fcomments&post=5057"}],"version-history":[{"count":16,"href":"https:\/\/www.neufundlaender-vom-baerenfels.de\/index.php?rest_route=\/wp\/v2\/pages\/5057\/revisions"}],"predecessor-version":[{"id":5770,"href":"https:\/\/www.neufundlaender-vom-baerenfels.de\/index.php?rest_route=\/wp\/v2\/pages\/5057\/revisions\/5770"}],"wp:attachment":[{"href":"https:\/\/www.neufundlaender-vom-baerenfels.de\/index.php?rest_route=%2Fwp%2Fv2%2Fmedia&parent=5057"}],"curies":[{"name":"wp","href":"https:\/\/api.w.org\/{rel}","templated":true}]}}