{"id":5063,"date":"2017-07-02T12:14:41","date_gmt":"2017-07-02T11:14:41","guid":{"rendered":"http:\/\/www.neufundlaender-vom-baerenfels.de\/?page_id=5063"},"modified":"2017-08-28T21:28:12","modified_gmt":"2017-08-28T20:28:12","slug":"welpe-6-rosa","status":"publish","type":"page","link":"https:\/\/www.neufundlaender-vom-baerenfels.de\/?page_id=5063","title":{"rendered":"Welpe 6 Rosa"},"content":{"rendered":"<p>H\u00fcndin schwarz, rosa B\u00e4ndchen<br \/>\ngeboren am 21.06.2017 um 23:20 Uhr<br \/>\nGeburtsgewicht: 570 g<\/p>\n<h1>Cora vom B\u00e4renfels<\/h1>\n<p>umgezogen am 27.08.2017 nach Nordrhein-Westfalen, Landkreis Wesel, Regierungsbezirk D\u00fcsseldorf<\/p>\n<p>mit einem &#8222;\u00dcbergabegewicht&#8220; von 10,5 kg.<br \/>\n<a href=\"https:\/\/www.neufundlaender-vom-baerenfels.de\/?attachment_id=5545\" rel=\"attachment wp-att-5545\"><img loading=\"lazy\" decoding=\"async\" class=\"aligncenter wp-image-5545\" src=\"https:\/\/www.neufundlaender-vom-baerenfels.de\/wp-content\/uploads\/2017\/07\/A-Obst-Rosi.jpg\" alt=\"\" width=\"900\" height=\"1300\" srcset=\"https:\/\/www.neufundlaender-vom-baerenfels.de\/wp-content\/uploads\/2017\/07\/A-Obst-Rosi.jpg 1063w, https:\/\/www.neufundlaender-vom-baerenfels.de\/wp-content\/uploads\/2017\/07\/A-Obst-Rosi-208x300.jpg 208w, https:\/\/www.neufundlaender-vom-baerenfels.de\/wp-content\/uploads\/2017\/07\/A-Obst-Rosi-768x1109.jpg 768w, https:\/\/www.neufundlaender-vom-baerenfels.de\/wp-content\/uploads\/2017\/07\/A-Obst-Rosi-709x1024.jpg 709w\" sizes=\"auto, (max-width: 900px) 100vw, 900px\" \/><\/a><\/p>\n<div id='gallery-1' class='gallery galleryid-5063 gallery-columns-3 gallery-size-full'><figure class='gallery-item'>\n\t\t\t<div class='gallery-icon portrait'>\n\t\t\t\t<a href='https:\/\/www.neufundlaender-vom-baerenfels.de\/?attachment_id=4959'><img loading=\"lazy\" decoding=\"async\" width=\"1063\" height=\"1535\" src=\"https:\/\/www.neufundlaender-vom-baerenfels.de\/wp-content\/uploads\/2017\/06\/Teddybild-6-HR-240617.jpg\" class=\"attachment-full size-full\" alt=\"\" srcset=\"https:\/\/www.neufundlaender-vom-baerenfels.de\/wp-content\/uploads\/2017\/06\/Teddybild-6-HR-240617.jpg 1063w, https:\/\/www.neufundlaender-vom-baerenfels.de\/wp-content\/uploads\/2017\/06\/Teddybild-6-HR-240617-208x300.jpg 208w, https:\/\/www.neufundlaender-vom-baerenfels.de\/wp-content\/uploads\/2017\/06\/Teddybild-6-HR-240617-768x1109.jpg 768w, https:\/\/www.neufundlaender-vom-baerenfels.de\/wp-content\/uploads\/2017\/06\/Teddybild-6-HR-240617-709x1024.jpg 709w\" sizes=\"auto, (max-width: 1063px) 100vw, 1063px\" \/><\/a>\n\t\t\t<\/div><\/figure><figure class='gallery-item'>\n\t\t\t<div class='gallery-icon portrait'>\n\t\t\t\t<a href='https:\/\/www.neufundlaender-vom-baerenfels.de\/?attachment_id=4994'><img loading=\"lazy\" decoding=\"async\" width=\"1063\" height=\"1535\" src=\"https:\/\/www.neufundlaender-vom-baerenfels.de\/wp-content\/uploads\/2017\/06\/Teddybild-6-HR-010717.jpg\" class=\"attachment-full size-full\" alt=\"\" srcset=\"https:\/\/www.neufundlaender-vom-baerenfels.de\/wp-content\/uploads\/2017\/06\/Teddybild-6-HR-010717.jpg 1063w, https:\/\/www.neufundlaender-vom-baerenfels.de\/wp-content\/uploads\/2017\/06\/Teddybild-6-HR-010717-208x300.jpg 208w, https:\/\/www.neufundlaender-vom-baerenfels.de\/wp-content\/uploads\/2017\/06\/Teddybild-6-HR-010717-768x1109.jpg 768w, https:\/\/www.neufundlaender-vom-baerenfels.de\/wp-content\/uploads\/2017\/06\/Teddybild-6-HR-010717-709x1024.jpg 709w\" sizes=\"auto, (max-width: 1063px) 100vw, 1063px\" \/><\/a>\n\t\t\t<\/div><\/figure><figure class='gallery-item'>\n\t\t\t<div class='gallery-icon portrait'>\n\t\t\t\t<a href='https:\/\/www.neufundlaender-vom-baerenfels.de\/?attachment_id=5147'><img loading=\"lazy\" decoding=\"async\" width=\"1063\" height=\"1535\" src=\"https:\/\/www.neufundlaender-vom-baerenfels.de\/wp-content\/uploads\/2017\/06\/Teddybild-6-HR-080717.jpg\" class=\"attachment-full size-full\" alt=\"\" srcset=\"https:\/\/www.neufundlaender-vom-baerenfels.de\/wp-content\/uploads\/2017\/06\/Teddybild-6-HR-080717.jpg 1063w, https:\/\/www.neufundlaender-vom-baerenfels.de\/wp-content\/uploads\/2017\/06\/Teddybild-6-HR-080717-208x300.jpg 208w, https:\/\/www.neufundlaender-vom-baerenfels.de\/wp-content\/uploads\/2017\/06\/Teddybild-6-HR-080717-768x1109.jpg 768w, https:\/\/www.neufundlaender-vom-baerenfels.de\/wp-content\/uploads\/2017\/06\/Teddybild-6-HR-080717-709x1024.jpg 709w\" sizes=\"auto, (max-width: 1063px) 100vw, 1063px\" \/><\/a>\n\t\t\t<\/div><\/figure><figure class='gallery-item'>\n\t\t\t<div class='gallery-icon portrait'>\n\t\t\t\t<a href='https:\/\/www.neufundlaender-vom-baerenfels.de\/?attachment_id=5191'><img loading=\"lazy\" decoding=\"async\" width=\"1063\" height=\"1535\" src=\"https:\/\/www.neufundlaender-vom-baerenfels.de\/wp-content\/uploads\/2017\/06\/Teddybild-6-HR-150717.jpg\" class=\"attachment-full size-full\" alt=\"\" srcset=\"https:\/\/www.neufundlaender-vom-baerenfels.de\/wp-content\/uploads\/2017\/06\/Teddybild-6-HR-150717.jpg 1063w, https:\/\/www.neufundlaender-vom-baerenfels.de\/wp-content\/uploads\/2017\/06\/Teddybild-6-HR-150717-208x300.jpg 208w, https:\/\/www.neufundlaender-vom-baerenfels.de\/wp-content\/uploads\/2017\/06\/Teddybild-6-HR-150717-768x1109.jpg 768w, https:\/\/www.neufundlaender-vom-baerenfels.de\/wp-content\/uploads\/2017\/06\/Teddybild-6-HR-150717-709x1024.jpg 709w\" sizes=\"auto, (max-width: 1063px) 100vw, 1063px\" \/><\/a>\n\t\t\t<\/div><\/figure><figure class='gallery-item'>\n\t\t\t<div class='gallery-icon portrait'>\n\t\t\t\t<a href='https:\/\/www.neufundlaender-vom-baerenfels.de\/?attachment_id=5276'><img loading=\"lazy\" decoding=\"async\" width=\"1063\" height=\"1535\" src=\"https:\/\/www.neufundlaender-vom-baerenfels.de\/wp-content\/uploads\/2017\/06\/Teddybild-6-HR-220717.jpg\" class=\"attachment-full size-full\" alt=\"\" srcset=\"https:\/\/www.neufundlaender-vom-baerenfels.de\/wp-content\/uploads\/2017\/06\/Teddybild-6-HR-220717.jpg 1063w, https:\/\/www.neufundlaender-vom-baerenfels.de\/wp-content\/uploads\/2017\/06\/Teddybild-6-HR-220717-208x300.jpg 208w, https:\/\/www.neufundlaender-vom-baerenfels.de\/wp-content\/uploads\/2017\/06\/Teddybild-6-HR-220717-768x1109.jpg 768w, https:\/\/www.neufundlaender-vom-baerenfels.de\/wp-content\/uploads\/2017\/06\/Teddybild-6-HR-220717-709x1024.jpg 709w\" sizes=\"auto, (max-width: 1063px) 100vw, 1063px\" \/><\/a>\n\t\t\t<\/div><\/figure><figure class='gallery-item'>\n\t\t\t<div class='gallery-icon portrait'>\n\t\t\t\t<a href='https:\/\/www.neufundlaender-vom-baerenfels.de\/?attachment_id=5327'><img loading=\"lazy\" decoding=\"async\" width=\"1063\" height=\"1535\" src=\"https:\/\/www.neufundlaender-vom-baerenfels.de\/wp-content\/uploads\/2017\/06\/Teddybild-6-HR-290717.jpg\" class=\"attachment-full size-full\" alt=\"\" srcset=\"https:\/\/www.neufundlaender-vom-baerenfels.de\/wp-content\/uploads\/2017\/06\/Teddybild-6-HR-290717.jpg 1063w, https:\/\/www.neufundlaender-vom-baerenfels.de\/wp-content\/uploads\/2017\/06\/Teddybild-6-HR-290717-208x300.jpg 208w, https:\/\/www.neufundlaender-vom-baerenfels.de\/wp-content\/uploads\/2017\/06\/Teddybild-6-HR-290717-768x1109.jpg 768w, https:\/\/www.neufundlaender-vom-baerenfels.de\/wp-content\/uploads\/2017\/06\/Teddybild-6-HR-290717-709x1024.jpg 709w\" sizes=\"auto, (max-width: 1063px) 100vw, 1063px\" \/><\/a>\n\t\t\t<\/div><\/figure><figure class='gallery-item'>\n\t\t\t<div class='gallery-icon portrait'>\n\t\t\t\t<a href='https:\/\/www.neufundlaender-vom-baerenfels.de\/?attachment_id=5389'><img loading=\"lazy\" decoding=\"async\" width=\"1063\" height=\"1535\" src=\"https:\/\/www.neufundlaender-vom-baerenfels.de\/wp-content\/uploads\/2017\/06\/Welpe-6-H\u00fcndin-Rosa-050817.jpg\" class=\"attachment-full size-full\" alt=\"\" srcset=\"https:\/\/www.neufundlaender-vom-baerenfels.de\/wp-content\/uploads\/2017\/06\/Welpe-6-H\u00fcndin-Rosa-050817.jpg 1063w, https:\/\/www.neufundlaender-vom-baerenfels.de\/wp-content\/uploads\/2017\/06\/Welpe-6-H\u00fcndin-Rosa-050817-208x300.jpg 208w, https:\/\/www.neufundlaender-vom-baerenfels.de\/wp-content\/uploads\/2017\/06\/Welpe-6-H\u00fcndin-Rosa-050817-768x1109.jpg 768w, https:\/\/www.neufundlaender-vom-baerenfels.de\/wp-content\/uploads\/2017\/06\/Welpe-6-H\u00fcndin-Rosa-050817-709x1024.jpg 709w\" sizes=\"auto, (max-width: 1063px) 100vw, 1063px\" \/><\/a>\n\t\t\t<\/div><\/figure><figure class='gallery-item'>\n\t\t\t<div class='gallery-icon portrait'>\n\t\t\t\t<a href='https:\/\/www.neufundlaender-vom-baerenfels.de\/?attachment_id=5416'><img loading=\"lazy\" decoding=\"async\" width=\"1063\" height=\"1535\" src=\"https:\/\/www.neufundlaender-vom-baerenfels.de\/wp-content\/uploads\/2017\/06\/Welpe-6-H\u00fcndin-Rosa-120817.jpg\" class=\"attachment-full size-full\" alt=\"\" srcset=\"https:\/\/www.neufundlaender-vom-baerenfels.de\/wp-content\/uploads\/2017\/06\/Welpe-6-H\u00fcndin-Rosa-120817.jpg 1063w, https:\/\/www.neufundlaender-vom-baerenfels.de\/wp-content\/uploads\/2017\/06\/Welpe-6-H\u00fcndin-Rosa-120817-208x300.jpg 208w, https:\/\/www.neufundlaender-vom-baerenfels.de\/wp-content\/uploads\/2017\/06\/Welpe-6-H\u00fcndin-Rosa-120817-768x1109.jpg 768w, https:\/\/www.neufundlaender-vom-baerenfels.de\/wp-content\/uploads\/2017\/06\/Welpe-6-H\u00fcndin-Rosa-120817-709x1024.jpg 709w\" sizes=\"auto, (max-width: 1063px) 100vw, 1063px\" \/><\/a>\n\t\t\t<\/div><\/figure><figure class='gallery-item'>\n\t\t\t<div class='gallery-icon portrait'>\n\t\t\t\t<a href='https:\/\/www.neufundlaender-vom-baerenfels.de\/?attachment_id=5490'><img loading=\"lazy\" decoding=\"async\" width=\"1063\" height=\"1535\" src=\"https:\/\/www.neufundlaender-vom-baerenfels.de\/wp-content\/uploads\/2017\/06\/Welpe-6-H\u00fcndin-Rosa-190817.jpg\" class=\"attachment-full size-full\" alt=\"\" srcset=\"https:\/\/www.neufundlaender-vom-baerenfels.de\/wp-content\/uploads\/2017\/06\/Welpe-6-H\u00fcndin-Rosa-190817.jpg 1063w, https:\/\/www.neufundlaender-vom-baerenfels.de\/wp-content\/uploads\/2017\/06\/Welpe-6-H\u00fcndin-Rosa-190817-208x300.jpg 208w, https:\/\/www.neufundlaender-vom-baerenfels.de\/wp-content\/uploads\/2017\/06\/Welpe-6-H\u00fcndin-Rosa-190817-768x1109.jpg 768w, https:\/\/www.neufundlaender-vom-baerenfels.de\/wp-content\/uploads\/2017\/06\/Welpe-6-H\u00fcndin-Rosa-190817-709x1024.jpg 709w\" sizes=\"auto, (max-width: 1063px) 100vw, 1063px\" \/><\/a>\n\t\t\t<\/div><\/figure>\n\t\t<\/div>\n\n<p><a href=\"https:\/\/www.neufundlaender-vom-baerenfels.de\/?attachment_id=5257\" rel=\"attachment wp-att-5257\"><img loading=\"lazy\" decoding=\"async\" class=\"alignleft size-full wp-image-5257\" src=\"https:\/\/www.neufundlaender-vom-baerenfels.de\/wp-content\/uploads\/2017\/07\/Rosa.jpg\" alt=\"\" width=\"1890\" height=\"1063\" srcset=\"https:\/\/www.neufundlaender-vom-baerenfels.de\/wp-content\/uploads\/2017\/07\/Rosa.jpg 1890w, https:\/\/www.neufundlaender-vom-baerenfels.de\/wp-content\/uploads\/2017\/07\/Rosa-300x169.jpg 300w, https:\/\/www.neufundlaender-vom-baerenfels.de\/wp-content\/uploads\/2017\/07\/Rosa-768x432.jpg 768w, https:\/\/www.neufundlaender-vom-baerenfels.de\/wp-content\/uploads\/2017\/07\/Rosa-1024x576.jpg 1024w\" sizes=\"auto, (max-width: 1890px) 100vw, 1890px\" \/><\/a><\/p>\n<p>Die schwarze H\u00fcndin mit dem rosafarbenem B\u00e4ndchen ist eine ganz aufgeweckte und immer vorne dabei, wenn es etwas Neues zu entdecken ist. Hier hat sie sich ein neues Spielzeug geholt und gibt es auch so schnell nicht her:<\/p>\n<p><iframe loading=\"lazy\" src=\"https:\/\/www.youtube.com\/embed\/7zxxTaTJGXU\" width=\"560\" height=\"315\" frameborder=\"0\" allowfullscreen=\"allowfullscreen\"><\/iframe><\/p>\n","protected":false},"excerpt":{"rendered":"<p>H\u00fcndin schwarz, rosa B\u00e4ndchen geboren am 21.06.2017 um 23:20 Uhr Geburtsgewicht: 570 g Cora vom B\u00e4renfels umgezogen am 27.08.2017 nach Nordrhein-Westfalen, Landkreis Wesel, Regierungsbezirk D\u00fcsseldorf mit einem &#8222;\u00dcbergabegewicht&#8220; von 10,5 kg. Die schwarze H\u00fcndin mit dem rosafarbenem B\u00e4ndchen ist eine ganz aufgeweckte und immer vorne dabei, wenn es etwas Neues zu entdecken ist. Hier hat &hellip; <a href=\"https:\/\/www.neufundlaender-vom-baerenfels.de\/?page_id=5063\" class=\"more-link\"><span class=\"screen-reader-text\">Welpe 6 Rosa<\/span> weiterlesen <span class=\"meta-nav\">&rarr;<\/span><\/a><\/p>\n","protected":false},"author":1,"featured_media":0,"parent":0,"menu_order":0,"comment_status":"closed","ping_status":"closed","template":"","meta":{"ngg_post_thumbnail":0,"footnotes":""},"class_list":["post-5063","page","type-page","status-publish","hentry"],"_links":{"self":[{"href":"https:\/\/www.neufundlaender-vom-baerenfels.de\/index.php?rest_route=\/wp\/v2\/pages\/5063","targetHints":{"allow":["GET"]}}],"collection":[{"href":"https:\/\/www.neufundlaender-vom-baerenfels.de\/index.php?rest_route=\/wp\/v2\/pages"}],"about":[{"href":"https:\/\/www.neufundlaender-vom-baerenfels.de\/index.php?rest_route=\/wp\/v2\/types\/page"}],"author":[{"embeddable":true,"href":"https:\/\/www.neufundlaender-vom-baerenfels.de\/index.php?rest_route=\/wp\/v2\/users\/1"}],"replies":[{"embeddable":true,"href":"https:\/\/www.neufundlaender-vom-baerenfels.de\/index.php?rest_route=%2Fwp%2Fv2%2Fcomments&post=5063"}],"version-history":[{"count":14,"href":"https:\/\/www.neufundlaender-vom-baerenfels.de\/index.php?rest_route=\/wp\/v2\/pages\/5063\/revisions"}],"predecessor-version":[{"id":5552,"href":"https:\/\/www.neufundlaender-vom-baerenfels.de\/index.php?rest_route=\/wp\/v2\/pages\/5063\/revisions\/5552"}],"wp:attachment":[{"href":"https:\/\/www.neufundlaender-vom-baerenfels.de\/index.php?rest_route=%2Fwp%2Fv2%2Fmedia&parent=5063"}],"curies":[{"name":"wp","href":"https:\/\/api.w.org\/{rel}","templated":true}]}}