{"id":5065,"date":"2017-07-02T12:15:52","date_gmt":"2017-07-02T11:15:52","guid":{"rendered":"http:\/\/www.neufundlaender-vom-baerenfels.de\/?page_id=5065"},"modified":"2017-08-28T21:19:56","modified_gmt":"2017-08-28T20:19:56","slug":"welpe-7-grau","status":"publish","type":"page","link":"https:\/\/www.neufundlaender-vom-baerenfels.de\/?page_id=5065","title":{"rendered":"Welpe 7 Grau"},"content":{"rendered":"<p>R\u00fcde braun, graues B\u00e4ndchen<br \/>\ngeboren am 21.06.2017 um 23:25 Uhr<br \/>\nGeburtsgewicht: 485 g<\/p>\n<h1>Charly vom B\u00e4renfels<\/h1>\n<p>umgezogen am 28.08.2017 nach Niedersachsen, Landkreis Region Hannover<\/p>\n<p>mit einem &#8222;\u00dcbergabegewicht&#8220;\u00a0 von 11,0 kg.<br \/>\n<a href=\"https:\/\/www.neufundlaender-vom-baerenfels.de\/?attachment_id=5546\" rel=\"attachment wp-att-5546\"><img loading=\"lazy\" decoding=\"async\" class=\"aligncenter wp-image-5546\" src=\"https:\/\/www.neufundlaender-vom-baerenfels.de\/wp-content\/uploads\/2017\/07\/A-P\u00e4seler-Grau.jpg\" alt=\"\" width=\"900\" height=\"1300\" srcset=\"https:\/\/www.neufundlaender-vom-baerenfels.de\/wp-content\/uploads\/2017\/07\/A-P\u00e4seler-Grau.jpg 1063w, https:\/\/www.neufundlaender-vom-baerenfels.de\/wp-content\/uploads\/2017\/07\/A-P\u00e4seler-Grau-208x300.jpg 208w, https:\/\/www.neufundlaender-vom-baerenfels.de\/wp-content\/uploads\/2017\/07\/A-P\u00e4seler-Grau-768x1109.jpg 768w, https:\/\/www.neufundlaender-vom-baerenfels.de\/wp-content\/uploads\/2017\/07\/A-P\u00e4seler-Grau-709x1024.jpg 709w\" sizes=\"auto, (max-width: 900px) 100vw, 900px\" \/><\/a><\/p>\n<div id='gallery-1' class='gallery galleryid-5065 gallery-columns-3 gallery-size-full'><figure class='gallery-item'>\n\t\t\t<div class='gallery-icon portrait'>\n\t\t\t\t<a href='https:\/\/www.neufundlaender-vom-baerenfels.de\/?attachment_id=4960'><img loading=\"lazy\" decoding=\"async\" width=\"1063\" height=\"1535\" src=\"https:\/\/www.neufundlaender-vom-baerenfels.de\/wp-content\/uploads\/2017\/06\/Teddybild-7-RG-240617.jpg\" class=\"attachment-full size-full\" alt=\"\" srcset=\"https:\/\/www.neufundlaender-vom-baerenfels.de\/wp-content\/uploads\/2017\/06\/Teddybild-7-RG-240617.jpg 1063w, https:\/\/www.neufundlaender-vom-baerenfels.de\/wp-content\/uploads\/2017\/06\/Teddybild-7-RG-240617-208x300.jpg 208w, https:\/\/www.neufundlaender-vom-baerenfels.de\/wp-content\/uploads\/2017\/06\/Teddybild-7-RG-240617-768x1109.jpg 768w, https:\/\/www.neufundlaender-vom-baerenfels.de\/wp-content\/uploads\/2017\/06\/Teddybild-7-RG-240617-709x1024.jpg 709w\" sizes=\"auto, (max-width: 1063px) 100vw, 1063px\" \/><\/a>\n\t\t\t<\/div><\/figure><figure class='gallery-item'>\n\t\t\t<div class='gallery-icon portrait'>\n\t\t\t\t<a href='https:\/\/www.neufundlaender-vom-baerenfels.de\/?attachment_id=4995'><img loading=\"lazy\" decoding=\"async\" width=\"1063\" height=\"1535\" src=\"https:\/\/www.neufundlaender-vom-baerenfels.de\/wp-content\/uploads\/2017\/06\/Teddybild-7-RG-010717.jpg\" class=\"attachment-full size-full\" alt=\"\" srcset=\"https:\/\/www.neufundlaender-vom-baerenfels.de\/wp-content\/uploads\/2017\/06\/Teddybild-7-RG-010717.jpg 1063w, https:\/\/www.neufundlaender-vom-baerenfels.de\/wp-content\/uploads\/2017\/06\/Teddybild-7-RG-010717-208x300.jpg 208w, https:\/\/www.neufundlaender-vom-baerenfels.de\/wp-content\/uploads\/2017\/06\/Teddybild-7-RG-010717-768x1109.jpg 768w, https:\/\/www.neufundlaender-vom-baerenfels.de\/wp-content\/uploads\/2017\/06\/Teddybild-7-RG-010717-709x1024.jpg 709w\" sizes=\"auto, (max-width: 1063px) 100vw, 1063px\" \/><\/a>\n\t\t\t<\/div><\/figure><figure class='gallery-item'>\n\t\t\t<div class='gallery-icon portrait'>\n\t\t\t\t<a href='https:\/\/www.neufundlaender-vom-baerenfels.de\/?attachment_id=5143'><img loading=\"lazy\" decoding=\"async\" width=\"1063\" height=\"1535\" src=\"https:\/\/www.neufundlaender-vom-baerenfels.de\/wp-content\/uploads\/2017\/06\/Teddybild-7-RG-080717.jpg\" class=\"attachment-full size-full\" alt=\"\" srcset=\"https:\/\/www.neufundlaender-vom-baerenfels.de\/wp-content\/uploads\/2017\/06\/Teddybild-7-RG-080717.jpg 1063w, https:\/\/www.neufundlaender-vom-baerenfels.de\/wp-content\/uploads\/2017\/06\/Teddybild-7-RG-080717-208x300.jpg 208w, https:\/\/www.neufundlaender-vom-baerenfels.de\/wp-content\/uploads\/2017\/06\/Teddybild-7-RG-080717-768x1109.jpg 768w, https:\/\/www.neufundlaender-vom-baerenfels.de\/wp-content\/uploads\/2017\/06\/Teddybild-7-RG-080717-709x1024.jpg 709w\" sizes=\"auto, (max-width: 1063px) 100vw, 1063px\" \/><\/a>\n\t\t\t<\/div><\/figure><figure class='gallery-item'>\n\t\t\t<div class='gallery-icon portrait'>\n\t\t\t\t<a href='https:\/\/www.neufundlaender-vom-baerenfels.de\/?attachment_id=5190'><img loading=\"lazy\" decoding=\"async\" width=\"1063\" height=\"1535\" src=\"https:\/\/www.neufundlaender-vom-baerenfels.de\/wp-content\/uploads\/2017\/06\/Teddybild-7-RG-150717.jpg\" class=\"attachment-full size-full\" alt=\"\" srcset=\"https:\/\/www.neufundlaender-vom-baerenfels.de\/wp-content\/uploads\/2017\/06\/Teddybild-7-RG-150717.jpg 1063w, https:\/\/www.neufundlaender-vom-baerenfels.de\/wp-content\/uploads\/2017\/06\/Teddybild-7-RG-150717-208x300.jpg 208w, https:\/\/www.neufundlaender-vom-baerenfels.de\/wp-content\/uploads\/2017\/06\/Teddybild-7-RG-150717-768x1109.jpg 768w, https:\/\/www.neufundlaender-vom-baerenfels.de\/wp-content\/uploads\/2017\/06\/Teddybild-7-RG-150717-709x1024.jpg 709w\" sizes=\"auto, (max-width: 1063px) 100vw, 1063px\" \/><\/a>\n\t\t\t<\/div><\/figure><figure class='gallery-item'>\n\t\t\t<div class='gallery-icon portrait'>\n\t\t\t\t<a href='https:\/\/www.neufundlaender-vom-baerenfels.de\/?attachment_id=5275'><img loading=\"lazy\" decoding=\"async\" width=\"1063\" height=\"1535\" src=\"https:\/\/www.neufundlaender-vom-baerenfels.de\/wp-content\/uploads\/2017\/06\/Teddybild-7-RG-220717.jpg\" class=\"attachment-full size-full\" alt=\"\" srcset=\"https:\/\/www.neufundlaender-vom-baerenfels.de\/wp-content\/uploads\/2017\/06\/Teddybild-7-RG-220717.jpg 1063w, https:\/\/www.neufundlaender-vom-baerenfels.de\/wp-content\/uploads\/2017\/06\/Teddybild-7-RG-220717-208x300.jpg 208w, https:\/\/www.neufundlaender-vom-baerenfels.de\/wp-content\/uploads\/2017\/06\/Teddybild-7-RG-220717-768x1109.jpg 768w, https:\/\/www.neufundlaender-vom-baerenfels.de\/wp-content\/uploads\/2017\/06\/Teddybild-7-RG-220717-709x1024.jpg 709w\" sizes=\"auto, (max-width: 1063px) 100vw, 1063px\" \/><\/a>\n\t\t\t<\/div><\/figure><figure class='gallery-item'>\n\t\t\t<div class='gallery-icon portrait'>\n\t\t\t\t<a href='https:\/\/www.neufundlaender-vom-baerenfels.de\/?attachment_id=5337'><img loading=\"lazy\" decoding=\"async\" width=\"1063\" height=\"1535\" src=\"https:\/\/www.neufundlaender-vom-baerenfels.de\/wp-content\/uploads\/2017\/06\/Teddybild-7-RG-290717-1.jpg\" class=\"attachment-full size-full\" alt=\"\" srcset=\"https:\/\/www.neufundlaender-vom-baerenfels.de\/wp-content\/uploads\/2017\/06\/Teddybild-7-RG-290717-1.jpg 1063w, https:\/\/www.neufundlaender-vom-baerenfels.de\/wp-content\/uploads\/2017\/06\/Teddybild-7-RG-290717-1-208x300.jpg 208w, https:\/\/www.neufundlaender-vom-baerenfels.de\/wp-content\/uploads\/2017\/06\/Teddybild-7-RG-290717-1-768x1109.jpg 768w, https:\/\/www.neufundlaender-vom-baerenfels.de\/wp-content\/uploads\/2017\/06\/Teddybild-7-RG-290717-1-709x1024.jpg 709w\" sizes=\"auto, (max-width: 1063px) 100vw, 1063px\" \/><\/a>\n\t\t\t<\/div><\/figure><figure class='gallery-item'>\n\t\t\t<div class='gallery-icon portrait'>\n\t\t\t\t<a href='https:\/\/www.neufundlaender-vom-baerenfels.de\/?attachment_id=5390'><img loading=\"lazy\" decoding=\"async\" width=\"1063\" height=\"1535\" src=\"https:\/\/www.neufundlaender-vom-baerenfels.de\/wp-content\/uploads\/2017\/06\/Welpe-7-R\u00fcde-grau-050817.jpg\" class=\"attachment-full size-full\" alt=\"\" srcset=\"https:\/\/www.neufundlaender-vom-baerenfels.de\/wp-content\/uploads\/2017\/06\/Welpe-7-R\u00fcde-grau-050817.jpg 1063w, https:\/\/www.neufundlaender-vom-baerenfels.de\/wp-content\/uploads\/2017\/06\/Welpe-7-R\u00fcde-grau-050817-208x300.jpg 208w, https:\/\/www.neufundlaender-vom-baerenfels.de\/wp-content\/uploads\/2017\/06\/Welpe-7-R\u00fcde-grau-050817-768x1109.jpg 768w, https:\/\/www.neufundlaender-vom-baerenfels.de\/wp-content\/uploads\/2017\/06\/Welpe-7-R\u00fcde-grau-050817-709x1024.jpg 709w\" sizes=\"auto, (max-width: 1063px) 100vw, 1063px\" \/><\/a>\n\t\t\t<\/div><\/figure><figure class='gallery-item'>\n\t\t\t<div class='gallery-icon portrait'>\n\t\t\t\t<a href='https:\/\/www.neufundlaender-vom-baerenfels.de\/?attachment_id=5417'><img loading=\"lazy\" decoding=\"async\" width=\"1063\" height=\"1535\" src=\"https:\/\/www.neufundlaender-vom-baerenfels.de\/wp-content\/uploads\/2017\/06\/Welpe-7-R\u00fcde-grau-120817.jpg\" class=\"attachment-full size-full\" alt=\"\" srcset=\"https:\/\/www.neufundlaender-vom-baerenfels.de\/wp-content\/uploads\/2017\/06\/Welpe-7-R\u00fcde-grau-120817.jpg 1063w, https:\/\/www.neufundlaender-vom-baerenfels.de\/wp-content\/uploads\/2017\/06\/Welpe-7-R\u00fcde-grau-120817-208x300.jpg 208w, https:\/\/www.neufundlaender-vom-baerenfels.de\/wp-content\/uploads\/2017\/06\/Welpe-7-R\u00fcde-grau-120817-768x1109.jpg 768w, https:\/\/www.neufundlaender-vom-baerenfels.de\/wp-content\/uploads\/2017\/06\/Welpe-7-R\u00fcde-grau-120817-709x1024.jpg 709w\" sizes=\"auto, (max-width: 1063px) 100vw, 1063px\" \/><\/a>\n\t\t\t<\/div><\/figure><figure class='gallery-item'>\n\t\t\t<div class='gallery-icon portrait'>\n\t\t\t\t<a href='https:\/\/www.neufundlaender-vom-baerenfels.de\/?attachment_id=5491'><img loading=\"lazy\" decoding=\"async\" width=\"1063\" height=\"1535\" src=\"https:\/\/www.neufundlaender-vom-baerenfels.de\/wp-content\/uploads\/2017\/06\/Welpe-7-R\u00fcde-grau-190817.jpg\" class=\"attachment-full size-full\" alt=\"\" srcset=\"https:\/\/www.neufundlaender-vom-baerenfels.de\/wp-content\/uploads\/2017\/06\/Welpe-7-R\u00fcde-grau-190817.jpg 1063w, https:\/\/www.neufundlaender-vom-baerenfels.de\/wp-content\/uploads\/2017\/06\/Welpe-7-R\u00fcde-grau-190817-208x300.jpg 208w, https:\/\/www.neufundlaender-vom-baerenfels.de\/wp-content\/uploads\/2017\/06\/Welpe-7-R\u00fcde-grau-190817-768x1109.jpg 768w, https:\/\/www.neufundlaender-vom-baerenfels.de\/wp-content\/uploads\/2017\/06\/Welpe-7-R\u00fcde-grau-190817-709x1024.jpg 709w\" sizes=\"auto, (max-width: 1063px) 100vw, 1063px\" \/><\/a>\n\t\t\t<\/div><\/figure>\n\t\t<\/div>\n\n","protected":false},"excerpt":{"rendered":"<p>R\u00fcde braun, graues B\u00e4ndchen geboren am 21.06.2017 um 23:25 Uhr Geburtsgewicht: 485 g Charly vom B\u00e4renfels umgezogen am 28.08.2017 nach Niedersachsen, Landkreis Region Hannover mit einem &#8222;\u00dcbergabegewicht&#8220;\u00a0 von 11,0 kg.<\/p>\n","protected":false},"author":1,"featured_media":0,"parent":0,"menu_order":0,"comment_status":"closed","ping_status":"closed","template":"","meta":{"ngg_post_thumbnail":0,"footnotes":""},"class_list":["post-5065","page","type-page","status-publish","hentry"],"_links":{"self":[{"href":"https:\/\/www.neufundlaender-vom-baerenfels.de\/index.php?rest_route=\/wp\/v2\/pages\/5065","targetHints":{"allow":["GET"]}}],"collection":[{"href":"https:\/\/www.neufundlaender-vom-baerenfels.de\/index.php?rest_route=\/wp\/v2\/pages"}],"about":[{"href":"https:\/\/www.neufundlaender-vom-baerenfels.de\/index.php?rest_route=\/wp\/v2\/types\/page"}],"author":[{"embeddable":true,"href":"https:\/\/www.neufundlaender-vom-baerenfels.de\/index.php?rest_route=\/wp\/v2\/users\/1"}],"replies":[{"embeddable":true,"href":"https:\/\/www.neufundlaender-vom-baerenfels.de\/index.php?rest_route=%2Fwp%2Fv2%2Fcomments&post=5065"}],"version-history":[{"count":13,"href":"https:\/\/www.neufundlaender-vom-baerenfels.de\/index.php?rest_route=\/wp\/v2\/pages\/5065\/revisions"}],"predecessor-version":[{"id":5551,"href":"https:\/\/www.neufundlaender-vom-baerenfels.de\/index.php?rest_route=\/wp\/v2\/pages\/5065\/revisions\/5551"}],"wp:attachment":[{"href":"https:\/\/www.neufundlaender-vom-baerenfels.de\/index.php?rest_route=%2Fwp%2Fv2%2Fmedia&parent=5065"}],"curies":[{"name":"wp","href":"https:\/\/api.w.org\/{rel}","templated":true}]}}