{"id":5069,"date":"2017-07-02T12:18:05","date_gmt":"2017-07-02T11:18:05","guid":{"rendered":"http:\/\/www.neufundlaender-vom-baerenfels.de\/?page_id=5069"},"modified":"2017-09-07T14:53:25","modified_gmt":"2017-09-07T13:53:25","slug":"welpe-9-lachs","status":"publish","type":"page","link":"https:\/\/www.neufundlaender-vom-baerenfels.de\/?page_id=5069","title":{"rendered":"Welpe 9 Lachs"},"content":{"rendered":"<p>H\u00fcndin braun, lachsfarbenes B\u00e4ndchen,<br \/>\ngro\u00dfer wei\u00dfer Brustfleck, wei\u00dfe Zehen links und rechts an den Hinterf\u00fc\u00dfchen<br \/>\ngeboren am 22.06.2017 um 0:20 Uhr<br \/>\nGeburtsgewicht: 530 g<\/p>\n<h1>Clara vom B\u00e4renfels<\/h1>\n<p>umgezogen am 07.09.2017 nach Baden W\u00fcrttemberg, Landkreis Karlsruhe<\/p>\n<p>mit einem &#8222;\u00dcbergabegewicht&#8220; von 16,5 kg<a href=\"https:\/\/www.neufundlaender-vom-baerenfels.de\/?attachment_id=5562\" rel=\"attachment wp-att-5562\"><img loading=\"lazy\" decoding=\"async\" class=\"aligncenter wp-image-5562\" src=\"https:\/\/www.neufundlaender-vom-baerenfels.de\/wp-content\/uploads\/2017\/07\/Welpe-9-Eilber-Christin-Lachs.jpg\" alt=\"\" width=\"900\" height=\"1300\" srcset=\"https:\/\/www.neufundlaender-vom-baerenfels.de\/wp-content\/uploads\/2017\/07\/Welpe-9-Eilber-Christin-Lachs.jpg 1063w, https:\/\/www.neufundlaender-vom-baerenfels.de\/wp-content\/uploads\/2017\/07\/Welpe-9-Eilber-Christin-Lachs-208x300.jpg 208w, https:\/\/www.neufundlaender-vom-baerenfels.de\/wp-content\/uploads\/2017\/07\/Welpe-9-Eilber-Christin-Lachs-768x1109.jpg 768w, https:\/\/www.neufundlaender-vom-baerenfels.de\/wp-content\/uploads\/2017\/07\/Welpe-9-Eilber-Christin-Lachs-709x1024.jpg 709w\" sizes=\"auto, (max-width: 900px) 100vw, 900px\" \/><\/a><\/p>\n<p>&nbsp;<\/p>\n<div id='gallery-1' class='gallery galleryid-5069 gallery-columns-3 gallery-size-full'><figure class='gallery-item'>\n\t\t\t<div class='gallery-icon portrait'>\n\t\t\t\t<a href='https:\/\/www.neufundlaender-vom-baerenfels.de\/?attachment_id=4962'><img loading=\"lazy\" decoding=\"async\" width=\"1063\" height=\"1535\" src=\"https:\/\/www.neufundlaender-vom-baerenfels.de\/wp-content\/uploads\/2017\/06\/Teddybild-9-HL-240617.jpg\" class=\"attachment-full size-full\" alt=\"\" srcset=\"https:\/\/www.neufundlaender-vom-baerenfels.de\/wp-content\/uploads\/2017\/06\/Teddybild-9-HL-240617.jpg 1063w, https:\/\/www.neufundlaender-vom-baerenfels.de\/wp-content\/uploads\/2017\/06\/Teddybild-9-HL-240617-208x300.jpg 208w, https:\/\/www.neufundlaender-vom-baerenfels.de\/wp-content\/uploads\/2017\/06\/Teddybild-9-HL-240617-768x1109.jpg 768w, https:\/\/www.neufundlaender-vom-baerenfels.de\/wp-content\/uploads\/2017\/06\/Teddybild-9-HL-240617-709x1024.jpg 709w\" sizes=\"auto, (max-width: 1063px) 100vw, 1063px\" \/><\/a>\n\t\t\t<\/div><\/figure><figure class='gallery-item'>\n\t\t\t<div class='gallery-icon portrait'>\n\t\t\t\t<a href='https:\/\/www.neufundlaender-vom-baerenfels.de\/?attachment_id=4997'><img loading=\"lazy\" decoding=\"async\" width=\"1063\" height=\"1535\" src=\"https:\/\/www.neufundlaender-vom-baerenfels.de\/wp-content\/uploads\/2017\/06\/Teddybild-9-HL-010717.jpg\" class=\"attachment-full size-full\" alt=\"\" srcset=\"https:\/\/www.neufundlaender-vom-baerenfels.de\/wp-content\/uploads\/2017\/06\/Teddybild-9-HL-010717.jpg 1063w, https:\/\/www.neufundlaender-vom-baerenfels.de\/wp-content\/uploads\/2017\/06\/Teddybild-9-HL-010717-208x300.jpg 208w, https:\/\/www.neufundlaender-vom-baerenfels.de\/wp-content\/uploads\/2017\/06\/Teddybild-9-HL-010717-768x1109.jpg 768w, https:\/\/www.neufundlaender-vom-baerenfels.de\/wp-content\/uploads\/2017\/06\/Teddybild-9-HL-010717-709x1024.jpg 709w\" sizes=\"auto, (max-width: 1063px) 100vw, 1063px\" \/><\/a>\n\t\t\t<\/div><\/figure><figure class='gallery-item'>\n\t\t\t<div class='gallery-icon portrait'>\n\t\t\t\t<a href='https:\/\/www.neufundlaender-vom-baerenfels.de\/?attachment_id=5145'><img loading=\"lazy\" decoding=\"async\" width=\"1063\" height=\"1535\" src=\"https:\/\/www.neufundlaender-vom-baerenfels.de\/wp-content\/uploads\/2017\/06\/Teddybild-9-HL-080717.jpg\" class=\"attachment-full size-full\" alt=\"\" srcset=\"https:\/\/www.neufundlaender-vom-baerenfels.de\/wp-content\/uploads\/2017\/06\/Teddybild-9-HL-080717.jpg 1063w, https:\/\/www.neufundlaender-vom-baerenfels.de\/wp-content\/uploads\/2017\/06\/Teddybild-9-HL-080717-208x300.jpg 208w, https:\/\/www.neufundlaender-vom-baerenfels.de\/wp-content\/uploads\/2017\/06\/Teddybild-9-HL-080717-768x1109.jpg 768w, https:\/\/www.neufundlaender-vom-baerenfels.de\/wp-content\/uploads\/2017\/06\/Teddybild-9-HL-080717-709x1024.jpg 709w\" sizes=\"auto, (max-width: 1063px) 100vw, 1063px\" \/><\/a>\n\t\t\t<\/div><\/figure><figure class='gallery-item'>\n\t\t\t<div class='gallery-icon portrait'>\n\t\t\t\t<a href='https:\/\/www.neufundlaender-vom-baerenfels.de\/?attachment_id=5188'><img loading=\"lazy\" decoding=\"async\" width=\"1063\" height=\"1535\" src=\"https:\/\/www.neufundlaender-vom-baerenfels.de\/wp-content\/uploads\/2017\/06\/Teddybild-9-HL-150717.jpg\" class=\"attachment-full size-full\" alt=\"\" srcset=\"https:\/\/www.neufundlaender-vom-baerenfels.de\/wp-content\/uploads\/2017\/06\/Teddybild-9-HL-150717.jpg 1063w, https:\/\/www.neufundlaender-vom-baerenfels.de\/wp-content\/uploads\/2017\/06\/Teddybild-9-HL-150717-208x300.jpg 208w, https:\/\/www.neufundlaender-vom-baerenfels.de\/wp-content\/uploads\/2017\/06\/Teddybild-9-HL-150717-768x1109.jpg 768w, https:\/\/www.neufundlaender-vom-baerenfels.de\/wp-content\/uploads\/2017\/06\/Teddybild-9-HL-150717-709x1024.jpg 709w\" sizes=\"auto, (max-width: 1063px) 100vw, 1063px\" \/><\/a>\n\t\t\t<\/div><\/figure><figure class='gallery-item'>\n\t\t\t<div class='gallery-icon portrait'>\n\t\t\t\t<a href='https:\/\/www.neufundlaender-vom-baerenfels.de\/?attachment_id=5273'><img loading=\"lazy\" decoding=\"async\" width=\"1063\" height=\"1535\" src=\"https:\/\/www.neufundlaender-vom-baerenfels.de\/wp-content\/uploads\/2017\/06\/Teddybild-9-HL-220717.jpg\" class=\"attachment-full size-full\" alt=\"\" srcset=\"https:\/\/www.neufundlaender-vom-baerenfels.de\/wp-content\/uploads\/2017\/06\/Teddybild-9-HL-220717.jpg 1063w, https:\/\/www.neufundlaender-vom-baerenfels.de\/wp-content\/uploads\/2017\/06\/Teddybild-9-HL-220717-208x300.jpg 208w, https:\/\/www.neufundlaender-vom-baerenfels.de\/wp-content\/uploads\/2017\/06\/Teddybild-9-HL-220717-768x1109.jpg 768w, https:\/\/www.neufundlaender-vom-baerenfels.de\/wp-content\/uploads\/2017\/06\/Teddybild-9-HL-220717-709x1024.jpg 709w\" sizes=\"auto, (max-width: 1063px) 100vw, 1063px\" \/><\/a>\n\t\t\t<\/div><\/figure><figure class='gallery-item'>\n\t\t\t<div class='gallery-icon portrait'>\n\t\t\t\t<a href='https:\/\/www.neufundlaender-vom-baerenfels.de\/?attachment_id=5331'><img loading=\"lazy\" decoding=\"async\" width=\"1063\" height=\"1535\" src=\"https:\/\/www.neufundlaender-vom-baerenfels.de\/wp-content\/uploads\/2017\/06\/Teddybild-9-HL-290717.jpg\" class=\"attachment-full size-full\" alt=\"\" srcset=\"https:\/\/www.neufundlaender-vom-baerenfels.de\/wp-content\/uploads\/2017\/06\/Teddybild-9-HL-290717.jpg 1063w, https:\/\/www.neufundlaender-vom-baerenfels.de\/wp-content\/uploads\/2017\/06\/Teddybild-9-HL-290717-208x300.jpg 208w, https:\/\/www.neufundlaender-vom-baerenfels.de\/wp-content\/uploads\/2017\/06\/Teddybild-9-HL-290717-768x1109.jpg 768w, https:\/\/www.neufundlaender-vom-baerenfels.de\/wp-content\/uploads\/2017\/06\/Teddybild-9-HL-290717-709x1024.jpg 709w\" sizes=\"auto, (max-width: 1063px) 100vw, 1063px\" \/><\/a>\n\t\t\t<\/div><\/figure><figure class='gallery-item'>\n\t\t\t<div class='gallery-icon portrait'>\n\t\t\t\t<a href='https:\/\/www.neufundlaender-vom-baerenfels.de\/?attachment_id=5392'><img loading=\"lazy\" decoding=\"async\" width=\"1063\" height=\"1535\" src=\"https:\/\/www.neufundlaender-vom-baerenfels.de\/wp-content\/uploads\/2017\/06\/Welpe-9-H\u00fcndin-lachs-050817.jpg\" class=\"attachment-full size-full\" alt=\"\" srcset=\"https:\/\/www.neufundlaender-vom-baerenfels.de\/wp-content\/uploads\/2017\/06\/Welpe-9-H\u00fcndin-lachs-050817.jpg 1063w, https:\/\/www.neufundlaender-vom-baerenfels.de\/wp-content\/uploads\/2017\/06\/Welpe-9-H\u00fcndin-lachs-050817-208x300.jpg 208w, https:\/\/www.neufundlaender-vom-baerenfels.de\/wp-content\/uploads\/2017\/06\/Welpe-9-H\u00fcndin-lachs-050817-768x1109.jpg 768w, https:\/\/www.neufundlaender-vom-baerenfels.de\/wp-content\/uploads\/2017\/06\/Welpe-9-H\u00fcndin-lachs-050817-709x1024.jpg 709w\" sizes=\"auto, (max-width: 1063px) 100vw, 1063px\" \/><\/a>\n\t\t\t<\/div><\/figure><figure class='gallery-item'>\n\t\t\t<div class='gallery-icon portrait'>\n\t\t\t\t<a href='https:\/\/www.neufundlaender-vom-baerenfels.de\/?attachment_id=5419'><img loading=\"lazy\" decoding=\"async\" width=\"1063\" height=\"1535\" src=\"https:\/\/www.neufundlaender-vom-baerenfels.de\/wp-content\/uploads\/2017\/06\/Welpe-9-H\u00fcndin-lachs-120817.jpg\" class=\"attachment-full size-full\" alt=\"\" srcset=\"https:\/\/www.neufundlaender-vom-baerenfels.de\/wp-content\/uploads\/2017\/06\/Welpe-9-H\u00fcndin-lachs-120817.jpg 1063w, https:\/\/www.neufundlaender-vom-baerenfels.de\/wp-content\/uploads\/2017\/06\/Welpe-9-H\u00fcndin-lachs-120817-208x300.jpg 208w, https:\/\/www.neufundlaender-vom-baerenfels.de\/wp-content\/uploads\/2017\/06\/Welpe-9-H\u00fcndin-lachs-120817-768x1109.jpg 768w, https:\/\/www.neufundlaender-vom-baerenfels.de\/wp-content\/uploads\/2017\/06\/Welpe-9-H\u00fcndin-lachs-120817-709x1024.jpg 709w\" sizes=\"auto, (max-width: 1063px) 100vw, 1063px\" \/><\/a>\n\t\t\t<\/div><\/figure><figure class='gallery-item'>\n\t\t\t<div class='gallery-icon portrait'>\n\t\t\t\t<a href='https:\/\/www.neufundlaender-vom-baerenfels.de\/?attachment_id=5493'><img loading=\"lazy\" decoding=\"async\" width=\"1063\" height=\"1535\" src=\"https:\/\/www.neufundlaender-vom-baerenfels.de\/wp-content\/uploads\/2017\/06\/Welpe-9-H\u00fcndin-lachs-190817.jpg\" class=\"attachment-full size-full\" alt=\"\" srcset=\"https:\/\/www.neufundlaender-vom-baerenfels.de\/wp-content\/uploads\/2017\/06\/Welpe-9-H\u00fcndin-lachs-190817.jpg 1063w, https:\/\/www.neufundlaender-vom-baerenfels.de\/wp-content\/uploads\/2017\/06\/Welpe-9-H\u00fcndin-lachs-190817-208x300.jpg 208w, https:\/\/www.neufundlaender-vom-baerenfels.de\/wp-content\/uploads\/2017\/06\/Welpe-9-H\u00fcndin-lachs-190817-768x1109.jpg 768w, https:\/\/www.neufundlaender-vom-baerenfels.de\/wp-content\/uploads\/2017\/06\/Welpe-9-H\u00fcndin-lachs-190817-709x1024.jpg 709w\" sizes=\"auto, (max-width: 1063px) 100vw, 1063px\" \/><\/a>\n\t\t\t<\/div><\/figure>\n\t\t<\/div>\n\n<p><a href=\"https:\/\/www.neufundlaender-vom-baerenfels.de\/?attachment_id=5167\" rel=\"attachment wp-att-5167\"><img loading=\"lazy\" decoding=\"async\" class=\"alignleft size-full wp-image-5167\" src=\"https:\/\/www.neufundlaender-vom-baerenfels.de\/wp-content\/uploads\/2017\/07\/DSCN9886.jpg\" alt=\"\" width=\"3968\" height=\"2232\" srcset=\"https:\/\/www.neufundlaender-vom-baerenfels.de\/wp-content\/uploads\/2017\/07\/DSCN9886.jpg 3968w, https:\/\/www.neufundlaender-vom-baerenfels.de\/wp-content\/uploads\/2017\/07\/DSCN9886-300x169.jpg 300w, https:\/\/www.neufundlaender-vom-baerenfels.de\/wp-content\/uploads\/2017\/07\/DSCN9886-768x432.jpg 768w, https:\/\/www.neufundlaender-vom-baerenfels.de\/wp-content\/uploads\/2017\/07\/DSCN9886-1024x576.jpg 1024w\" sizes=\"auto, (max-width: 3968px) 100vw, 3968px\" \/><\/a><\/p>\n<p>&nbsp;<\/p>\n<p>Das ist ja allerhand: Da wird man am Abend des 17.07. aus dem Schlaf gerissen und dann leuchtet einem so ein komisches Blitzdings genau in die Augen. Wie soll man denn sch\u00f6n gucken, wenn man m\u00fcde ist? Schnell die Augen schlie\u00dfen. Dann passiert mir nix!<\/p>\n<div id='gallery-2' class='gallery galleryid-5069 gallery-columns-2 gallery-size-full'><figure class='gallery-item'>\n\t\t\t<div class='gallery-icon landscape'>\n\t\t\t\t<a href='https:\/\/www.neufundlaender-vom-baerenfels.de\/?attachment_id=5230'><img loading=\"lazy\" decoding=\"async\" width=\"1890\" height=\"1063\" src=\"https:\/\/www.neufundlaender-vom-baerenfels.de\/wp-content\/uploads\/2017\/07\/N0120.jpg\" class=\"attachment-full size-full\" alt=\"\" srcset=\"https:\/\/www.neufundlaender-vom-baerenfels.de\/wp-content\/uploads\/2017\/07\/N0120.jpg 1890w, https:\/\/www.neufundlaender-vom-baerenfels.de\/wp-content\/uploads\/2017\/07\/N0120-300x169.jpg 300w, https:\/\/www.neufundlaender-vom-baerenfels.de\/wp-content\/uploads\/2017\/07\/N0120-768x432.jpg 768w, https:\/\/www.neufundlaender-vom-baerenfels.de\/wp-content\/uploads\/2017\/07\/N0120-1024x576.jpg 1024w\" sizes=\"auto, (max-width: 1890px) 100vw, 1890px\" \/><\/a>\n\t\t\t<\/div><\/figure><figure class='gallery-item'>\n\t\t\t<div class='gallery-icon landscape'>\n\t\t\t\t<a href='https:\/\/www.neufundlaender-vom-baerenfels.de\/?attachment_id=5231'><img loading=\"lazy\" decoding=\"async\" width=\"1890\" height=\"1063\" src=\"https:\/\/www.neufundlaender-vom-baerenfels.de\/wp-content\/uploads\/2017\/07\/N0121.jpg\" class=\"attachment-full size-full\" alt=\"\" srcset=\"https:\/\/www.neufundlaender-vom-baerenfels.de\/wp-content\/uploads\/2017\/07\/N0121.jpg 1890w, https:\/\/www.neufundlaender-vom-baerenfels.de\/wp-content\/uploads\/2017\/07\/N0121-300x169.jpg 300w, https:\/\/www.neufundlaender-vom-baerenfels.de\/wp-content\/uploads\/2017\/07\/N0121-768x432.jpg 768w, https:\/\/www.neufundlaender-vom-baerenfels.de\/wp-content\/uploads\/2017\/07\/N0121-1024x576.jpg 1024w\" sizes=\"auto, (max-width: 1890px) 100vw, 1890px\" \/><\/a>\n\t\t\t<\/div><\/figure><figure class='gallery-item'>\n\t\t\t<div class='gallery-icon landscape'>\n\t\t\t\t<a href='https:\/\/www.neufundlaender-vom-baerenfels.de\/?attachment_id=5232'><img loading=\"lazy\" decoding=\"async\" width=\"1890\" height=\"1063\" src=\"https:\/\/www.neufundlaender-vom-baerenfels.de\/wp-content\/uploads\/2017\/07\/N0122.jpg\" class=\"attachment-full size-full\" alt=\"\" srcset=\"https:\/\/www.neufundlaender-vom-baerenfels.de\/wp-content\/uploads\/2017\/07\/N0122.jpg 1890w, https:\/\/www.neufundlaender-vom-baerenfels.de\/wp-content\/uploads\/2017\/07\/N0122-300x169.jpg 300w, https:\/\/www.neufundlaender-vom-baerenfels.de\/wp-content\/uploads\/2017\/07\/N0122-768x432.jpg 768w, https:\/\/www.neufundlaender-vom-baerenfels.de\/wp-content\/uploads\/2017\/07\/N0122-1024x576.jpg 1024w\" sizes=\"auto, (max-width: 1890px) 100vw, 1890px\" \/><\/a>\n\t\t\t<\/div><\/figure><figure class='gallery-item'>\n\t\t\t<div class='gallery-icon landscape'>\n\t\t\t\t<a href='https:\/\/www.neufundlaender-vom-baerenfels.de\/?attachment_id=5220'><img loading=\"lazy\" decoding=\"async\" width=\"1890\" height=\"1063\" src=\"https:\/\/www.neufundlaender-vom-baerenfels.de\/wp-content\/uploads\/2017\/07\/N0098.jpg\" class=\"attachment-full size-full\" alt=\"\" srcset=\"https:\/\/www.neufundlaender-vom-baerenfels.de\/wp-content\/uploads\/2017\/07\/N0098.jpg 1890w, https:\/\/www.neufundlaender-vom-baerenfels.de\/wp-content\/uploads\/2017\/07\/N0098-300x169.jpg 300w, https:\/\/www.neufundlaender-vom-baerenfels.de\/wp-content\/uploads\/2017\/07\/N0098-768x432.jpg 768w, https:\/\/www.neufundlaender-vom-baerenfels.de\/wp-content\/uploads\/2017\/07\/N0098-1024x576.jpg 1024w\" sizes=\"auto, (max-width: 1890px) 100vw, 1890px\" \/><\/a>\n\t\t\t<\/div><\/figure><figure class='gallery-item'>\n\t\t\t<div class='gallery-icon landscape'>\n\t\t\t\t<a href='https:\/\/www.neufundlaender-vom-baerenfels.de\/?attachment_id=5221'><img loading=\"lazy\" decoding=\"async\" width=\"1890\" height=\"1063\" src=\"https:\/\/www.neufundlaender-vom-baerenfels.de\/wp-content\/uploads\/2017\/07\/N0103.jpg\" class=\"attachment-full size-full\" alt=\"\" srcset=\"https:\/\/www.neufundlaender-vom-baerenfels.de\/wp-content\/uploads\/2017\/07\/N0103.jpg 1890w, https:\/\/www.neufundlaender-vom-baerenfels.de\/wp-content\/uploads\/2017\/07\/N0103-300x169.jpg 300w, https:\/\/www.neufundlaender-vom-baerenfels.de\/wp-content\/uploads\/2017\/07\/N0103-768x432.jpg 768w, https:\/\/www.neufundlaender-vom-baerenfels.de\/wp-content\/uploads\/2017\/07\/N0103-1024x576.jpg 1024w\" sizes=\"auto, (max-width: 1890px) 100vw, 1890px\" \/><\/a>\n\t\t\t<\/div><\/figure><figure class='gallery-item'>\n\t\t\t<div class='gallery-icon landscape'>\n\t\t\t\t<a href='https:\/\/www.neufundlaender-vom-baerenfels.de\/?attachment_id=5223'><img loading=\"lazy\" decoding=\"async\" width=\"1890\" height=\"1063\" src=\"https:\/\/www.neufundlaender-vom-baerenfels.de\/wp-content\/uploads\/2017\/07\/N0107.jpg\" class=\"attachment-full size-full\" alt=\"\" srcset=\"https:\/\/www.neufundlaender-vom-baerenfels.de\/wp-content\/uploads\/2017\/07\/N0107.jpg 1890w, https:\/\/www.neufundlaender-vom-baerenfels.de\/wp-content\/uploads\/2017\/07\/N0107-300x169.jpg 300w, https:\/\/www.neufundlaender-vom-baerenfels.de\/wp-content\/uploads\/2017\/07\/N0107-768x432.jpg 768w, https:\/\/www.neufundlaender-vom-baerenfels.de\/wp-content\/uploads\/2017\/07\/N0107-1024x576.jpg 1024w\" sizes=\"auto, (max-width: 1890px) 100vw, 1890px\" \/><\/a>\n\t\t\t<\/div><\/figure><figure class='gallery-item'>\n\t\t\t<div class='gallery-icon landscape'>\n\t\t\t\t<a href='https:\/\/www.neufundlaender-vom-baerenfels.de\/?attachment_id=5226'><img loading=\"lazy\" decoding=\"async\" width=\"1890\" height=\"1063\" src=\"https:\/\/www.neufundlaender-vom-baerenfels.de\/wp-content\/uploads\/2017\/07\/N0113.jpg\" class=\"attachment-full size-full\" alt=\"\" srcset=\"https:\/\/www.neufundlaender-vom-baerenfels.de\/wp-content\/uploads\/2017\/07\/N0113.jpg 1890w, https:\/\/www.neufundlaender-vom-baerenfels.de\/wp-content\/uploads\/2017\/07\/N0113-300x169.jpg 300w, https:\/\/www.neufundlaender-vom-baerenfels.de\/wp-content\/uploads\/2017\/07\/N0113-768x432.jpg 768w, https:\/\/www.neufundlaender-vom-baerenfels.de\/wp-content\/uploads\/2017\/07\/N0113-1024x576.jpg 1024w\" sizes=\"auto, (max-width: 1890px) 100vw, 1890px\" \/><\/a>\n\t\t\t<\/div><\/figure><figure class='gallery-item'>\n\t\t\t<div class='gallery-icon landscape'>\n\t\t\t\t<a href='https:\/\/www.neufundlaender-vom-baerenfels.de\/?attachment_id=5229'><img loading=\"lazy\" decoding=\"async\" width=\"1890\" height=\"1063\" src=\"https:\/\/www.neufundlaender-vom-baerenfels.de\/wp-content\/uploads\/2017\/07\/N0119.jpg\" class=\"attachment-full size-full\" alt=\"\" srcset=\"https:\/\/www.neufundlaender-vom-baerenfels.de\/wp-content\/uploads\/2017\/07\/N0119.jpg 1890w, https:\/\/www.neufundlaender-vom-baerenfels.de\/wp-content\/uploads\/2017\/07\/N0119-300x169.jpg 300w, https:\/\/www.neufundlaender-vom-baerenfels.de\/wp-content\/uploads\/2017\/07\/N0119-768x432.jpg 768w, https:\/\/www.neufundlaender-vom-baerenfels.de\/wp-content\/uploads\/2017\/07\/N0119-1024x576.jpg 1024w\" sizes=\"auto, (max-width: 1890px) 100vw, 1890px\" \/><\/a>\n\t\t\t<\/div><\/figure><figure class='gallery-item'>\n\t\t\t<div class='gallery-icon portrait'>\n\t\t\t\t<a href='https:\/\/www.neufundlaender-vom-baerenfels.de\/?attachment_id=5222'><img loading=\"lazy\" decoding=\"async\" width=\"1063\" height=\"1890\" src=\"https:\/\/www.neufundlaender-vom-baerenfels.de\/wp-content\/uploads\/2017\/07\/N0104.jpg\" class=\"attachment-full size-full\" alt=\"\" srcset=\"https:\/\/www.neufundlaender-vom-baerenfels.de\/wp-content\/uploads\/2017\/07\/N0104.jpg 1063w, https:\/\/www.neufundlaender-vom-baerenfels.de\/wp-content\/uploads\/2017\/07\/N0104-169x300.jpg 169w, https:\/\/www.neufundlaender-vom-baerenfels.de\/wp-content\/uploads\/2017\/07\/N0104-768x1365.jpg 768w, https:\/\/www.neufundlaender-vom-baerenfels.de\/wp-content\/uploads\/2017\/07\/N0104-576x1024.jpg 576w\" sizes=\"auto, (max-width: 1063px) 100vw, 1063px\" \/><\/a>\n\t\t\t<\/div><\/figure><figure class='gallery-item'>\n\t\t\t<div class='gallery-icon portrait'>\n\t\t\t\t<a href='https:\/\/www.neufundlaender-vom-baerenfels.de\/?attachment_id=5224'><img loading=\"lazy\" decoding=\"async\" width=\"1063\" height=\"1890\" src=\"https:\/\/www.neufundlaender-vom-baerenfels.de\/wp-content\/uploads\/2017\/07\/N0109.jpg\" class=\"attachment-full size-full\" alt=\"\" srcset=\"https:\/\/www.neufundlaender-vom-baerenfels.de\/wp-content\/uploads\/2017\/07\/N0109.jpg 1063w, https:\/\/www.neufundlaender-vom-baerenfels.de\/wp-content\/uploads\/2017\/07\/N0109-169x300.jpg 169w, https:\/\/www.neufundlaender-vom-baerenfels.de\/wp-content\/uploads\/2017\/07\/N0109-768x1365.jpg 768w, https:\/\/www.neufundlaender-vom-baerenfels.de\/wp-content\/uploads\/2017\/07\/N0109-576x1024.jpg 576w\" sizes=\"auto, (max-width: 1063px) 100vw, 1063px\" \/><\/a>\n\t\t\t<\/div><\/figure><figure class='gallery-item'>\n\t\t\t<div class='gallery-icon portrait'>\n\t\t\t\t<a href='https:\/\/www.neufundlaender-vom-baerenfels.de\/?attachment_id=5225'><img loading=\"lazy\" decoding=\"async\" width=\"1063\" height=\"1890\" src=\"https:\/\/www.neufundlaender-vom-baerenfels.de\/wp-content\/uploads\/2017\/07\/N0110.jpg\" class=\"attachment-full size-full\" alt=\"\" srcset=\"https:\/\/www.neufundlaender-vom-baerenfels.de\/wp-content\/uploads\/2017\/07\/N0110.jpg 1063w, https:\/\/www.neufundlaender-vom-baerenfels.de\/wp-content\/uploads\/2017\/07\/N0110-169x300.jpg 169w, https:\/\/www.neufundlaender-vom-baerenfels.de\/wp-content\/uploads\/2017\/07\/N0110-768x1365.jpg 768w, https:\/\/www.neufundlaender-vom-baerenfels.de\/wp-content\/uploads\/2017\/07\/N0110-576x1024.jpg 576w\" sizes=\"auto, (max-width: 1063px) 100vw, 1063px\" \/><\/a>\n\t\t\t<\/div><\/figure><figure class='gallery-item'>\n\t\t\t<div class='gallery-icon portrait'>\n\t\t\t\t<a href='https:\/\/www.neufundlaender-vom-baerenfels.de\/?attachment_id=5228'><img loading=\"lazy\" decoding=\"async\" width=\"1063\" height=\"1890\" src=\"https:\/\/www.neufundlaender-vom-baerenfels.de\/wp-content\/uploads\/2017\/07\/N0117.jpg\" class=\"attachment-full size-full\" alt=\"\" srcset=\"https:\/\/www.neufundlaender-vom-baerenfels.de\/wp-content\/uploads\/2017\/07\/N0117.jpg 1063w, https:\/\/www.neufundlaender-vom-baerenfels.de\/wp-content\/uploads\/2017\/07\/N0117-169x300.jpg 169w, https:\/\/www.neufundlaender-vom-baerenfels.de\/wp-content\/uploads\/2017\/07\/N0117-768x1365.jpg 768w, https:\/\/www.neufundlaender-vom-baerenfels.de\/wp-content\/uploads\/2017\/07\/N0117-576x1024.jpg 576w\" sizes=\"auto, (max-width: 1063px) 100vw, 1063px\" \/><\/a>\n\t\t\t<\/div><\/figure>\n\t\t<\/div>\n\n<p><a href=\"https:\/\/www.neufundlaender-vom-baerenfels.de\/?attachment_id=5258\" rel=\"attachment wp-att-5258\"><img loading=\"lazy\" decoding=\"async\" class=\"alignleft size-full wp-image-5258\" src=\"https:\/\/www.neufundlaender-vom-baerenfels.de\/wp-content\/uploads\/2017\/07\/Lachs.jpg\" alt=\"\" width=\"1890\" height=\"1063\" srcset=\"https:\/\/www.neufundlaender-vom-baerenfels.de\/wp-content\/uploads\/2017\/07\/Lachs.jpg 1890w, https:\/\/www.neufundlaender-vom-baerenfels.de\/wp-content\/uploads\/2017\/07\/Lachs-300x169.jpg 300w, https:\/\/www.neufundlaender-vom-baerenfels.de\/wp-content\/uploads\/2017\/07\/Lachs-768x432.jpg 768w, https:\/\/www.neufundlaender-vom-baerenfels.de\/wp-content\/uploads\/2017\/07\/Lachs-1024x576.jpg 1024w\" sizes=\"auto, (max-width: 1890px) 100vw, 1890px\" \/><\/a><\/p>\n","protected":false},"excerpt":{"rendered":"<p>H\u00fcndin braun, lachsfarbenes B\u00e4ndchen, gro\u00dfer wei\u00dfer Brustfleck, wei\u00dfe Zehen links und rechts an den Hinterf\u00fc\u00dfchen geboren am 22.06.2017 um 0:20 Uhr Geburtsgewicht: 530 g Clara vom B\u00e4renfels umgezogen am 07.09.2017 nach Baden W\u00fcrttemberg, Landkreis Karlsruhe mit einem &#8222;\u00dcbergabegewicht&#8220; von 16,5 kg &nbsp; &nbsp; Das ist ja allerhand: Da wird man am Abend des 17.07. aus &hellip; <a href=\"https:\/\/www.neufundlaender-vom-baerenfels.de\/?page_id=5069\" class=\"more-link\"><span class=\"screen-reader-text\">Welpe 9 Lachs<\/span> weiterlesen <span class=\"meta-nav\">&rarr;<\/span><\/a><\/p>\n","protected":false},"author":1,"featured_media":0,"parent":0,"menu_order":0,"comment_status":"closed","ping_status":"closed","template":"","meta":{"ngg_post_thumbnail":0,"footnotes":""},"class_list":["post-5069","page","type-page","status-publish","hentry"],"_links":{"self":[{"href":"https:\/\/www.neufundlaender-vom-baerenfels.de\/index.php?rest_route=\/wp\/v2\/pages\/5069","targetHints":{"allow":["GET"]}}],"collection":[{"href":"https:\/\/www.neufundlaender-vom-baerenfels.de\/index.php?rest_route=\/wp\/v2\/pages"}],"about":[{"href":"https:\/\/www.neufundlaender-vom-baerenfels.de\/index.php?rest_route=\/wp\/v2\/types\/page"}],"author":[{"embeddable":true,"href":"https:\/\/www.neufundlaender-vom-baerenfels.de\/index.php?rest_route=\/wp\/v2\/users\/1"}],"replies":[{"embeddable":true,"href":"https:\/\/www.neufundlaender-vom-baerenfels.de\/index.php?rest_route=%2Fwp%2Fv2%2Fcomments&post=5069"}],"version-history":[{"count":25,"href":"https:\/\/www.neufundlaender-vom-baerenfels.de\/index.php?rest_route=\/wp\/v2\/pages\/5069\/revisions"}],"predecessor-version":[{"id":5564,"href":"https:\/\/www.neufundlaender-vom-baerenfels.de\/index.php?rest_route=\/wp\/v2\/pages\/5069\/revisions\/5564"}],"wp:attachment":[{"href":"https:\/\/www.neufundlaender-vom-baerenfels.de\/index.php?rest_route=%2Fwp%2Fv2%2Fmedia&parent=5069"}],"curies":[{"name":"wp","href":"https:\/\/api.w.org\/{rel}","templated":true}]}}