{"id":5072,"date":"2017-07-02T12:19:57","date_gmt":"2017-07-02T11:19:57","guid":{"rendered":"http:\/\/www.neufundlaender-vom-baerenfels.de\/?page_id=5072"},"modified":"2017-09-09T10:02:45","modified_gmt":"2017-09-09T09:02:45","slug":"welpe-10-orange","status":"publish","type":"page","link":"https:\/\/www.neufundlaender-vom-baerenfels.de\/?page_id=5072","title":{"rendered":"Welpe 10 Orange"},"content":{"rendered":"<p>H\u00fcndin schwarz, orangenes B\u00e4ndchen<br \/>\ngeboren am 22.06.2017 um 0:35 Uhr<br \/>\nGeburtsgewicht: 420 g<\/p>\n<p>Besonderes Kennzeichen: Wei\u00dfe Kinnspitze, wei\u00dfe Fu\u00dfspitzen an den Hinterbeinen und gaaaanz verschmust und anh\u00e4nglich.<\/p>\n<h1>Cathy vom B\u00e4renfels<\/h1>\n<p>ausgezogen am 09.09.2017 nach Bayern, Landkreis Berchtesgadener Land, Regierungsbezirk Oberbayern<\/p>\n<p>mit einem &#8222;\u00dcbergabegewicht&#8220; von13,1 kg.<a href=\"https:\/\/www.neufundlaender-vom-baerenfels.de\/?attachment_id=5566\" rel=\"attachment wp-att-5566\"><img loading=\"lazy\" decoding=\"async\" class=\"aligncenter wp-image-5566\" src=\"https:\/\/www.neufundlaender-vom-baerenfels.de\/wp-content\/uploads\/2017\/07\/Welpe-10-Angerer.jpg\" alt=\"\" width=\"900\" height=\"1300\" srcset=\"https:\/\/www.neufundlaender-vom-baerenfels.de\/wp-content\/uploads\/2017\/07\/Welpe-10-Angerer.jpg 1063w, https:\/\/www.neufundlaender-vom-baerenfels.de\/wp-content\/uploads\/2017\/07\/Welpe-10-Angerer-208x300.jpg 208w, https:\/\/www.neufundlaender-vom-baerenfels.de\/wp-content\/uploads\/2017\/07\/Welpe-10-Angerer-768x1109.jpg 768w, https:\/\/www.neufundlaender-vom-baerenfels.de\/wp-content\/uploads\/2017\/07\/Welpe-10-Angerer-709x1024.jpg 709w\" sizes=\"auto, (max-width: 900px) 100vw, 900px\" \/><\/a><\/p>\n<p>&nbsp;<\/p>\n<div id='gallery-1' class='gallery galleryid-5072 gallery-columns-3 gallery-size-full'><figure class='gallery-item'>\n\t\t\t<div class='gallery-icon portrait'>\n\t\t\t\t<a href='https:\/\/www.neufundlaender-vom-baerenfels.de\/?attachment_id=4963'><img loading=\"lazy\" decoding=\"async\" width=\"1063\" height=\"1535\" src=\"https:\/\/www.neufundlaender-vom-baerenfels.de\/wp-content\/uploads\/2017\/06\/Teddybild-10-HO-240617.jpg\" class=\"attachment-full size-full\" alt=\"\" srcset=\"https:\/\/www.neufundlaender-vom-baerenfels.de\/wp-content\/uploads\/2017\/06\/Teddybild-10-HO-240617.jpg 1063w, https:\/\/www.neufundlaender-vom-baerenfels.de\/wp-content\/uploads\/2017\/06\/Teddybild-10-HO-240617-208x300.jpg 208w, https:\/\/www.neufundlaender-vom-baerenfels.de\/wp-content\/uploads\/2017\/06\/Teddybild-10-HO-240617-768x1109.jpg 768w, https:\/\/www.neufundlaender-vom-baerenfels.de\/wp-content\/uploads\/2017\/06\/Teddybild-10-HO-240617-709x1024.jpg 709w\" sizes=\"auto, (max-width: 1063px) 100vw, 1063px\" \/><\/a>\n\t\t\t<\/div><\/figure><figure class='gallery-item'>\n\t\t\t<div class='gallery-icon portrait'>\n\t\t\t\t<a href='https:\/\/www.neufundlaender-vom-baerenfels.de\/?attachment_id=4998'><img loading=\"lazy\" decoding=\"async\" width=\"1063\" height=\"1535\" src=\"https:\/\/www.neufundlaender-vom-baerenfels.de\/wp-content\/uploads\/2017\/06\/Teddybild-10-HO-010717.jpg\" class=\"attachment-full size-full\" alt=\"\" srcset=\"https:\/\/www.neufundlaender-vom-baerenfels.de\/wp-content\/uploads\/2017\/06\/Teddybild-10-HO-010717.jpg 1063w, https:\/\/www.neufundlaender-vom-baerenfels.de\/wp-content\/uploads\/2017\/06\/Teddybild-10-HO-010717-208x300.jpg 208w, https:\/\/www.neufundlaender-vom-baerenfels.de\/wp-content\/uploads\/2017\/06\/Teddybild-10-HO-010717-768x1109.jpg 768w, https:\/\/www.neufundlaender-vom-baerenfels.de\/wp-content\/uploads\/2017\/06\/Teddybild-10-HO-010717-709x1024.jpg 709w\" sizes=\"auto, (max-width: 1063px) 100vw, 1063px\" \/><\/a>\n\t\t\t<\/div><\/figure><figure class='gallery-item'>\n\t\t\t<div class='gallery-icon portrait'>\n\t\t\t\t<a href='https:\/\/www.neufundlaender-vom-baerenfels.de\/?attachment_id=5144'><img loading=\"lazy\" decoding=\"async\" width=\"1063\" height=\"1535\" src=\"https:\/\/www.neufundlaender-vom-baerenfels.de\/wp-content\/uploads\/2017\/06\/Teddybild-10-HO-080717.jpg\" class=\"attachment-full size-full\" alt=\"\" srcset=\"https:\/\/www.neufundlaender-vom-baerenfels.de\/wp-content\/uploads\/2017\/06\/Teddybild-10-HO-080717.jpg 1063w, https:\/\/www.neufundlaender-vom-baerenfels.de\/wp-content\/uploads\/2017\/06\/Teddybild-10-HO-080717-208x300.jpg 208w, https:\/\/www.neufundlaender-vom-baerenfels.de\/wp-content\/uploads\/2017\/06\/Teddybild-10-HO-080717-768x1109.jpg 768w, https:\/\/www.neufundlaender-vom-baerenfels.de\/wp-content\/uploads\/2017\/06\/Teddybild-10-HO-080717-709x1024.jpg 709w\" sizes=\"auto, (max-width: 1063px) 100vw, 1063px\" \/><\/a>\n\t\t\t<\/div><\/figure><figure class='gallery-item'>\n\t\t\t<div class='gallery-icon portrait'>\n\t\t\t\t<a href='https:\/\/www.neufundlaender-vom-baerenfels.de\/?attachment_id=5187'><img loading=\"lazy\" decoding=\"async\" width=\"1063\" height=\"1535\" src=\"https:\/\/www.neufundlaender-vom-baerenfels.de\/wp-content\/uploads\/2017\/06\/Teddybild-10-HO-150717.jpg\" class=\"attachment-full size-full\" alt=\"\" srcset=\"https:\/\/www.neufundlaender-vom-baerenfels.de\/wp-content\/uploads\/2017\/06\/Teddybild-10-HO-150717.jpg 1063w, https:\/\/www.neufundlaender-vom-baerenfels.de\/wp-content\/uploads\/2017\/06\/Teddybild-10-HO-150717-208x300.jpg 208w, https:\/\/www.neufundlaender-vom-baerenfels.de\/wp-content\/uploads\/2017\/06\/Teddybild-10-HO-150717-768x1109.jpg 768w, https:\/\/www.neufundlaender-vom-baerenfels.de\/wp-content\/uploads\/2017\/06\/Teddybild-10-HO-150717-709x1024.jpg 709w\" sizes=\"auto, (max-width: 1063px) 100vw, 1063px\" \/><\/a>\n\t\t\t<\/div><\/figure><figure class='gallery-item'>\n\t\t\t<div class='gallery-icon portrait'>\n\t\t\t\t<a href='https:\/\/www.neufundlaender-vom-baerenfels.de\/?attachment_id=5272'><img loading=\"lazy\" decoding=\"async\" width=\"1063\" height=\"1535\" src=\"https:\/\/www.neufundlaender-vom-baerenfels.de\/wp-content\/uploads\/2017\/06\/Teddybild-10-HO220717.jpg\" class=\"attachment-full size-full\" alt=\"\" srcset=\"https:\/\/www.neufundlaender-vom-baerenfels.de\/wp-content\/uploads\/2017\/06\/Teddybild-10-HO220717.jpg 1063w, https:\/\/www.neufundlaender-vom-baerenfels.de\/wp-content\/uploads\/2017\/06\/Teddybild-10-HO220717-208x300.jpg 208w, https:\/\/www.neufundlaender-vom-baerenfels.de\/wp-content\/uploads\/2017\/06\/Teddybild-10-HO220717-768x1109.jpg 768w, https:\/\/www.neufundlaender-vom-baerenfels.de\/wp-content\/uploads\/2017\/06\/Teddybild-10-HO220717-709x1024.jpg 709w\" sizes=\"auto, (max-width: 1063px) 100vw, 1063px\" \/><\/a>\n\t\t\t<\/div><\/figure><figure class='gallery-item'>\n\t\t\t<div class='gallery-icon portrait'>\n\t\t\t\t<a href='https:\/\/www.neufundlaender-vom-baerenfels.de\/?attachment_id=5328'><img loading=\"lazy\" decoding=\"async\" width=\"1063\" height=\"1535\" src=\"https:\/\/www.neufundlaender-vom-baerenfels.de\/wp-content\/uploads\/2017\/06\/Teddybild-10-HO290717.jpg\" class=\"attachment-full size-full\" alt=\"\" srcset=\"https:\/\/www.neufundlaender-vom-baerenfels.de\/wp-content\/uploads\/2017\/06\/Teddybild-10-HO290717.jpg 1063w, https:\/\/www.neufundlaender-vom-baerenfels.de\/wp-content\/uploads\/2017\/06\/Teddybild-10-HO290717-208x300.jpg 208w, https:\/\/www.neufundlaender-vom-baerenfels.de\/wp-content\/uploads\/2017\/06\/Teddybild-10-HO290717-768x1109.jpg 768w, https:\/\/www.neufundlaender-vom-baerenfels.de\/wp-content\/uploads\/2017\/06\/Teddybild-10-HO290717-709x1024.jpg 709w\" sizes=\"auto, (max-width: 1063px) 100vw, 1063px\" \/><\/a>\n\t\t\t<\/div><\/figure><figure class='gallery-item'>\n\t\t\t<div class='gallery-icon portrait'>\n\t\t\t\t<a href='https:\/\/www.neufundlaender-vom-baerenfels.de\/?attachment_id=5393'><img loading=\"lazy\" decoding=\"async\" width=\"1063\" height=\"1535\" src=\"https:\/\/www.neufundlaender-vom-baerenfels.de\/wp-content\/uploads\/2017\/06\/Welpe-10-H\u00fcndin-Orange-050817.jpg\" class=\"attachment-full size-full\" alt=\"\" srcset=\"https:\/\/www.neufundlaender-vom-baerenfels.de\/wp-content\/uploads\/2017\/06\/Welpe-10-H\u00fcndin-Orange-050817.jpg 1063w, https:\/\/www.neufundlaender-vom-baerenfels.de\/wp-content\/uploads\/2017\/06\/Welpe-10-H\u00fcndin-Orange-050817-208x300.jpg 208w, https:\/\/www.neufundlaender-vom-baerenfels.de\/wp-content\/uploads\/2017\/06\/Welpe-10-H\u00fcndin-Orange-050817-768x1109.jpg 768w, https:\/\/www.neufundlaender-vom-baerenfels.de\/wp-content\/uploads\/2017\/06\/Welpe-10-H\u00fcndin-Orange-050817-709x1024.jpg 709w\" sizes=\"auto, (max-width: 1063px) 100vw, 1063px\" \/><\/a>\n\t\t\t<\/div><\/figure><figure class='gallery-item'>\n\t\t\t<div class='gallery-icon portrait'>\n\t\t\t\t<a href='https:\/\/www.neufundlaender-vom-baerenfels.de\/?attachment_id=5420'><img loading=\"lazy\" decoding=\"async\" width=\"1063\" height=\"1535\" src=\"https:\/\/www.neufundlaender-vom-baerenfels.de\/wp-content\/uploads\/2017\/06\/Welpe-10-H\u00fcndin-Orange-120817.jpg\" class=\"attachment-full size-full\" alt=\"\" srcset=\"https:\/\/www.neufundlaender-vom-baerenfels.de\/wp-content\/uploads\/2017\/06\/Welpe-10-H\u00fcndin-Orange-120817.jpg 1063w, https:\/\/www.neufundlaender-vom-baerenfels.de\/wp-content\/uploads\/2017\/06\/Welpe-10-H\u00fcndin-Orange-120817-208x300.jpg 208w, https:\/\/www.neufundlaender-vom-baerenfels.de\/wp-content\/uploads\/2017\/06\/Welpe-10-H\u00fcndin-Orange-120817-768x1109.jpg 768w, https:\/\/www.neufundlaender-vom-baerenfels.de\/wp-content\/uploads\/2017\/06\/Welpe-10-H\u00fcndin-Orange-120817-709x1024.jpg 709w\" sizes=\"auto, (max-width: 1063px) 100vw, 1063px\" \/><\/a>\n\t\t\t<\/div><\/figure><figure class='gallery-item'>\n\t\t\t<div class='gallery-icon portrait'>\n\t\t\t\t<a href='https:\/\/www.neufundlaender-vom-baerenfels.de\/?attachment_id=5494'><img loading=\"lazy\" decoding=\"async\" width=\"1063\" height=\"1535\" src=\"https:\/\/www.neufundlaender-vom-baerenfels.de\/wp-content\/uploads\/2017\/06\/Welpe-10-H\u00fcndin-Orange-190817.jpg\" class=\"attachment-full size-full\" alt=\"\" srcset=\"https:\/\/www.neufundlaender-vom-baerenfels.de\/wp-content\/uploads\/2017\/06\/Welpe-10-H\u00fcndin-Orange-190817.jpg 1063w, https:\/\/www.neufundlaender-vom-baerenfels.de\/wp-content\/uploads\/2017\/06\/Welpe-10-H\u00fcndin-Orange-190817-208x300.jpg 208w, https:\/\/www.neufundlaender-vom-baerenfels.de\/wp-content\/uploads\/2017\/06\/Welpe-10-H\u00fcndin-Orange-190817-768x1109.jpg 768w, https:\/\/www.neufundlaender-vom-baerenfels.de\/wp-content\/uploads\/2017\/06\/Welpe-10-H\u00fcndin-Orange-190817-709x1024.jpg 709w\" sizes=\"auto, (max-width: 1063px) 100vw, 1063px\" \/><\/a>\n\t\t\t<\/div><\/figure>\n\t\t<\/div>\n\n<p><a href=\"https:\/\/www.neufundlaender-vom-baerenfels.de\/?attachment_id=5255\" rel=\"attachment wp-att-5255\"><img loading=\"lazy\" decoding=\"async\" class=\"alignleft size-full wp-image-5255\" src=\"https:\/\/www.neufundlaender-vom-baerenfels.de\/wp-content\/uploads\/2017\/07\/M\u00e4del-Orange1.png\" alt=\"\" width=\"1280\" height=\"738\" srcset=\"https:\/\/www.neufundlaender-vom-baerenfels.de\/wp-content\/uploads\/2017\/07\/M\u00e4del-Orange1.png 1280w, https:\/\/www.neufundlaender-vom-baerenfels.de\/wp-content\/uploads\/2017\/07\/M\u00e4del-Orange1-300x173.png 300w, https:\/\/www.neufundlaender-vom-baerenfels.de\/wp-content\/uploads\/2017\/07\/M\u00e4del-Orange1-768x443.png 768w, https:\/\/www.neufundlaender-vom-baerenfels.de\/wp-content\/uploads\/2017\/07\/M\u00e4del-Orange1-1024x590.png 1024w\" sizes=\"auto, (max-width: 1280px) 100vw, 1280px\" \/><\/a><\/p>\n<p>Bilder vom 01.08.2017:<\/p>\n<div id='gallery-2' class='gallery galleryid-5072 gallery-columns-3 gallery-size-large'><figure class='gallery-item'>\n\t\t\t<div class='gallery-icon portrait'>\n\t\t\t\t<a href='https:\/\/www.neufundlaender-vom-baerenfels.de\/?attachment_id=5367'><img loading=\"lazy\" decoding=\"async\" width=\"474\" height=\"843\" src=\"https:\/\/www.neufundlaender-vom-baerenfels.de\/wp-content\/uploads\/2017\/07\/Orange-576x1024.jpg\" class=\"attachment-large size-large\" alt=\"\" srcset=\"https:\/\/www.neufundlaender-vom-baerenfels.de\/wp-content\/uploads\/2017\/07\/Orange-576x1024.jpg 576w, https:\/\/www.neufundlaender-vom-baerenfels.de\/wp-content\/uploads\/2017\/07\/Orange-169x300.jpg 169w, https:\/\/www.neufundlaender-vom-baerenfels.de\/wp-content\/uploads\/2017\/07\/Orange-768x1365.jpg 768w\" sizes=\"auto, (max-width: 474px) 100vw, 474px\" \/><\/a>\n\t\t\t<\/div><\/figure><figure class='gallery-item'>\n\t\t\t<div class='gallery-icon portrait'>\n\t\t\t\t<a href='https:\/\/www.neufundlaender-vom-baerenfels.de\/?attachment_id=5368'><img loading=\"lazy\" decoding=\"async\" width=\"474\" height=\"843\" src=\"https:\/\/www.neufundlaender-vom-baerenfels.de\/wp-content\/uploads\/2017\/07\/Orange1-576x1024.jpg\" class=\"attachment-large size-large\" alt=\"\" srcset=\"https:\/\/www.neufundlaender-vom-baerenfels.de\/wp-content\/uploads\/2017\/07\/Orange1-576x1024.jpg 576w, https:\/\/www.neufundlaender-vom-baerenfels.de\/wp-content\/uploads\/2017\/07\/Orange1-169x300.jpg 169w, https:\/\/www.neufundlaender-vom-baerenfels.de\/wp-content\/uploads\/2017\/07\/Orange1-768x1365.jpg 768w\" sizes=\"auto, (max-width: 474px) 100vw, 474px\" \/><\/a>\n\t\t\t<\/div><\/figure><figure class='gallery-item'>\n\t\t\t<div class='gallery-icon portrait'>\n\t\t\t\t<a href='https:\/\/www.neufundlaender-vom-baerenfels.de\/?attachment_id=5369'><img loading=\"lazy\" decoding=\"async\" width=\"474\" height=\"843\" src=\"https:\/\/www.neufundlaender-vom-baerenfels.de\/wp-content\/uploads\/2017\/07\/Orange2-576x1024.jpg\" class=\"attachment-large size-large\" alt=\"\" srcset=\"https:\/\/www.neufundlaender-vom-baerenfels.de\/wp-content\/uploads\/2017\/07\/Orange2-576x1024.jpg 576w, https:\/\/www.neufundlaender-vom-baerenfels.de\/wp-content\/uploads\/2017\/07\/Orange2-169x300.jpg 169w, https:\/\/www.neufundlaender-vom-baerenfels.de\/wp-content\/uploads\/2017\/07\/Orange2-768x1365.jpg 768w\" sizes=\"auto, (max-width: 474px) 100vw, 474px\" \/><\/a>\n\t\t\t<\/div><\/figure>\n\t\t<\/div>\n\n<p>Am 01.08.2017 haben wir versucht, die beiden schwarzen H\u00fcndinnen Orange und Braun auf Video festzuhalten. Da bei den zw\u00f6lf B\u00e4renfels-Rackern immer der oder die Falsche ins Bild rennt, haben wir\u00a0 es mit &#8222;Einzelhaft&#8220; versucht. Die restlichen zehn wurden einfach ausgesperrt:<\/p>\n<p><iframe loading=\"lazy\" src=\"https:\/\/www.youtube.com\/embed\/2KHss7EYpg8\" width=\"560\" height=\"315\" frameborder=\"0\" allowfullscreen=\"allowfullscreen\"><\/iframe><\/p>\n","protected":false},"excerpt":{"rendered":"<p>H\u00fcndin schwarz, orangenes B\u00e4ndchen geboren am 22.06.2017 um 0:35 Uhr Geburtsgewicht: 420 g Besonderes Kennzeichen: Wei\u00dfe Kinnspitze, wei\u00dfe Fu\u00dfspitzen an den Hinterbeinen und gaaaanz verschmust und anh\u00e4nglich. Cathy vom B\u00e4renfels ausgezogen am 09.09.2017 nach Bayern, Landkreis Berchtesgadener Land, Regierungsbezirk Oberbayern mit einem &#8222;\u00dcbergabegewicht&#8220; von13,1 kg. &nbsp; Bilder vom 01.08.2017: Am 01.08.2017 haben wir versucht, die &hellip; <a href=\"https:\/\/www.neufundlaender-vom-baerenfels.de\/?page_id=5072\" class=\"more-link\"><span class=\"screen-reader-text\">Welpe 10 Orange<\/span> weiterlesen <span class=\"meta-nav\">&rarr;<\/span><\/a><\/p>\n","protected":false},"author":1,"featured_media":0,"parent":0,"menu_order":0,"comment_status":"closed","ping_status":"closed","template":"","meta":{"ngg_post_thumbnail":0,"footnotes":""},"class_list":["post-5072","page","type-page","status-publish","hentry"],"_links":{"self":[{"href":"https:\/\/www.neufundlaender-vom-baerenfels.de\/index.php?rest_route=\/wp\/v2\/pages\/5072","targetHints":{"allow":["GET"]}}],"collection":[{"href":"https:\/\/www.neufundlaender-vom-baerenfels.de\/index.php?rest_route=\/wp\/v2\/pages"}],"about":[{"href":"https:\/\/www.neufundlaender-vom-baerenfels.de\/index.php?rest_route=\/wp\/v2\/types\/page"}],"author":[{"embeddable":true,"href":"https:\/\/www.neufundlaender-vom-baerenfels.de\/index.php?rest_route=\/wp\/v2\/users\/1"}],"replies":[{"embeddable":true,"href":"https:\/\/www.neufundlaender-vom-baerenfels.de\/index.php?rest_route=%2Fwp%2Fv2%2Fcomments&post=5072"}],"version-history":[{"count":18,"href":"https:\/\/www.neufundlaender-vom-baerenfels.de\/index.php?rest_route=\/wp\/v2\/pages\/5072\/revisions"}],"predecessor-version":[{"id":5567,"href":"https:\/\/www.neufundlaender-vom-baerenfels.de\/index.php?rest_route=\/wp\/v2\/pages\/5072\/revisions\/5567"}],"wp:attachment":[{"href":"https:\/\/www.neufundlaender-vom-baerenfels.de\/index.php?rest_route=%2Fwp%2Fv2%2Fmedia&parent=5072"}],"curies":[{"name":"wp","href":"https:\/\/api.w.org\/{rel}","templated":true}]}}