{"id":5605,"date":"2017-09-11T18:02:10","date_gmt":"2017-09-11T17:02:10","guid":{"rendered":"http:\/\/www.neufundlaender-vom-baerenfels.de\/?page_id=5605"},"modified":"2017-11-12T19:40:58","modified_gmt":"2017-11-12T18:40:58","slug":"welpe-3-orange","status":"publish","type":"page","link":"https:\/\/www.neufundlaender-vom-baerenfels.de\/?page_id=5605","title":{"rendered":"Welpe 3 Orange"},"content":{"rendered":"<p>H\u00fcndin braun, orangenes B\u00e4ndchen<br \/>\ngeboren am 10.09.2017 um 7:20 Uhr<br \/>\nGeburtsgewicht: 710 g<\/p>\n<h1>Danny vom B\u00e4renfels<\/h1>\n<p>ist umgezogen am Sonntag, 12.11.2017 in die Schweiz, Kanton Appenzell Innerrhoden.<\/p>\n<p><a href=\"https:\/\/www.neufundlaender-vom-baerenfels.de\/?attachment_id=5767\" rel=\"attachment wp-att-5767\"><img loading=\"lazy\" decoding=\"async\" class=\"aligncenter wp-image-5767\" src=\"https:\/\/www.neufundlaender-vom-baerenfels.de\/wp-content\/uploads\/2017\/09\/Welpenk\u00e4ufer-D-Wurf-Welpe3.jpg\" alt=\"\" width=\"1063\" height=\"1535\" srcset=\"https:\/\/www.neufundlaender-vom-baerenfels.de\/wp-content\/uploads\/2017\/09\/Welpenk\u00e4ufer-D-Wurf-Welpe3.jpg 1063w, https:\/\/www.neufundlaender-vom-baerenfels.de\/wp-content\/uploads\/2017\/09\/Welpenk\u00e4ufer-D-Wurf-Welpe3-208x300.jpg 208w, https:\/\/www.neufundlaender-vom-baerenfels.de\/wp-content\/uploads\/2017\/09\/Welpenk\u00e4ufer-D-Wurf-Welpe3-768x1109.jpg 768w, https:\/\/www.neufundlaender-vom-baerenfels.de\/wp-content\/uploads\/2017\/09\/Welpenk\u00e4ufer-D-Wurf-Welpe3-709x1024.jpg 709w\" sizes=\"auto, (max-width: 1063px) 100vw, 1063px\" \/><\/a><\/p>\n<p>Hier die Teddybilder zum Gr\u00f6\u00dfenvergleich:<\/p>\n<div id='gallery-1' class='gallery galleryid-5605 gallery-columns-3 gallery-size-full'><figure class='gallery-item'>\n\t\t\t<div class='gallery-icon portrait'>\n\t\t\t\t<a href='https:\/\/www.neufundlaender-vom-baerenfels.de\/?attachment_id=5616'><img loading=\"lazy\" decoding=\"async\" width=\"1063\" height=\"1535\" src=\"https:\/\/www.neufundlaender-vom-baerenfels.de\/wp-content\/uploads\/2017\/09\/Welpe3-H\u00fcndin-braun120917.jpg\" class=\"attachment-full size-full\" alt=\"\" srcset=\"https:\/\/www.neufundlaender-vom-baerenfels.de\/wp-content\/uploads\/2017\/09\/Welpe3-H\u00fcndin-braun120917.jpg 1063w, https:\/\/www.neufundlaender-vom-baerenfels.de\/wp-content\/uploads\/2017\/09\/Welpe3-H\u00fcndin-braun120917-208x300.jpg 208w, https:\/\/www.neufundlaender-vom-baerenfels.de\/wp-content\/uploads\/2017\/09\/Welpe3-H\u00fcndin-braun120917-768x1109.jpg 768w, https:\/\/www.neufundlaender-vom-baerenfels.de\/wp-content\/uploads\/2017\/09\/Welpe3-H\u00fcndin-braun120917-709x1024.jpg 709w\" sizes=\"auto, (max-width: 1063px) 100vw, 1063px\" \/><\/a>\n\t\t\t<\/div><\/figure><figure class='gallery-item'>\n\t\t\t<div class='gallery-icon portrait'>\n\t\t\t\t<a href='https:\/\/www.neufundlaender-vom-baerenfels.de\/?attachment_id=5651'><img loading=\"lazy\" decoding=\"async\" width=\"1063\" height=\"1535\" src=\"https:\/\/www.neufundlaender-vom-baerenfels.de\/wp-content\/uploads\/2017\/09\/Welpe3-H\u00fcndin-braun190917-1.jpg\" class=\"attachment-full size-full\" alt=\"\" srcset=\"https:\/\/www.neufundlaender-vom-baerenfels.de\/wp-content\/uploads\/2017\/09\/Welpe3-H\u00fcndin-braun190917-1.jpg 1063w, https:\/\/www.neufundlaender-vom-baerenfels.de\/wp-content\/uploads\/2017\/09\/Welpe3-H\u00fcndin-braun190917-1-208x300.jpg 208w, https:\/\/www.neufundlaender-vom-baerenfels.de\/wp-content\/uploads\/2017\/09\/Welpe3-H\u00fcndin-braun190917-1-768x1109.jpg 768w, https:\/\/www.neufundlaender-vom-baerenfels.de\/wp-content\/uploads\/2017\/09\/Welpe3-H\u00fcndin-braun190917-1-709x1024.jpg 709w\" sizes=\"auto, (max-width: 1063px) 100vw, 1063px\" \/><\/a>\n\t\t\t<\/div><\/figure><figure class='gallery-item'>\n\t\t\t<div class='gallery-icon portrait'>\n\t\t\t\t<a href='https:\/\/www.neufundlaender-vom-baerenfels.de\/?attachment_id=5657'><img loading=\"lazy\" decoding=\"async\" width=\"1063\" height=\"1535\" src=\"https:\/\/www.neufundlaender-vom-baerenfels.de\/wp-content\/uploads\/2017\/09\/Welpe3-H\u00fcndin-braun1260917.jpg\" class=\"attachment-full size-full\" alt=\"\" srcset=\"https:\/\/www.neufundlaender-vom-baerenfels.de\/wp-content\/uploads\/2017\/09\/Welpe3-H\u00fcndin-braun1260917.jpg 1063w, https:\/\/www.neufundlaender-vom-baerenfels.de\/wp-content\/uploads\/2017\/09\/Welpe3-H\u00fcndin-braun1260917-208x300.jpg 208w, https:\/\/www.neufundlaender-vom-baerenfels.de\/wp-content\/uploads\/2017\/09\/Welpe3-H\u00fcndin-braun1260917-768x1109.jpg 768w, https:\/\/www.neufundlaender-vom-baerenfels.de\/wp-content\/uploads\/2017\/09\/Welpe3-H\u00fcndin-braun1260917-709x1024.jpg 709w\" sizes=\"auto, (max-width: 1063px) 100vw, 1063px\" \/><\/a>\n\t\t\t<\/div><\/figure><figure class='gallery-item'>\n\t\t\t<div class='gallery-icon portrait'>\n\t\t\t\t<a href='https:\/\/www.neufundlaender-vom-baerenfels.de\/?attachment_id=5677'><img loading=\"lazy\" decoding=\"async\" width=\"1063\" height=\"1535\" src=\"https:\/\/www.neufundlaender-vom-baerenfels.de\/wp-content\/uploads\/2017\/09\/Welpe3-H\u00fcndin-braun-021017.jpg\" class=\"attachment-full size-full\" alt=\"\" srcset=\"https:\/\/www.neufundlaender-vom-baerenfels.de\/wp-content\/uploads\/2017\/09\/Welpe3-H\u00fcndin-braun-021017.jpg 1063w, https:\/\/www.neufundlaender-vom-baerenfels.de\/wp-content\/uploads\/2017\/09\/Welpe3-H\u00fcndin-braun-021017-208x300.jpg 208w, https:\/\/www.neufundlaender-vom-baerenfels.de\/wp-content\/uploads\/2017\/09\/Welpe3-H\u00fcndin-braun-021017-768x1109.jpg 768w, https:\/\/www.neufundlaender-vom-baerenfels.de\/wp-content\/uploads\/2017\/09\/Welpe3-H\u00fcndin-braun-021017-709x1024.jpg 709w\" sizes=\"auto, (max-width: 1063px) 100vw, 1063px\" \/><\/a>\n\t\t\t<\/div><\/figure><figure class='gallery-item'>\n\t\t\t<div class='gallery-icon portrait'>\n\t\t\t\t<a href='https:\/\/www.neufundlaender-vom-baerenfels.de\/?attachment_id=5704'><img loading=\"lazy\" decoding=\"async\" width=\"1063\" height=\"1535\" src=\"https:\/\/www.neufundlaender-vom-baerenfels.de\/wp-content\/uploads\/2017\/09\/Welpe3-H\u00fcndin-braun-101017.jpg\" class=\"attachment-full size-full\" alt=\"\" srcset=\"https:\/\/www.neufundlaender-vom-baerenfels.de\/wp-content\/uploads\/2017\/09\/Welpe3-H\u00fcndin-braun-101017.jpg 1063w, https:\/\/www.neufundlaender-vom-baerenfels.de\/wp-content\/uploads\/2017\/09\/Welpe3-H\u00fcndin-braun-101017-208x300.jpg 208w, https:\/\/www.neufundlaender-vom-baerenfels.de\/wp-content\/uploads\/2017\/09\/Welpe3-H\u00fcndin-braun-101017-768x1109.jpg 768w, https:\/\/www.neufundlaender-vom-baerenfels.de\/wp-content\/uploads\/2017\/09\/Welpe3-H\u00fcndin-braun-101017-709x1024.jpg 709w\" sizes=\"auto, (max-width: 1063px) 100vw, 1063px\" \/><\/a>\n\t\t\t<\/div><\/figure><figure class='gallery-item'>\n\t\t\t<div class='gallery-icon portrait'>\n\t\t\t\t<a href='https:\/\/www.neufundlaender-vom-baerenfels.de\/?attachment_id=5722'><img loading=\"lazy\" decoding=\"async\" width=\"1063\" height=\"1535\" src=\"https:\/\/www.neufundlaender-vom-baerenfels.de\/wp-content\/uploads\/2017\/09\/Welpe3-H\u00fcndin-braun-171017.jpg\" class=\"attachment-full size-full\" alt=\"\" srcset=\"https:\/\/www.neufundlaender-vom-baerenfels.de\/wp-content\/uploads\/2017\/09\/Welpe3-H\u00fcndin-braun-171017.jpg 1063w, https:\/\/www.neufundlaender-vom-baerenfels.de\/wp-content\/uploads\/2017\/09\/Welpe3-H\u00fcndin-braun-171017-208x300.jpg 208w, https:\/\/www.neufundlaender-vom-baerenfels.de\/wp-content\/uploads\/2017\/09\/Welpe3-H\u00fcndin-braun-171017-768x1109.jpg 768w, https:\/\/www.neufundlaender-vom-baerenfels.de\/wp-content\/uploads\/2017\/09\/Welpe3-H\u00fcndin-braun-171017-709x1024.jpg 709w\" sizes=\"auto, (max-width: 1063px) 100vw, 1063px\" \/><\/a>\n\t\t\t<\/div><\/figure><figure class='gallery-item'>\n\t\t\t<div class='gallery-icon portrait'>\n\t\t\t\t<a href='https:\/\/www.neufundlaender-vom-baerenfels.de\/?attachment_id=5731'><img loading=\"lazy\" decoding=\"async\" width=\"1063\" height=\"1535\" src=\"https:\/\/www.neufundlaender-vom-baerenfels.de\/wp-content\/uploads\/2017\/09\/Welpe3-H\u00fcndin-braun-241017.jpg\" class=\"attachment-full size-full\" alt=\"\" srcset=\"https:\/\/www.neufundlaender-vom-baerenfels.de\/wp-content\/uploads\/2017\/09\/Welpe3-H\u00fcndin-braun-241017.jpg 1063w, https:\/\/www.neufundlaender-vom-baerenfels.de\/wp-content\/uploads\/2017\/09\/Welpe3-H\u00fcndin-braun-241017-208x300.jpg 208w, https:\/\/www.neufundlaender-vom-baerenfels.de\/wp-content\/uploads\/2017\/09\/Welpe3-H\u00fcndin-braun-241017-768x1109.jpg 768w, https:\/\/www.neufundlaender-vom-baerenfels.de\/wp-content\/uploads\/2017\/09\/Welpe3-H\u00fcndin-braun-241017-709x1024.jpg 709w\" sizes=\"auto, (max-width: 1063px) 100vw, 1063px\" \/><\/a>\n\t\t\t<\/div><\/figure><figure class='gallery-item'>\n\t\t\t<div class='gallery-icon portrait'>\n\t\t\t\t<a href='https:\/\/www.neufundlaender-vom-baerenfels.de\/?attachment_id=5746'><img loading=\"lazy\" decoding=\"async\" width=\"1063\" height=\"1535\" src=\"https:\/\/www.neufundlaender-vom-baerenfels.de\/wp-content\/uploads\/2017\/09\/Welpe3-H\u00fcndin-braun-311017.jpg\" class=\"attachment-full size-full\" alt=\"\" srcset=\"https:\/\/www.neufundlaender-vom-baerenfels.de\/wp-content\/uploads\/2017\/09\/Welpe3-H\u00fcndin-braun-311017.jpg 1063w, https:\/\/www.neufundlaender-vom-baerenfels.de\/wp-content\/uploads\/2017\/09\/Welpe3-H\u00fcndin-braun-311017-208x300.jpg 208w, https:\/\/www.neufundlaender-vom-baerenfels.de\/wp-content\/uploads\/2017\/09\/Welpe3-H\u00fcndin-braun-311017-768x1109.jpg 768w, https:\/\/www.neufundlaender-vom-baerenfels.de\/wp-content\/uploads\/2017\/09\/Welpe3-H\u00fcndin-braun-311017-709x1024.jpg 709w\" sizes=\"auto, (max-width: 1063px) 100vw, 1063px\" \/><\/a>\n\t\t\t<\/div><\/figure><figure class='gallery-item'>\n\t\t\t<div class='gallery-icon portrait'>\n\t\t\t\t<a href='https:\/\/www.neufundlaender-vom-baerenfels.de\/?attachment_id=5763'><img loading=\"lazy\" decoding=\"async\" width=\"1063\" height=\"1535\" src=\"https:\/\/www.neufundlaender-vom-baerenfels.de\/wp-content\/uploads\/2017\/09\/Welpe3-H\u00fcndin-braun-091117.jpg\" class=\"attachment-full size-full\" alt=\"\" srcset=\"https:\/\/www.neufundlaender-vom-baerenfels.de\/wp-content\/uploads\/2017\/09\/Welpe3-H\u00fcndin-braun-091117.jpg 1063w, https:\/\/www.neufundlaender-vom-baerenfels.de\/wp-content\/uploads\/2017\/09\/Welpe3-H\u00fcndin-braun-091117-208x300.jpg 208w, https:\/\/www.neufundlaender-vom-baerenfels.de\/wp-content\/uploads\/2017\/09\/Welpe3-H\u00fcndin-braun-091117-768x1109.jpg 768w, https:\/\/www.neufundlaender-vom-baerenfels.de\/wp-content\/uploads\/2017\/09\/Welpe3-H\u00fcndin-braun-091117-709x1024.jpg 709w\" sizes=\"auto, (max-width: 1063px) 100vw, 1063px\" \/><\/a>\n\t\t\t<\/div><\/figure>\n\t\t<\/div>\n\n<p><a href=\"https:\/\/www.neufundlaender-vom-baerenfels.de\/?attachment_id=5588\" rel=\"attachment wp-att-5588\"><img loading=\"lazy\" decoding=\"async\" class=\"aligncenter size-full wp-image-5588\" src=\"https:\/\/www.neufundlaender-vom-baerenfels.de\/wp-content\/uploads\/2017\/09\/A9963.jpg\" alt=\"\" width=\"1890\" height=\"1063\" srcset=\"https:\/\/www.neufundlaender-vom-baerenfels.de\/wp-content\/uploads\/2017\/09\/A9963.jpg 1890w, https:\/\/www.neufundlaender-vom-baerenfels.de\/wp-content\/uploads\/2017\/09\/A9963-300x169.jpg 300w, https:\/\/www.neufundlaender-vom-baerenfels.de\/wp-content\/uploads\/2017\/09\/A9963-768x432.jpg 768w, https:\/\/www.neufundlaender-vom-baerenfels.de\/wp-content\/uploads\/2017\/09\/A9963-1024x576.jpg 1024w\" sizes=\"auto, (max-width: 1890px) 100vw, 1890px\" \/><\/a><\/p>\n","protected":false},"excerpt":{"rendered":"<p>H\u00fcndin braun, orangenes B\u00e4ndchen geboren am 10.09.2017 um 7:20 Uhr Geburtsgewicht: 710 g Danny vom B\u00e4renfels ist umgezogen am Sonntag, 12.11.2017 in die Schweiz, Kanton Appenzell Innerrhoden. Hier die Teddybilder zum Gr\u00f6\u00dfenvergleich:<\/p>\n","protected":false},"author":1,"featured_media":0,"parent":0,"menu_order":0,"comment_status":"closed","ping_status":"closed","template":"","meta":{"ngg_post_thumbnail":0,"footnotes":""},"class_list":["post-5605","page","type-page","status-publish","hentry"],"_links":{"self":[{"href":"https:\/\/www.neufundlaender-vom-baerenfels.de\/index.php?rest_route=\/wp\/v2\/pages\/5605","targetHints":{"allow":["GET"]}}],"collection":[{"href":"https:\/\/www.neufundlaender-vom-baerenfels.de\/index.php?rest_route=\/wp\/v2\/pages"}],"about":[{"href":"https:\/\/www.neufundlaender-vom-baerenfels.de\/index.php?rest_route=\/wp\/v2\/types\/page"}],"author":[{"embeddable":true,"href":"https:\/\/www.neufundlaender-vom-baerenfels.de\/index.php?rest_route=\/wp\/v2\/users\/1"}],"replies":[{"embeddable":true,"href":"https:\/\/www.neufundlaender-vom-baerenfels.de\/index.php?rest_route=%2Fwp%2Fv2%2Fcomments&post=5605"}],"version-history":[{"count":14,"href":"https:\/\/www.neufundlaender-vom-baerenfels.de\/index.php?rest_route=\/wp\/v2\/pages\/5605\/revisions"}],"predecessor-version":[{"id":5771,"href":"https:\/\/www.neufundlaender-vom-baerenfels.de\/index.php?rest_route=\/wp\/v2\/pages\/5605\/revisions\/5771"}],"wp:attachment":[{"href":"https:\/\/www.neufundlaender-vom-baerenfels.de\/index.php?rest_route=%2Fwp%2Fv2%2Fmedia&parent=5605"}],"curies":[{"name":"wp","href":"https:\/\/api.w.org\/{rel}","templated":true}]}}