{"id":5793,"date":"2018-01-05T19:59:46","date_gmt":"2018-01-05T18:59:46","guid":{"rendered":"http:\/\/www.neufundlaender-vom-baerenfels.de\/?page_id=5793"},"modified":"2018-05-28T19:05:49","modified_gmt":"2018-05-28T18:05:49","slug":"impressum-2","status":"publish","type":"page","link":"https:\/\/www.neufundlaender-vom-baerenfels.de\/?page_id=5793","title":{"rendered":"Impressum"},"content":{"rendered":"<h3><\/h3>\n<h3>Angaben gem\u00e4\u00df \u00a7 5 Telemediengesetz (TMG):<\/h3>\n<p>Roland Reis<br \/>\nSchwabenstr. 35<br \/>\n63785 Obernburg<br \/>\nDeutschland<br \/>\nKontakt:<br \/>\nTel.: +49 (0) 6022 75 79<br \/>\nE-Mail: roland@neufundlaender-vom-baerenfels.de<\/p>\n<h3>Verantwortlicher f\u00fcr den Inhalt ist gem\u00e4\u00df \u00a7 55 Abs. 2 RStV:<\/h3>\n<p>Roland Reis<br \/>\nSchwabenstr. 35<br \/>\n63785 Obernburg<\/p>\n<h1>Disclaimer &#8211; Haftungsausschluss<\/h1>\n<h3>Haftung f\u00fcr Inhalte<\/h3>\n<p>Obwohl wir uns um Aktualit\u00e4t, Vollst\u00e4ndigkeit und Richtigkeit der Inhalte unserer Seiten bem\u00fchen, k\u00f6nnen wir hierf\u00fcr keine Garantie \u00fcbernehmen.<\/p>\n<p>Nach \u00a7 7 Absatz 1 TMG sind wir als Diensteanbieter f\u00fcr eigene Inhalte auf unseren Seiten nach den allgemeinen Gesetzen verantwortlich.<\/p>\n<p>Eine Verpflichtung zur \u00dcberwachung \u00fcbermittelter oder gespeicherter fremder Informationen besteht jedoch nicht (\u00a7\u00a7 8-10 TMG). Sobald uns Rechtsverst\u00f6\u00dfe bekannt werden, werden wir die entsprechenden Inhalte umgehend entfernen. Eine dahingehende Haftung wird jedoch erst ab dem Zeitpunkt der Kenntnis konkreter Rechtsverletzungen \u00fcbernommen.<\/p>\n<h3>Haftung f\u00fcr Links<\/h3>\n<p>Unsere Seiten enthalten Links auf externe Webseiten Dritter. Auf die Inhalte dieser direkt oder indirekt verlinkten Webseiten haben wir keinen Einfluss. F\u00fcr die Richtigkeit der Inhalte ist immer der jeweilige Anbieter oder Betreiber verantwortlich, weshalb wir diesbez\u00fcglich keinerlei Gew\u00e4hr \u00fcbernehmen.<\/p>\n<p>Die fremden Webseiten haben wir zum Zeitpunkt der Verlinkung auf m\u00f6gliche Rechtsverst\u00f6\u00dfe \u00fcberpr\u00fcft. Zum Zeitpunkt der Verlinkung waren keinerlei Rechtsverletzungen erkennbar. Eine st\u00e4ndige \u00dcberpr\u00fcfung s\u00e4mtlicher Inhalte der von uns verlinkten Seiten ohne tats\u00e4chliche Anhaltspunkte f\u00fcr einen Rechtsversto\u00df k\u00f6nnen wir nicht leisten. Falls uns Rechtsverletzungen bekannt werden, werden wir die entsprechenden Links sofort entfernen.<\/p>\n<h3>Urheberrecht<\/h3>\n<p>Die durch den Betreiber dieser Seite erstellten Inhalte und Werke auf diesen Webseiten unterliegen dem deutschen Urheberrecht. S\u00e4mtliche Beitr\u00e4ge Dritter sind als solche gekennzeichnet. Die Vervielf\u00e4ltigung, Bearbeitung, Verbreitung und jede Art der Verwertung au\u00dferhalb der Grenzen des Urheberrechts bed\u00fcrfen der schriftlichen Zustimmung des jeweiligen Autors bzw. Erstellers. Kopien von diesen Seiten sind nur f\u00fcr den privaten Bereich gestattet, nicht jedoch f\u00fcr kommerzielle Zwecke.<\/p>\n<h3>Rechtswirksamkeit dieses Haftungsausschlusses<\/h3>\n<p>Vorstehender Haftungsausschluss ist Teil des Internetangebots, von dem aus auf diese Seite verwiesen wurde. Sollten einzelne Regelungen oder Formulierungen dieses Haftungsausschlusses unwirksam sein oder werden, bleiben die \u00fcbrigen Regelungen in ihrem Inhalt und ihrer G\u00fcltigkeit hiervon unber\u00fchrt.<\/p>\n<p>Quelle: <a href=\"http:\/\/www.anwalt-seiten.de\">anwalt-seiten.de<\/a><\/p>\n<p>&nbsp;<\/p>\n","protected":false},"excerpt":{"rendered":"<p>Angaben gem\u00e4\u00df \u00a7 5 Telemediengesetz (TMG): Roland Reis Schwabenstr. 35 63785 Obernburg Deutschland Kontakt: Tel.: +49 (0) 6022 75 79 E-Mail: roland@neufundlaender-vom-baerenfels.de Verantwortlicher f\u00fcr den Inhalt ist gem\u00e4\u00df \u00a7 55 Abs. 2 RStV: Roland Reis Schwabenstr. 35 63785 Obernburg Disclaimer &#8211; Haftungsausschluss Haftung f\u00fcr Inhalte Obwohl wir uns um Aktualit\u00e4t, Vollst\u00e4ndigkeit und Richtigkeit der Inhalte &hellip; <a href=\"https:\/\/www.neufundlaender-vom-baerenfels.de\/?page_id=5793\" class=\"more-link\"><span class=\"screen-reader-text\">Impressum<\/span> weiterlesen <span class=\"meta-nav\">&rarr;<\/span><\/a><\/p>\n","protected":false},"author":1,"featured_media":0,"parent":0,"menu_order":0,"comment_status":"closed","ping_status":"closed","template":"","meta":{"ngg_post_thumbnail":0,"footnotes":""},"class_list":["post-5793","page","type-page","status-publish","hentry"],"_links":{"self":[{"href":"https:\/\/www.neufundlaender-vom-baerenfels.de\/index.php?rest_route=\/wp\/v2\/pages\/5793","targetHints":{"allow":["GET"]}}],"collection":[{"href":"https:\/\/www.neufundlaender-vom-baerenfels.de\/index.php?rest_route=\/wp\/v2\/pages"}],"about":[{"href":"https:\/\/www.neufundlaender-vom-baerenfels.de\/index.php?rest_route=\/wp\/v2\/types\/page"}],"author":[{"embeddable":true,"href":"https:\/\/www.neufundlaender-vom-baerenfels.de\/index.php?rest_route=\/wp\/v2\/users\/1"}],"replies":[{"embeddable":true,"href":"https:\/\/www.neufundlaender-vom-baerenfels.de\/index.php?rest_route=%2Fwp%2Fv2%2Fcomments&post=5793"}],"version-history":[{"count":7,"href":"https:\/\/www.neufundlaender-vom-baerenfels.de\/index.php?rest_route=\/wp\/v2\/pages\/5793\/revisions"}],"predecessor-version":[{"id":5852,"href":"https:\/\/www.neufundlaender-vom-baerenfels.de\/index.php?rest_route=\/wp\/v2\/pages\/5793\/revisions\/5852"}],"wp:attachment":[{"href":"https:\/\/www.neufundlaender-vom-baerenfels.de\/index.php?rest_route=%2Fwp%2Fv2%2Fmedia&parent=5793"}],"curies":[{"name":"wp","href":"https:\/\/api.w.org\/{rel}","templated":true}]}}