{"id":5832,"date":"2018-05-20T18:55:33","date_gmt":"2018-05-20T17:55:33","guid":{"rendered":"http:\/\/www.neufundlaender-vom-baerenfels.de\/?page_id=5832"},"modified":"2021-02-12T23:27:34","modified_gmt":"2021-02-12T22:27:34","slug":"datenschutzerklaerung","status":"publish","type":"page","link":"https:\/\/www.neufundlaender-vom-baerenfels.de\/?page_id=5832","title":{"rendered":"Datenschutzerkl\u00e4rung"},"content":{"rendered":"<h2>Wer wir sind<\/h2>\n<p>Neufundl\u00e4nder vom B\u00e4renfels<br \/>\nNeufundl\u00e4nderhobbyzucht,<br \/>\nMitglied im Allgemeinen Deutschen Klub f\u00fcr Neufundl\u00e4nder e.V. &#8211; ADKN<br \/>\nRoland und Silvia Reis<br \/>\nSchwabenstr. 35<br \/>\n63785 Obernburg<\/p>\n<p>Die Adresse unserer Website ist: https:\/\/www.neufundlaender-vom-baerenfels.de.<\/p>\n<h2>Welche personenbezogenen Daten wir sammeln und warum wir sie sammeln<\/h2>\n<h3>Kommentare<\/h3>\n<p>Wenn Besucher Kommentare auf der Website schreiben, sammeln wir die Daten, die im Kommentar-Formular angezeigt werden, au\u00dferdem die IP-Adresse des Besuchers und den User-Agent-String (damit wird der Browser identifiziert), um die Erkennung von Spam zu unterst\u00fctzen.<\/p>\n<p>Aus deiner E-Mail-Adresse kann eine anonymisierte Zeichenfolge erstellt (auch Hash genannt) und dem Gravatar-Dienst \u00fcbergeben werden, um zu pr\u00fcfen, ob du diesen benutzt. Die Datenschutzerkl\u00e4rung des Gravatar-Dienstes findest du hier: <a href=\"https:\/\/automattic.com\/privacy\/\" target=\"_blank\" rel=\"noopener\">https:\/\/automattic.com\/privacy\/<\/a>. Nachdem dein Kommentar freigegeben wurde, ist dein Profilbild \u00f6ffentlich im Kontext deines Kommentars sichtbar.<\/p>\n<p><span style=\"display: inline !important; float: none; background-color: transparent; color: #2b2b2b; font-family: Lato,sans-serif; font-size: 22px; font-style: normal; font-variant: normal; font-weight: bold; letter-spacing: normal; line-height: 23.99px; orphans: 2; text-align: left; text-decoration: none; text-indent: 0px; text-transform: none; -webkit-text-stroke-width: 0px; white-space: normal; word-spacing: 0px;\">G\u00e4stebuch-Eintragungen und Nutzung der Kontaktformulare<br \/>\n<\/span><\/p>\n<p>Wenn Besucher auf der Website Eintr\u00e4ge hinterlassen, speichern wir die in das G\u00e4stebuch-Formular oder in den Kontaktformularen eingegebenen Daten sowie m\u00f6glicherweise auch die IP-Adresse und den Host-Namen des Besuchers, um die Spam-Erkennung zu verbessern.<br \/>\nEine anonymisierte Zeichenkette (auch Hash genannt), die aus deiner E-Mail-Adresse erstellt wurde, kann dem Dienst Gravatar zur Verf\u00fcgung gestellt werden, um zu \u00fcberpr\u00fcfen, ob du diesen verwendest. Die Datenschutzerkl\u00e4rung des Dienstes Gravatar ist hier vef\u00fcgbar:<a href=\"https:\/\/automattic.com\/privacy\/\" target=\"_blank\" rel=\"noopener\"> https:\/\/automattic.com\/privacy\/<\/a> Nach Freischaltung deines Eintrags ist dein Profilbild im Zusammenhang mit deinem G\u00e4stebuch-Eintrag \u00f6ffentlich sichtbar.<br \/>\nDer abgeschickte Eintrag und seine Metadaten k\u00f6nnen zu Drittanbietern wie z. B. Akismet und Stop Forum Spam gesendet werden, um die Spam-Erkennung zu verbessern. Deren jeweilige Datenschutzerkl\u00e4rungen finden sich unter <a href=\"https:\/\/automattic.com\/privacy\/\" target=\"_blank\" rel=\"noopener\">https:\/\/automattic.com\/privacy\/<\/a> und <a href=\"https:\/\/www.stopforumspam.com\/privacy\" target=\"_blank\" rel=\"noopener\">https:\/\/www.stopforumspam.com\/privacy<\/a>.<\/p>\n<h3>Medien<\/h3>\n<p>Wenn du ein registrierter Benutzer bist und Fotos auf diese Website l\u00e4dst, solltest du vermeiden, Fotos mit einem EXIF-GPS-Standort hochzuladen. Besucher dieser Website k\u00f6nnten Fotos, die auf dieser Website gespeichert sind, herunterladen und deren Standort-Informationen extrahieren.<\/p>\n<h3>Cookies<\/h3>\n<p>Wenn du einen Kommentar auf unserer Website schreibst, kann das eine Einwilligung sein, deinen Namen, E-Mail-Adresse und Website in Cookies zu speichern. Dies ist eine Komfortfunktion, damit du nicht, wenn du einen weiteren Kommentar schreibst, all diese Daten erneut eingeben musst. Diese Cookies werden ein Jahr lang gespeichert.<\/p>\n<p>Falls du ein Konto hast und dich auf dieser Website anmeldest, werden wir ein tempor\u00e4res Cookie setzen, um festzustellen, ob dein Browser Cookies akzeptiert. Dieses Cookie enth\u00e4lt keine personenbezogenen Daten und wird verworfen, wenn du deinen Browser schlie\u00dft.<\/p>\n<p>Wenn du dich anmeldest, werden wir einige Cookies einrichten, um deine Anmeldeinformationen und Anzeigeoptionen zu speichern. Anmelde-Cookies verfallen nach zwei Tagen und Cookies f\u00fcr die Anzeigeoptionen nach einem Jahr. Falls du bei der Anmeldung \u201eAngemeldet bleiben\u201c ausw\u00e4hlst, wird deine Anmeldung zwei Wochen lang aufrechterhalten. Mit der Abmeldung aus deinem Konto werden die Anmelde-Cookies gel\u00f6scht.<\/p>\n<p>Wenn du einen Artikel bearbeitest oder ver\u00f6ffentlichst, wird ein zus\u00e4tzlicher Cookie in deinem Browser gespeichert. Dieser Cookie enth\u00e4lt keine personenbezogenen Daten und verweist nur auf die Beitrags-ID des Artikels, den du gerade bearbeitet hast. Der Cookie verf\u00e4llt nach einem Tag.<\/p>\n<h3>Eingebettete Inhalte von anderen Websites<\/h3>\n<p>Auf einigen unserer Internetseiten sind Videos aus<strong> YouTube<\/strong> eingebettet. Beim Abspielen der Videos speichert YouTube Cookies auf dem Rechner des Nutzers. Sie k\u00f6nnen dies verhindern, wenn Sie das Speichern von Cookies im Browser blockieren.<br \/>\n<a href=\"https:\/\/policies.google.com\/privacy?hl=de&amp;gl=de\" target=\"_blank\" rel=\"noopener\">Datenschutzerkl\u00e4rung von YouTube<\/a><\/p>\n<p><strong>Verwendung von Google Maps<\/strong><br \/>\nAuf unseren Internetseiten werden Karten von Google Maps eingebunden. Bei der Nutzung werden von Google auch Daten \u00fcber die Nutzung der Kartenfunktionen durch Besucher erhoben, verarbeitet und genutzt. Durch Nutzung dieser Webseite erkl\u00e4ren Sie sich mit der Erfassung, Bearbeitung sowie Nutzung der automatisiert erhobenen Daten durch Google Inc, deren Vertreter sowie Dritter einverstanden.<br \/>\n<a href=\"https:\/\/www.google.com\/intl\/de_de\/help\/terms_maps.html\" target=\"_blank\" rel=\"noopener\">Nutzungsbedingungen von Google Maps<\/a><\/p>\n<p>Beitr\u00e4ge auf dieser Website k\u00f6nnen eingebettete Inhalte beinhalten (z.&nbsp;B. Videos, Bilder, Beitr\u00e4ge etc.). Eingebettete Inhalte von anderen Websites verhalten sich exakt so, als ob der Besucher die andere Website besucht h\u00e4tte.<\/p>\n<p>Diese Websites k\u00f6nnen Daten \u00fcber dich sammeln, Cookies benutzen, zus\u00e4tzliche Tracking-Dienste von Dritten einbetten und deine Interaktion mit diesem eingebetteten Inhalt aufzeichnen, inklusive deiner Interaktion mit dem eingebetteten Inhalt, falls du ein Konto hast und auf dieser Website angemeldet bist.<\/p>\n<h3>Analysedienste<\/h3>\n<p>Um eine statistischen Auswertung der Besucherzugriffe auf die Seite zu erhalten, verwendet diese Internetseite das Plugin WP Statistics. Damit kann ich z.B. erkennen, wie viele Besucher eine Seite besucht haben oder einen Beitrag gelesen haben. Die Statistik basiert auf den Informationen, die im Rahmen Ihres Besuchs auf der Seite notwendig anfallen. Die Auswertung findet rein lokal auf dem in Deutschland befindlichen Server der ALL-INKL.COM statt, auf dem diese Internetseite gehostet wird. Um Ihre Privatsph\u00e4re zu sch\u00fctzen, wird Ihre IP-Adresse vor der Speicherung in den Statistiken technisch unkenntlich gemacht.<\/p>\n<h2>Wie lange wir deine Daten speichern<\/h2>\n<p>Wenn du einen Kommentar schreibst, wird dieser inklusive Metadaten zeitlich unbegrenzt gespeichert. Auf diese Art k\u00f6nnen wir Folgekommentare automatisch erkennen und freigeben, anstelle sie in einer Moderations-Warteschlange festzuhalten.<\/p>\n<p>F\u00fcr Benutzer, die sich auf unserer Website registrieren, speichern wir zus\u00e4tzlich die pers\u00f6nlichen Informationen, die sie in ihren Benutzerprofilen angeben. Alle Benutzer k\u00f6nnen jederzeit ihre pers\u00f6nlichen Informationen einsehen, ver\u00e4ndern oder l\u00f6schen (der Benutzername kann nicht ver\u00e4ndert werden). Administratoren der Website k\u00f6nnen diese Informationen ebenfalls einsehen und ver\u00e4ndern.<\/p>\n<h2>Welche Rechte du an deinen Daten hast<\/h2>\n<p>Wenn du ein Konto auf dieser Website besitzt oder Kommentare geschrieben hast, kannst du einen Export deiner personenbezogenen Daten bei uns anfordern, inklusive aller Daten, die du uns mitgeteilt hast. Dar\u00fcber hinaus kannst du die L\u00f6schung aller personenbezogenen Daten, die wir von dir gespeichert haben, anfordern. Dies umfasst nicht die Daten, die wir aufgrund administrativer, rechtlicher oder sicherheitsrelevanter Notwendigkeiten aufbewahren m\u00fcssen.<\/p>\n<h2>Wohin wir deine Daten senden<\/h2>\n<p>Besucher-Kommentare k\u00f6nnten von einem automatisierten Dienst zur Spam-Erkennung untersucht werden.<\/p>\n<h2>Kontakt-Informationen<\/h2>\n<p>Roland Reis<br \/>\nSchwabenstr. 35<br \/>\n63785 Obernburg<\/p>\n<p>Telefon: 06022\/7579<br \/>\nEmail: roland@neufundlaender-vom-baerenfels.de<\/p>\n<p>Bei&nbsp;datenschutzrelevante Anliegen&nbsp;wenden Sie sich bitte an die genannte E-Mail-Adresse.<\/p>\n<h3>&nbsp;<\/h3>\n","protected":false},"excerpt":{"rendered":"<p>Wer wir sind Neufundl\u00e4nder vom B\u00e4renfels Neufundl\u00e4nderhobbyzucht, Mitglied im Allgemeinen Deutschen Klub f\u00fcr Neufundl\u00e4nder e.V. &#8211; ADKN Roland und Silvia Reis Schwabenstr. 35 63785 Obernburg Die Adresse unserer Website ist: https:\/\/www.neufundlaender-vom-baerenfels.de. Welche personenbezogenen Daten wir sammeln und warum wir sie sammeln Kommentare Wenn Besucher Kommentare auf der Website schreiben, sammeln wir die Daten, die im &hellip; <a href=\"https:\/\/www.neufundlaender-vom-baerenfels.de\/?page_id=5832\" class=\"more-link\"><span class=\"screen-reader-text\">Datenschutzerkl\u00e4rung<\/span> weiterlesen <span class=\"meta-nav\">&rarr;<\/span><\/a><\/p>\n","protected":false},"author":1,"featured_media":0,"parent":0,"menu_order":0,"comment_status":"closed","ping_status":"closed","template":"","meta":{"ngg_post_thumbnail":0,"footnotes":""},"class_list":["post-5832","page","type-page","status-publish","hentry"],"_links":{"self":[{"href":"https:\/\/www.neufundlaender-vom-baerenfels.de\/index.php?rest_route=\/wp\/v2\/pages\/5832","targetHints":{"allow":["GET"]}}],"collection":[{"href":"https:\/\/www.neufundlaender-vom-baerenfels.de\/index.php?rest_route=\/wp\/v2\/pages"}],"about":[{"href":"https:\/\/www.neufundlaender-vom-baerenfels.de\/index.php?rest_route=\/wp\/v2\/types\/page"}],"author":[{"embeddable":true,"href":"https:\/\/www.neufundlaender-vom-baerenfels.de\/index.php?rest_route=\/wp\/v2\/users\/1"}],"replies":[{"embeddable":true,"href":"https:\/\/www.neufundlaender-vom-baerenfels.de\/index.php?rest_route=%2Fwp%2Fv2%2Fcomments&post=5832"}],"version-history":[{"count":8,"href":"https:\/\/www.neufundlaender-vom-baerenfels.de\/index.php?rest_route=\/wp\/v2\/pages\/5832\/revisions"}],"predecessor-version":[{"id":8479,"href":"https:\/\/www.neufundlaender-vom-baerenfels.de\/index.php?rest_route=\/wp\/v2\/pages\/5832\/revisions\/8479"}],"wp:attachment":[{"href":"https:\/\/www.neufundlaender-vom-baerenfels.de\/index.php?rest_route=%2Fwp%2Fv2%2Fmedia&parent=5832"}],"curies":[{"name":"wp","href":"https:\/\/api.w.org\/{rel}","templated":true}]}}