{"id":5976,"date":"2018-12-19T13:50:06","date_gmt":"2018-12-19T12:50:06","guid":{"rendered":"https:\/\/www.neufundlaender-vom-baerenfels.de\/?page_id=5976"},"modified":"2019-02-23T15:11:04","modified_gmt":"2019-02-23T14:11:04","slug":"welpe-2-rot-2","status":"publish","type":"page","link":"https:\/\/www.neufundlaender-vom-baerenfels.de\/?page_id=5976","title":{"rendered":"E-Wurf Welpe 2 Rot"},"content":{"rendered":"\n<h2 class=\"wp-block-heading\">Elfriede vom B\u00e4renfels<\/h2>\n\n\n\n<p>H\u00fcndin schwarz, rotes B\u00e4ndchen<br \/>geboren am 18.12.2018 um 9:31 Uhr, Geburtsgewicht 690 g<\/p>\n\n\n\n<p>bleibt bei uns und verst\u00e4rkt  das Damenrudel!<\/p>\n\n\n\n<figure class=\"wp-block-image\"><img loading=\"lazy\" decoding=\"async\" width=\"1024\" height=\"576\" src=\"https:\/\/www.neufundlaender-vom-baerenfels.de\/wp-content\/uploads\/2018\/12\/Rot4-1024x576.jpg\" alt=\"\" class=\"wp-image-6242\" srcset=\"https:\/\/www.neufundlaender-vom-baerenfels.de\/wp-content\/uploads\/2018\/12\/Rot4-1024x576.jpg 1024w, https:\/\/www.neufundlaender-vom-baerenfels.de\/wp-content\/uploads\/2018\/12\/Rot4-300x169.jpg 300w, https:\/\/www.neufundlaender-vom-baerenfels.de\/wp-content\/uploads\/2018\/12\/Rot4-768x432.jpg 768w, https:\/\/www.neufundlaender-vom-baerenfels.de\/wp-content\/uploads\/2018\/12\/Rot4.jpg 1890w\" sizes=\"auto, (max-width: 1024px) 100vw, 1024px\" \/><\/figure>\n\n\n\n<p>Hier ein paar Schnappsch\u00fcsse:<\/p>\n\n\n\nngg_shortcode_0_placeholder\n\n\n\n<p>Hier die Teddybilder zum Gr\u00f6\u00dfenvergleich:<\/p>\n\n\n\nngg_shortcode_1_placeholder\n","protected":false},"excerpt":{"rendered":"<p>Elfriede vom B\u00e4renfels H\u00fcndin schwarz, rotes B\u00e4ndchengeboren am 18.12.2018 um 9:31 Uhr, Geburtsgewicht 690 g bleibt bei uns und verst\u00e4rkt das Damenrudel! Hier ein paar Schnappsch\u00fcsse: Hier die Teddybilder zum Gr\u00f6\u00dfenvergleich:<\/p>\n","protected":false},"author":1,"featured_media":0,"parent":0,"menu_order":0,"comment_status":"closed","ping_status":"closed","template":"","meta":{"ngg_post_thumbnail":0,"footnotes":""},"class_list":["post-5976","page","type-page","status-publish","hentry"],"_links":{"self":[{"href":"https:\/\/www.neufundlaender-vom-baerenfels.de\/index.php?rest_route=\/wp\/v2\/pages\/5976","targetHints":{"allow":["GET"]}}],"collection":[{"href":"https:\/\/www.neufundlaender-vom-baerenfels.de\/index.php?rest_route=\/wp\/v2\/pages"}],"about":[{"href":"https:\/\/www.neufundlaender-vom-baerenfels.de\/index.php?rest_route=\/wp\/v2\/types\/page"}],"author":[{"embeddable":true,"href":"https:\/\/www.neufundlaender-vom-baerenfels.de\/index.php?rest_route=\/wp\/v2\/users\/1"}],"replies":[{"embeddable":true,"href":"https:\/\/www.neufundlaender-vom-baerenfels.de\/index.php?rest_route=%2Fwp%2Fv2%2Fcomments&post=5976"}],"version-history":[{"count":8,"href":"https:\/\/www.neufundlaender-vom-baerenfels.de\/index.php?rest_route=\/wp\/v2\/pages\/5976\/revisions"}],"predecessor-version":[{"id":6931,"href":"https:\/\/www.neufundlaender-vom-baerenfels.de\/index.php?rest_route=\/wp\/v2\/pages\/5976\/revisions\/6931"}],"wp:attachment":[{"href":"https:\/\/www.neufundlaender-vom-baerenfels.de\/index.php?rest_route=%2Fwp%2Fv2%2Fmedia&parent=5976"}],"curies":[{"name":"wp","href":"https:\/\/api.w.org\/{rel}","templated":true}]}}