{"id":5978,"date":"2018-12-19T13:51:08","date_gmt":"2018-12-19T12:51:08","guid":{"rendered":"https:\/\/www.neufundlaender-vom-baerenfels.de\/?page_id=5978"},"modified":"2019-10-27T11:46:19","modified_gmt":"2019-10-27T10:46:19","slug":"welpe-3-blau","status":"publish","type":"page","link":"https:\/\/www.neufundlaender-vom-baerenfels.de\/?page_id=5978","title":{"rendered":"E-Wurf Welpe 3 blau"},"content":{"rendered":"\n<h2 class=\"wp-block-heading\">Eiko-Emil vom B\u00e4renfels<\/h2>\n\n\n\n<p>R\u00fcde schwarz, blaues B\u00e4ndchen<br \/>geboren am 18.12.2018 um 9:40 Uhr, Geburtsgewicht 660 g<\/p>\n\n\n\n<p>Ist umgezogen am Montag, 11.03.2019 in den Landkreis Hanau in Hessen<\/p>\n\n\n\n<figure class=\"wp-block-image\"><img loading=\"lazy\" decoding=\"async\" width=\"709\" height=\"1024\" src=\"https:\/\/www.neufundlaender-vom-baerenfels.de\/wp-content\/uploads\/2019\/03\/Welpe-blau-Eiko-Emil-709x1024.jpg\" alt=\"\" class=\"wp-image-6958\" srcset=\"https:\/\/www.neufundlaender-vom-baerenfels.de\/wp-content\/uploads\/2019\/03\/Welpe-blau-Eiko-Emil-709x1024.jpg 709w, https:\/\/www.neufundlaender-vom-baerenfels.de\/wp-content\/uploads\/2019\/03\/Welpe-blau-Eiko-Emil-208x300.jpg 208w, https:\/\/www.neufundlaender-vom-baerenfels.de\/wp-content\/uploads\/2019\/03\/Welpe-blau-Eiko-Emil-768x1109.jpg 768w, https:\/\/www.neufundlaender-vom-baerenfels.de\/wp-content\/uploads\/2019\/03\/Welpe-blau-Eiko-Emil.jpg 1063w\" sizes=\"auto, (max-width: 709px) 100vw, 709px\" \/><\/figure>\n\n\n\n<figure class=\"wp-block-image\"><img loading=\"lazy\" decoding=\"async\" width=\"709\" height=\"1024\" src=\"https:\/\/www.neufundlaender-vom-baerenfels.de\/wp-content\/uploads\/2019\/02\/Kofferbild-3-RS-709x1024.jpg\" alt=\"\" class=\"wp-image-6899\" srcset=\"https:\/\/www.neufundlaender-vom-baerenfels.de\/wp-content\/uploads\/2019\/02\/Kofferbild-3-RS-709x1024.jpg 709w, https:\/\/www.neufundlaender-vom-baerenfels.de\/wp-content\/uploads\/2019\/02\/Kofferbild-3-RS-208x300.jpg 208w, https:\/\/www.neufundlaender-vom-baerenfels.de\/wp-content\/uploads\/2019\/02\/Kofferbild-3-RS-768x1109.jpg 768w, https:\/\/www.neufundlaender-vom-baerenfels.de\/wp-content\/uploads\/2019\/02\/Kofferbild-3-RS.jpg 1063w\" sizes=\"auto, (max-width: 709px) 100vw, 709px\" \/><\/figure>\n\n\n\n<figure class=\"wp-block-image\"><img loading=\"lazy\" decoding=\"async\" width=\"1024\" height=\"576\" src=\"https:\/\/www.neufundlaender-vom-baerenfels.de\/wp-content\/uploads\/2018\/12\/Blau2-1024x576.jpg\" alt=\"\" class=\"wp-image-6220\" srcset=\"https:\/\/www.neufundlaender-vom-baerenfels.de\/wp-content\/uploads\/2018\/12\/Blau2-1024x576.jpg 1024w, https:\/\/www.neufundlaender-vom-baerenfels.de\/wp-content\/uploads\/2018\/12\/Blau2-300x169.jpg 300w, https:\/\/www.neufundlaender-vom-baerenfels.de\/wp-content\/uploads\/2018\/12\/Blau2-768x432.jpg 768w, https:\/\/www.neufundlaender-vom-baerenfels.de\/wp-content\/uploads\/2018\/12\/Blau2.jpg 1890w\" sizes=\"auto, (max-width: 1024px) 100vw, 1024px\" \/><\/figure>\n\n\n\n<p>Hier ein paar Schnappsch\u00fcsse:<\/p>\n\n\n\nngg_shortcode_0_placeholder\n\n\n\n<p>Hier die Teddybilder zum Gr\u00f6\u00dfenvergleich:<\/p>\n\n\n\nngg_shortcode_1_placeholder\n","protected":false},"excerpt":{"rendered":"<p>Eiko-Emil vom B\u00e4renfels R\u00fcde schwarz, blaues B\u00e4ndchengeboren am 18.12.2018 um 9:40 Uhr, Geburtsgewicht 660 g Ist umgezogen am Montag, 11.03.2019 in den Landkreis Hanau in Hessen Hier ein paar Schnappsch\u00fcsse: Hier die Teddybilder zum Gr\u00f6\u00dfenvergleich:<\/p>\n","protected":false},"author":1,"featured_media":0,"parent":0,"menu_order":0,"comment_status":"closed","ping_status":"closed","template":"","meta":{"ngg_post_thumbnail":0,"footnotes":""},"class_list":["post-5978","page","type-page","status-publish","hentry"],"_links":{"self":[{"href":"https:\/\/www.neufundlaender-vom-baerenfels.de\/index.php?rest_route=\/wp\/v2\/pages\/5978","targetHints":{"allow":["GET"]}}],"collection":[{"href":"https:\/\/www.neufundlaender-vom-baerenfels.de\/index.php?rest_route=\/wp\/v2\/pages"}],"about":[{"href":"https:\/\/www.neufundlaender-vom-baerenfels.de\/index.php?rest_route=\/wp\/v2\/types\/page"}],"author":[{"embeddable":true,"href":"https:\/\/www.neufundlaender-vom-baerenfels.de\/index.php?rest_route=\/wp\/v2\/users\/1"}],"replies":[{"embeddable":true,"href":"https:\/\/www.neufundlaender-vom-baerenfels.de\/index.php?rest_route=%2Fwp%2Fv2%2Fcomments&post=5978"}],"version-history":[{"count":12,"href":"https:\/\/www.neufundlaender-vom-baerenfels.de\/index.php?rest_route=\/wp\/v2\/pages\/5978\/revisions"}],"predecessor-version":[{"id":7164,"href":"https:\/\/www.neufundlaender-vom-baerenfels.de\/index.php?rest_route=\/wp\/v2\/pages\/5978\/revisions\/7164"}],"wp:attachment":[{"href":"https:\/\/www.neufundlaender-vom-baerenfels.de\/index.php?rest_route=%2Fwp%2Fv2%2Fmedia&parent=5978"}],"curies":[{"name":"wp","href":"https:\/\/api.w.org\/{rel}","templated":true}]}}