{"id":5984,"date":"2018-12-19T13:54:23","date_gmt":"2018-12-19T12:54:23","guid":{"rendered":"https:\/\/www.neufundlaender-vom-baerenfels.de\/?page_id=5984"},"modified":"2019-10-27T11:55:00","modified_gmt":"2019-10-27T10:55:00","slug":"welpe-6-gelb","status":"publish","type":"page","link":"https:\/\/www.neufundlaender-vom-baerenfels.de\/?page_id=5984","title":{"rendered":"E-Wurf Welpe 6 gelb"},"content":{"rendered":"\n<h2 class=\"wp-block-heading\">Erna-Nalu vom B\u00e4renfels<\/h2>\n\n\n\n<p>H\u00fcndin schwarz, gelbes B\u00e4ndchen<br \/>geboren am 18.12.2018 um 12:51 Uhr, Geburtsgewicht 606 g<\/p>\n\n\n\n<p>ist umgezogen in den Main-Kinzig-Kreis in Hessen.<\/p>\n\n\n\n<figure class=\"wp-block-image\"><img loading=\"lazy\" decoding=\"async\" width=\"709\" height=\"1024\" src=\"https:\/\/www.neufundlaender-vom-baerenfels.de\/wp-content\/uploads\/2019\/10\/Welpe-Erna-Nalu-709x1024.jpg\" alt=\"\" class=\"wp-image-7168\" srcset=\"https:\/\/www.neufundlaender-vom-baerenfels.de\/wp-content\/uploads\/2019\/10\/Welpe-Erna-Nalu-709x1024.jpg 709w, https:\/\/www.neufundlaender-vom-baerenfels.de\/wp-content\/uploads\/2019\/10\/Welpe-Erna-Nalu-208x300.jpg 208w, https:\/\/www.neufundlaender-vom-baerenfels.de\/wp-content\/uploads\/2019\/10\/Welpe-Erna-Nalu-768x1109.jpg 768w, https:\/\/www.neufundlaender-vom-baerenfels.de\/wp-content\/uploads\/2019\/10\/Welpe-Erna-Nalu.jpg 1063w\" sizes=\"auto, (max-width: 709px) 100vw, 709px\" \/><\/figure>\n\n\n\n<figure class=\"wp-block-image\"><img loading=\"lazy\" decoding=\"async\" width=\"709\" height=\"1024\" src=\"https:\/\/www.neufundlaender-vom-baerenfels.de\/wp-content\/uploads\/2019\/02\/Kofferbild-6-HS-709x1024.jpg\" alt=\"\" class=\"wp-image-6902\" srcset=\"https:\/\/www.neufundlaender-vom-baerenfels.de\/wp-content\/uploads\/2019\/02\/Kofferbild-6-HS-709x1024.jpg 709w, https:\/\/www.neufundlaender-vom-baerenfels.de\/wp-content\/uploads\/2019\/02\/Kofferbild-6-HS-208x300.jpg 208w, https:\/\/www.neufundlaender-vom-baerenfels.de\/wp-content\/uploads\/2019\/02\/Kofferbild-6-HS-768x1109.jpg 768w, https:\/\/www.neufundlaender-vom-baerenfels.de\/wp-content\/uploads\/2019\/02\/Kofferbild-6-HS.jpg 1063w\" sizes=\"auto, (max-width: 709px) 100vw, 709px\" \/><\/figure>\n\n\n\n<figure class=\"wp-block-image\"><img loading=\"lazy\" decoding=\"async\" width=\"1024\" height=\"576\" src=\"https:\/\/www.neufundlaender-vom-baerenfels.de\/wp-content\/uploads\/2018\/12\/Gelb1-1024x576.jpg\" alt=\"\" class=\"wp-image-6222\" srcset=\"https:\/\/www.neufundlaender-vom-baerenfels.de\/wp-content\/uploads\/2018\/12\/Gelb1-1024x576.jpg 1024w, https:\/\/www.neufundlaender-vom-baerenfels.de\/wp-content\/uploads\/2018\/12\/Gelb1-300x169.jpg 300w, https:\/\/www.neufundlaender-vom-baerenfels.de\/wp-content\/uploads\/2018\/12\/Gelb1-768x432.jpg 768w, https:\/\/www.neufundlaender-vom-baerenfels.de\/wp-content\/uploads\/2018\/12\/Gelb1.jpg 1890w\" sizes=\"auto, (max-width: 1024px) 100vw, 1024px\" \/><\/figure>\n\n\n\n<p>Hier ein paar Schnappsch\u00fcsse:<\/p>\n\n\n\nngg_shortcode_0_placeholder\n\n\n\n<p>Hier die Teddybilder zum Gr\u00f6\u00dfenvergleich:<\/p>\n\n\n\nngg_shortcode_1_placeholder\n","protected":false},"excerpt":{"rendered":"<p>Erna-Nalu vom B\u00e4renfels H\u00fcndin schwarz, gelbes B\u00e4ndchengeboren am 18.12.2018 um 12:51 Uhr, Geburtsgewicht 606 g ist umgezogen in den Main-Kinzig-Kreis in Hessen. Hier ein paar Schnappsch\u00fcsse: Hier die Teddybilder zum Gr\u00f6\u00dfenvergleich:<\/p>\n","protected":false},"author":1,"featured_media":0,"parent":0,"menu_order":0,"comment_status":"closed","ping_status":"closed","template":"","meta":{"ngg_post_thumbnail":0,"footnotes":""},"class_list":["post-5984","page","type-page","status-publish","hentry"],"_links":{"self":[{"href":"https:\/\/www.neufundlaender-vom-baerenfels.de\/index.php?rest_route=\/wp\/v2\/pages\/5984","targetHints":{"allow":["GET"]}}],"collection":[{"href":"https:\/\/www.neufundlaender-vom-baerenfels.de\/index.php?rest_route=\/wp\/v2\/pages"}],"about":[{"href":"https:\/\/www.neufundlaender-vom-baerenfels.de\/index.php?rest_route=\/wp\/v2\/types\/page"}],"author":[{"embeddable":true,"href":"https:\/\/www.neufundlaender-vom-baerenfels.de\/index.php?rest_route=\/wp\/v2\/users\/1"}],"replies":[{"embeddable":true,"href":"https:\/\/www.neufundlaender-vom-baerenfels.de\/index.php?rest_route=%2Fwp%2Fv2%2Fcomments&post=5984"}],"version-history":[{"count":8,"href":"https:\/\/www.neufundlaender-vom-baerenfels.de\/index.php?rest_route=\/wp\/v2\/pages\/5984\/revisions"}],"predecessor-version":[{"id":7169,"href":"https:\/\/www.neufundlaender-vom-baerenfels.de\/index.php?rest_route=\/wp\/v2\/pages\/5984\/revisions\/7169"}],"wp:attachment":[{"href":"https:\/\/www.neufundlaender-vom-baerenfels.de\/index.php?rest_route=%2Fwp%2Fv2%2Fmedia&parent=5984"}],"curies":[{"name":"wp","href":"https:\/\/api.w.org\/{rel}","templated":true}]}}