{"id":5988,"date":"2018-12-19T13:56:18","date_gmt":"2018-12-19T12:56:18","guid":{"rendered":"https:\/\/www.neufundlaender-vom-baerenfels.de\/?page_id=5988"},"modified":"2019-10-27T11:57:38","modified_gmt":"2019-10-27T10:57:38","slug":"welpe-8-hellblau","status":"publish","type":"page","link":"https:\/\/www.neufundlaender-vom-baerenfels.de\/?page_id=5988","title":{"rendered":"E-Wurf Welpe 8 Hellblau"},"content":{"rendered":"\n<h2 class=\"wp-block-heading\">Eddy vom B\u00e4renfels<\/h2>\n\n\n\n<p>R\u00fcde schwarz, hellblaues B\u00e4ndchen<br \/>geboren am 18.12.2018 um&nbsp; 13:58 Uhr, Geburtsgewicht 605 g<\/p>\n\n\n\n<p>Ist umgezogen am Samstag, 23.02.2019 in den Landkreis L\u00f6rrach in Baden-W\u00fcrttemberg<\/p>\n\n\n\n<p>mit einem &#8222;\u00dcbergabegewicht&#8220; von 12,5 kg.<\/p>\n\n\n\n<figure class=\"wp-block-image\"><img loading=\"lazy\" decoding=\"async\" width=\"709\" height=\"1024\" src=\"https:\/\/www.neufundlaender-vom-baerenfels.de\/wp-content\/uploads\/2019\/02\/Welpe-Eddy-709x1024.jpg\" alt=\"\" class=\"wp-image-6929\" srcset=\"https:\/\/www.neufundlaender-vom-baerenfels.de\/wp-content\/uploads\/2019\/02\/Welpe-Eddy-709x1024.jpg 709w, https:\/\/www.neufundlaender-vom-baerenfels.de\/wp-content\/uploads\/2019\/02\/Welpe-Eddy-208x300.jpg 208w, https:\/\/www.neufundlaender-vom-baerenfels.de\/wp-content\/uploads\/2019\/02\/Welpe-Eddy-768x1109.jpg 768w, https:\/\/www.neufundlaender-vom-baerenfels.de\/wp-content\/uploads\/2019\/02\/Welpe-Eddy.jpg 1063w\" sizes=\"auto, (max-width: 709px) 100vw, 709px\" \/><\/figure>\n\n\n\n<figure class=\"wp-block-image\"><img loading=\"lazy\" decoding=\"async\" width=\"709\" height=\"1024\" src=\"https:\/\/www.neufundlaender-vom-baerenfels.de\/wp-content\/uploads\/2019\/02\/Kofferbild-8-RS-1-709x1024.jpg\" alt=\"\" class=\"wp-image-6937\" srcset=\"https:\/\/www.neufundlaender-vom-baerenfels.de\/wp-content\/uploads\/2019\/02\/Kofferbild-8-RS-1-709x1024.jpg 709w, https:\/\/www.neufundlaender-vom-baerenfels.de\/wp-content\/uploads\/2019\/02\/Kofferbild-8-RS-1-208x300.jpg 208w, https:\/\/www.neufundlaender-vom-baerenfels.de\/wp-content\/uploads\/2019\/02\/Kofferbild-8-RS-1-768x1109.jpg 768w, https:\/\/www.neufundlaender-vom-baerenfels.de\/wp-content\/uploads\/2019\/02\/Kofferbild-8-RS-1.jpg 1063w\" sizes=\"auto, (max-width: 709px) 100vw, 709px\" \/><\/figure>\n\n\n\n<figure class=\"wp-block-image\"><img loading=\"lazy\" decoding=\"async\" width=\"1024\" height=\"576\" src=\"https:\/\/www.neufundlaender-vom-baerenfels.de\/wp-content\/uploads\/2018\/12\/Hellblau1-1024x576.jpg\" alt=\"\" class=\"wp-image-6234\" srcset=\"https:\/\/www.neufundlaender-vom-baerenfels.de\/wp-content\/uploads\/2018\/12\/Hellblau1-1024x576.jpg 1024w, https:\/\/www.neufundlaender-vom-baerenfels.de\/wp-content\/uploads\/2018\/12\/Hellblau1-300x169.jpg 300w, https:\/\/www.neufundlaender-vom-baerenfels.de\/wp-content\/uploads\/2018\/12\/Hellblau1-768x432.jpg 768w\" sizes=\"auto, (max-width: 1024px) 100vw, 1024px\" \/><\/figure>\n\n\n\n<p>Hier eine Bildersammlung:<\/p>\n\n\n\nngg_shortcode_0_placeholder\n\n\n\n<p>Hier die Teddybilder zum Gr\u00f6\u00dfenvergleich:<\/p>\n\n\n\nngg_shortcode_1_placeholder\n","protected":false},"excerpt":{"rendered":"<p>Eddy vom B\u00e4renfels R\u00fcde schwarz, hellblaues B\u00e4ndchengeboren am 18.12.2018 um&nbsp; 13:58 Uhr, Geburtsgewicht 605 g Ist umgezogen am Samstag, 23.02.2019 in den Landkreis L\u00f6rrach in Baden-W\u00fcrttemberg mit einem &#8222;\u00dcbergabegewicht&#8220; von 12,5 kg. Hier eine Bildersammlung: Hier die Teddybilder zum Gr\u00f6\u00dfenvergleich:<\/p>\n","protected":false},"author":1,"featured_media":0,"parent":0,"menu_order":0,"comment_status":"closed","ping_status":"closed","template":"","meta":{"ngg_post_thumbnail":0,"footnotes":""},"class_list":["post-5988","page","type-page","status-publish","hentry"],"_links":{"self":[{"href":"https:\/\/www.neufundlaender-vom-baerenfels.de\/index.php?rest_route=\/wp\/v2\/pages\/5988","targetHints":{"allow":["GET"]}}],"collection":[{"href":"https:\/\/www.neufundlaender-vom-baerenfels.de\/index.php?rest_route=\/wp\/v2\/pages"}],"about":[{"href":"https:\/\/www.neufundlaender-vom-baerenfels.de\/index.php?rest_route=\/wp\/v2\/types\/page"}],"author":[{"embeddable":true,"href":"https:\/\/www.neufundlaender-vom-baerenfels.de\/index.php?rest_route=\/wp\/v2\/users\/1"}],"replies":[{"embeddable":true,"href":"https:\/\/www.neufundlaender-vom-baerenfels.de\/index.php?rest_route=%2Fwp%2Fv2%2Fcomments&post=5988"}],"version-history":[{"count":8,"href":"https:\/\/www.neufundlaender-vom-baerenfels.de\/index.php?rest_route=\/wp\/v2\/pages\/5988\/revisions"}],"predecessor-version":[{"id":7171,"href":"https:\/\/www.neufundlaender-vom-baerenfels.de\/index.php?rest_route=\/wp\/v2\/pages\/5988\/revisions\/7171"}],"wp:attachment":[{"href":"https:\/\/www.neufundlaender-vom-baerenfels.de\/index.php?rest_route=%2Fwp%2Fv2%2Fmedia&parent=5988"}],"curies":[{"name":"wp","href":"https:\/\/api.w.org\/{rel}","templated":true}]}}