{"id":6962,"date":"2019-03-17T15:18:38","date_gmt":"2019-03-17T14:18:38","guid":{"rendered":"https:\/\/www.neufundlaender-vom-baerenfels.de\/?page_id=6962"},"modified":"2019-03-17T15:21:55","modified_gmt":"2019-03-17T14:21:55","slug":"elfriede-vom-baerenfels","status":"publish","type":"page","link":"https:\/\/www.neufundlaender-vom-baerenfels.de\/?page_id=6962","title":{"rendered":"Elfriede vom B\u00e4renfels"},"content":{"rendered":"\n<p>Die schwarze Elfriede aus unserem E-Wurf bleibt bei uns. Mit Anton vom B\u00e4renfels hat sie ja einen ganz tollen Papa, einem nationalen und internationalen Champion aus unserem A-Wurf, ein Sohn von unserer ersten Neufundl\u00e4nderh\u00fcndin Janka von der Spessarth\u00f6he.<\/p>\n\n\n\n<p>Und die Mama, B\u00e4r-Rosi von der B\u00e4renh\u00f6hle aus Isenb\u00fcttel, hat den nationalen Championtitel und ist eine ganz agile Neufundl\u00e4nderh\u00fcndin vom europ\u00e4ischen Typ.<\/p>\n\n\n\n<p>Nun sind wir gespannt, wie sich die Kleine H\u00fcndin entwickelt!<br \/><\/p>\n\n\n\n<figure class=\"wp-block-image\"><img loading=\"lazy\" decoding=\"async\" width=\"709\" height=\"1024\" src=\"https:\/\/www.neufundlaender-vom-baerenfels.de\/wp-content\/uploads\/2019\/02\/Welpe-Elfriede-1-709x1024.jpg\" alt=\"\" class=\"wp-image-6938\" srcset=\"https:\/\/www.neufundlaender-vom-baerenfels.de\/wp-content\/uploads\/2019\/02\/Welpe-Elfriede-1-709x1024.jpg 709w, https:\/\/www.neufundlaender-vom-baerenfels.de\/wp-content\/uploads\/2019\/02\/Welpe-Elfriede-1-208x300.jpg 208w, https:\/\/www.neufundlaender-vom-baerenfels.de\/wp-content\/uploads\/2019\/02\/Welpe-Elfriede-1-768x1109.jpg 768w, https:\/\/www.neufundlaender-vom-baerenfels.de\/wp-content\/uploads\/2019\/02\/Welpe-Elfriede-1.jpg 1063w\" sizes=\"auto, (max-width: 709px) 100vw, 709px\" \/><\/figure>\n","protected":false},"excerpt":{"rendered":"<p>Die schwarze Elfriede aus unserem E-Wurf bleibt bei uns. Mit Anton vom B\u00e4renfels hat sie ja einen ganz tollen Papa, einem nationalen und internationalen Champion aus unserem A-Wurf, ein Sohn von unserer ersten Neufundl\u00e4nderh\u00fcndin Janka von der Spessarth\u00f6he. Und die Mama, B\u00e4r-Rosi von der B\u00e4renh\u00f6hle aus Isenb\u00fcttel, hat den nationalen Championtitel und ist eine ganz &hellip; <a href=\"https:\/\/www.neufundlaender-vom-baerenfels.de\/?page_id=6962\" class=\"more-link\"><span class=\"screen-reader-text\">Elfriede vom B\u00e4renfels<\/span> weiterlesen <span class=\"meta-nav\">&rarr;<\/span><\/a><\/p>\n","protected":false},"author":1,"featured_media":0,"parent":0,"menu_order":0,"comment_status":"closed","ping_status":"closed","template":"","meta":{"ngg_post_thumbnail":0,"footnotes":""},"class_list":["post-6962","page","type-page","status-publish","hentry"],"_links":{"self":[{"href":"https:\/\/www.neufundlaender-vom-baerenfels.de\/index.php?rest_route=\/wp\/v2\/pages\/6962","targetHints":{"allow":["GET"]}}],"collection":[{"href":"https:\/\/www.neufundlaender-vom-baerenfels.de\/index.php?rest_route=\/wp\/v2\/pages"}],"about":[{"href":"https:\/\/www.neufundlaender-vom-baerenfels.de\/index.php?rest_route=\/wp\/v2\/types\/page"}],"author":[{"embeddable":true,"href":"https:\/\/www.neufundlaender-vom-baerenfels.de\/index.php?rest_route=\/wp\/v2\/users\/1"}],"replies":[{"embeddable":true,"href":"https:\/\/www.neufundlaender-vom-baerenfels.de\/index.php?rest_route=%2Fwp%2Fv2%2Fcomments&post=6962"}],"version-history":[{"count":3,"href":"https:\/\/www.neufundlaender-vom-baerenfels.de\/index.php?rest_route=\/wp\/v2\/pages\/6962\/revisions"}],"predecessor-version":[{"id":6966,"href":"https:\/\/www.neufundlaender-vom-baerenfels.de\/index.php?rest_route=\/wp\/v2\/pages\/6962\/revisions\/6966"}],"wp:attachment":[{"href":"https:\/\/www.neufundlaender-vom-baerenfels.de\/index.php?rest_route=%2Fwp%2Fv2%2Fmedia&parent=6962"}],"curies":[{"name":"wp","href":"https:\/\/api.w.org\/{rel}","templated":true}]}}