{"id":7344,"date":"2020-06-21T09:02:32","date_gmt":"2020-06-21T08:02:32","guid":{"rendered":"https:\/\/www.neufundlaender-vom-baerenfels.de\/?page_id=7344"},"modified":"2024-05-03T20:47:48","modified_gmt":"2024-05-03T18:47:48","slug":"home","status":"publish","type":"page","link":"https:\/\/www.neufundlaender-vom-baerenfels.de\/?page_id=7344","title":{"rendered":"Home"},"content":{"rendered":"\n<p> Herzlich Willkommen auf den Internetseiten der Hobbyzucht<br \/>&#8222;Neufundl\u00e4nder vom B\u00e4renfels&#8220;<\/p>\n\n\n\n<figure class=\"wp-block-image size-large is-style-default\"><a href=\"https:\/\/www.neufundlaender-vom-baerenfels.de\/wp-content\/uploads\/2024\/04\/alle-Neufis.jpg\"><img loading=\"lazy\" decoding=\"async\" width=\"1024\" height=\"576\" src=\"https:\/\/www.neufundlaender-vom-baerenfels.de\/wp-content\/uploads\/2024\/04\/alle-Neufis-1024x576.jpg\" alt=\"\" class=\"wp-image-10197\" srcset=\"https:\/\/www.neufundlaender-vom-baerenfels.de\/wp-content\/uploads\/2024\/04\/alle-Neufis-1024x576.jpg 1024w, https:\/\/www.neufundlaender-vom-baerenfels.de\/wp-content\/uploads\/2024\/04\/alle-Neufis-300x169.jpg 300w, https:\/\/www.neufundlaender-vom-baerenfels.de\/wp-content\/uploads\/2024\/04\/alle-Neufis-768x432.jpg 768w, https:\/\/www.neufundlaender-vom-baerenfels.de\/wp-content\/uploads\/2024\/04\/alle-Neufis-1536x864.jpg 1536w, https:\/\/www.neufundlaender-vom-baerenfels.de\/wp-content\/uploads\/2024\/04\/alle-Neufis.jpg 1890w\" sizes=\"auto, (max-width: 1024px) 100vw, 1024px\" \/><\/a><\/figure>\n\n\n\n<p>Unsere beiden braunen ehemaligen Zuchth\u00fcndinnen B\u00e4rbel und B\u00e4r-Rosi haben ihr &#8222;Rentenalter&#8220; erreicht. Nun treten Cherries-Frieda von der B\u00e4renh\u00f6hle aus Isenb\u00fcttel und Helene vom B\u00e4renfels in deren Fu\u00dfstapfen.   Zwischenzeitlich haben wir mit den beiden zur Vorbereitung  auf die Zuchtzulassung flei\u00dfig Ausstellungen besucht. <\/p>\n\n\n\n<p>Nachdem die HD- und ED-Auswertung positiv verlaufen ist, haben wir f\u00fcr Cherries-Frieda im Juli 2023 die <a href=\"https:\/\/www.neufundlaender-vom-baerenfels.de\/?p=10066\" target=\"_blank\" rel=\"noreferrer noopener\">Zuchtzulassung<\/a> erhalten. <\/p>\n\n\n\n<p>Auch Helene vom B\u00e4renfels hat im Oktober 2023 die <a href=\"https:\/\/www.neufundlaender-vom-baerenfels.de\/?p=10128\">Zuchtzulassung <\/a>bekommen. <\/p>\n\n\n\n<p>Im Februar 2024 wurden beide Nachwuchsh\u00fcndinnen zeitgleich l\u00e4ufig. Da wir keine zwei W\u00fcrfe gleichzeitig betreuen k\u00f6nnen, haben wir uns f\u00fcr Frieda entschieden. Weiteres \u00fcber unseren I-Wurf finden Sie <a href=\"https:\/\/www.neufundlaender-vom-baerenfels.de\/?p=10161\">hier!<\/a><\/p>\n\n\n\n<p><\/p>\n\n\n\n<h1>Unser H-Wurf vom 13.03.2022<\/h1>\n<p>Aus&nbsp; der Verpaarung B\u00e4rbel von der B\u00e4renh\u00f6hle Isenb\u00fcttel und dem Deckr\u00fcden <a href=\"https:\/\/www.neufundlaender-aithor.de\/%C3%BCber-aithor\/\" target=\"_blank\" rel=\"noreferrer noopener\">Aithor Rubens vom Ritterlichen B\u00e4ren<\/a> hatten wir zuletzt sieben B\u00e4rchen in der Wurfkiste. Drei schwarze R\u00fcden, drei braune H\u00fcndinnen und eine schwarze H\u00fcndin wurden von Mama B\u00e4rbel, unterst\u00fctzt von der Nachwuchsh\u00fcndin Frieda f\u00fcrsorglich betreut.<\/p>\n<p>Die Welpen haben wieder alle ganz tolle Familien gefunden.<strong><br \/><\/strong><\/p>\n<p>Mehr unter &#8222;Welpen H-Wurf&#8220; <a href=\"https:\/\/www.neufundlaender-vom-baerenfels.de\/?p=8946\" target=\"_blank\" rel=\"noopener\">hier:&nbsp;<\/a> <br data-rich-text-line-break=\"true\"\/>Hier die YouTube&nbsp; <a href=\"https:\/\/www.youtube.com\/watch?v=CGUBWS72Pho&amp;list=PLL76EHZfuSc6HE1zVfOWmviyphwoWFSVU\" target=\"_blank\" rel=\"noopener\">Playlist H-Wurfes:<\/a><\/p>\n\n\n\n<figure class=\"wp-block-video\"><video height=\"1080\" style=\"aspect-ratio: 1920 \/ 1080;\" width=\"1920\" controls src=\"https:\/\/www.neufundlaender-vom-baerenfels.de\/wp-content\/uploads\/2022\/03\/\u200eSonntag\u200e-\u200e13\u200e.-\u200eMaerz\u200e-\u200e2022.mp4\"><\/video><\/figure>\n\n\n\n<h1>Unser G-Wurf vom 12.01.2021<\/h1>\n<p>Aus der Verpaarung B\u00e4r-Rosi von der B\u00e4renh\u00f6hle Isenb\u00fcttel und <a href=\"https:\/\/www.neufundlaender-aithor.de\/%C3%BCber-aithor\/\" target=\"_blank\" rel=\"noreferrer noopener\">Aithor Rubens vom Ritterlichen B\u00e4ren<\/a> hatten wir sechs Welpen aufgezogen. Zwei schwarze R\u00fcden, ein brauner R\u00fcde, zwei schwarze H\u00fcndinnen und eine braune H\u00fcndin.<\/p>\n<p><span style=\"color: #ff0000;\"><span style=\"color: #000000;\">Die Welpen haben alle ganz tolle Familien&nbsp;gefunden.<\/span><strong><br \/><\/strong><\/span><\/p>\n<p>Mehr unter &#8222;Welpen G-Wurf&#8220; <a href=\"https:\/\/www.neufundlaender-vom-baerenfels.de\/?p=8020\">hier:&nbsp;<\/a> <br data-rich-text-line-break=\"true\"\/>Hier die YouTube&nbsp; <a href=\"https:\/\/www.youtube.com\/watch?v=AL0vTRw4MdM&amp;list=PLL76EHZfuSc7G-ICUXUfHonRsTYwywaCT\" target=\"_blank\" rel=\"noreferrer noopener\">Playlist G-Wurfes<\/a>:<\/p>\n\n\n\n<h1>Unser F-Wurf vom 12.08.2020<\/h1>\n\n\n\n<figure class=\"wp-block-image size-large\"><img loading=\"lazy\" decoding=\"async\" width=\"1024\" height=\"576\" src=\"https:\/\/www.neufundlaender-vom-baerenfels.de\/wp-content\/uploads\/2020\/08\/vlcsnap-2020-08-14-12h45m26s586-1024x576.jpg\" alt=\"\" class=\"wp-image-7443\" srcset=\"https:\/\/www.neufundlaender-vom-baerenfels.de\/wp-content\/uploads\/2020\/08\/vlcsnap-2020-08-14-12h45m26s586-1024x576.jpg 1024w, https:\/\/www.neufundlaender-vom-baerenfels.de\/wp-content\/uploads\/2020\/08\/vlcsnap-2020-08-14-12h45m26s586-300x169.jpg 300w, https:\/\/www.neufundlaender-vom-baerenfels.de\/wp-content\/uploads\/2020\/08\/vlcsnap-2020-08-14-12h45m26s586-768x432.jpg 768w, https:\/\/www.neufundlaender-vom-baerenfels.de\/wp-content\/uploads\/2020\/08\/vlcsnap-2020-08-14-12h45m26s586-1536x864.jpg 1536w, https:\/\/www.neufundlaender-vom-baerenfels.de\/wp-content\/uploads\/2020\/08\/vlcsnap-2020-08-14-12h45m26s586.jpg 1890w\" sizes=\"auto, (max-width: 1024px) 100vw, 1024px\" \/><\/figure>\n\n\n\n<p>Vier braune und ein schwarzer Welpe aus der Verpaarung B\u00e4rbel von der B\u00e4renh\u00f6hle Isenb\u00fcttel und dem wundersch\u00f6nen <a rel=\"noreferrer noopener\" href=\"https:\/\/www.neufundlaender-aithor.de\/%C3%BCber-aithor\/\" target=\"_blank\">Aithor Rubens vom Ritterlichen B\u00e4ren<\/a>. <\/p>\n\n\n\n<p>Mehr unter &#8222;Welpen F-Wurf&#8220; <a rel=\"noreferrer noopener\" href=\"https:\/\/www.neufundlaender-vom-baerenfels.de\/?p=7326\" target=\"_blank\">hier<\/a>: &nbsp;<br \/>Hier die YouTube&nbsp; <a rel=\"noreferrer noopener\" href=\"https:\/\/www.youtube.com\/watch?v=zZt27trLWkk&amp;list=PLL76EHZfuSc4fxODDTOHN8n090NS4i2DM\" target=\"_blank\">Playlist F-Wurfes<\/a>:<\/p>\n\n\n\n<p>Die Welpen haben alle ganz tolle Familien  gefunden.<\/p>\n\n\n\n<figure class=\"wp-block-image size-large\"><img loading=\"lazy\" decoding=\"async\" width=\"1024\" height=\"361\" src=\"https:\/\/www.neufundlaender-vom-baerenfels.de\/wp-content\/uploads\/2020\/06\/B\u00e4rbel-und-Aithor-1024x361.jpg\" alt=\"\" class=\"wp-image-7327\" srcset=\"https:\/\/www.neufundlaender-vom-baerenfels.de\/wp-content\/uploads\/2020\/06\/B\u00e4rbel-und-Aithor-1024x361.jpg 1024w, https:\/\/www.neufundlaender-vom-baerenfels.de\/wp-content\/uploads\/2020\/06\/B\u00e4rbel-und-Aithor-300x106.jpg 300w, https:\/\/www.neufundlaender-vom-baerenfels.de\/wp-content\/uploads\/2020\/06\/B\u00e4rbel-und-Aithor-768x271.jpg 768w, https:\/\/www.neufundlaender-vom-baerenfels.de\/wp-content\/uploads\/2020\/06\/B\u00e4rbel-und-Aithor-1536x541.jpg 1536w, https:\/\/www.neufundlaender-vom-baerenfels.de\/wp-content\/uploads\/2020\/06\/B\u00e4rbel-und-Aithor-2048x722.jpg 2048w\" sizes=\"auto, (max-width: 1024px) 100vw, 1024px\" \/><\/figure>\n\n\n<h1>Unser E-Wurf vom 18.12.2018 mit 8 Welpen<\/h1>\n<p>ein brauner R\u00fcde, ein braune H\u00fcndin, vier schwarze R\u00fcden und zwei schwarze H\u00fcndinnen. Die Eltern: B\u00e4r-Rosi von der B\u00e4renh\u00f6hle Isenb\u00fcttel und <a href=\"https:\/\/www.neufundlaender-vom-baerenfels.de\/?page_id=4121\" data-wplink-edit=\"true\">Anton vom B\u00e4renfels<\/a><\/p>\n<p>Mehr unter &#8222;Welpen E-Wurf&#8220; <a href=\"https:\/\/www.neufundlaender-vom-baerenfels.de\/?page_id=5947\" target=\"_blank\" rel=\"noopener noreferrer\">hier<\/a>: &nbsp; <br \/>Hier die YouTube&nbsp; <a href=\"https:\/\/www.youtube.com\/watch?v=Ls2UySvavyI&amp;list=PLL76EHZfuSc5KW8pMagTW-zM1x_nowWRp\" target=\"_blank\" rel=\"noopener noreferrer\">Playlist E-Wurfes<\/a>:<\/p>\n<h1 style=\"text-align: left;\">Unser D-Wurf kam am 10.09.2017<\/h1>\n<p>ein brauner R\u00fcde und jeweils eine braune und schwarze H\u00fcndin! Die Eltern: B\u00e4r-Rosi von der B\u00e4renh\u00f6hle Isenb\u00fcttel und Anton vom B\u00e4renfels<\/p>\n<p>Mehr unter &#8222;Welpen D-Wurf&#8220; <a href=\"https:\/\/www.neufundlaender-vom-baerenfels.de\/?page_id=5591\" target=\"_blank\" rel=\"noopener noreferrer\">hier<\/a>: &nbsp; <br \/>Hier die YouTube&nbsp; <a href=\"https:\/\/www.youtube.com\/watch?v=QFhbxyq2Uao&amp;list=PLL76EHZfuSc7J7zbebzWZC_HYZFTPcZkA\" target=\"_blank\" rel=\"noopener noreferrer\">Playlist D-Wurfes<\/a>:<\/p>\n<h1 style=\"text-align: left;\">U<strong>nser C-Wurf kam am 21.06.2017 auf die Welt<\/strong><\/h1>\n<p style=\"text-align: left;\">5 R\u00fcden und 7 H\u00fcndinnen in Schwarz und Braun bev\u00f6lkern die Wurfkiste.&nbsp; Die Eltern: B\u00e4rbel von der B\u00e4renh\u00f6hle Isenb\u00fcttel und Anton vom B\u00e4renfels.<\/p>\n<p>Mehr unter &#8222;Welpen C-Wurf&#8220; <a href=\"https:\/\/www.neufundlaender-vom-baerenfels.de\/?p=4923\" target=\"_blank\" rel=\"noopener noreferrer\">hier<\/a>: &nbsp; <br \/>Hier die YouTube&nbsp; <a href=\"https:\/\/www.youtube.com\/watch?v=kioYRuIGuxY&amp;list=PLL76EHZfuSc46cZbcsYVypsifw_7o2pho\" target=\"_blank\" rel=\"noopener noreferrer\">Playlist C-Wurfes<\/a>:<\/p>\n<h1>U<strong>nser B-Wurf kam am 20.05.2016 auf die Welt<\/strong><\/h1>\n<p>1 brauner R\u00fcde und 3 braune H\u00fcndinnen.&nbsp; Die Eltern: B\u00e4r-Rosi von der B\u00e4renh\u00f6hle Isenb\u00fcttel und Haakon Ben von der Spessarth\u00f6he.<\/p>\n<p>Mehr unter &#8222;Welpen B-Wurf&#8220; <a href=\"https:\/\/www.neufundlaender-vom-baerenfels.de\/?p=4281\" target=\"_blank\" rel=\"noopener noreferrer\">hier<\/a>: &nbsp; <br \/>Hier die YouTube&nbsp; <a href=\"https:\/\/www.youtube.com\/watch?v=3kNRhAVRFtA&amp;list=PLL76EHZfuSc7uQ8hy79komSNTN3Vo-xpf\" target=\"_blank\" rel=\"noopener noreferrer\">Playlist B-Wurfes<\/a>:<\/p>\n<h1>U<strong>nser A-Wurf kam am 06.08.2013 auf die Welt<\/strong><\/h1>\n<p>1 brauner R\u00fcde und 1 schwarzer R\u00fcde.&nbsp; Die Eltern: Janka B\u00e4r von der Spessarth\u00f6he und Lennox Bear vom Menhardsweiler Tal.<\/p>\n<p>Mehr unter &#8222;Welpen A-Wurf&#8220; <a href=\"https:\/\/www.neufundlaender-vom-baerenfels.de\/?page_id=321\" target=\"_blank\" rel=\"noopener noreferrer\">hier<\/a>: &nbsp; <br \/>Hier die YouTube&nbsp; <a href=\"https:\/\/www.youtube.com\/watch?v=PzVbIC46ECU&amp;list=PLL76EHZfuSc4slTV_Fw1gB2LC76RMVgnl\" target=\"_blank\" rel=\"noopener noreferrer\">Playlist A-Wurfes<\/a>:<\/p>\n<p style=\"text-align: left;\">Wenn Sie sehen m\u00f6chten, wie unsere Zuchth\u00fcndinnen B\u00e4r-Rosi und B\u00e4rbel von der B\u00e4renh\u00f6hle Isenb\u00fcttel bei uns aufgewachsen sind:<a href=\"https:\/\/www.youtube.com\/watch?v=pUUQD7yiyA8&amp;list=PLL76EHZfuSc55rXoU6fD3QSy7v3Xr9vQZ\" target=\"_blank\" rel=\"noopener noreferrer\"><img loading=\"lazy\" decoding=\"async\" class=\"aligncenter wp-image-5819 size-medium\" src=\"https:\/\/www.neufundlaender-vom-baerenfels.de\/wp-content\/uploads\/2018\/04\/Hier-klicken-300x72.jpg\" alt=\"\" width=\"300\" height=\"72\" srcset=\"https:\/\/www.neufundlaender-vom-baerenfels.de\/wp-content\/uploads\/2018\/04\/Hier-klicken-300x72.jpg 300w, https:\/\/www.neufundlaender-vom-baerenfels.de\/wp-content\/uploads\/2018\/04\/Hier-klicken-768x183.jpg 768w, https:\/\/www.neufundlaender-vom-baerenfels.de\/wp-content\/uploads\/2018\/04\/Hier-klicken-1024x244.jpg 1024w, https:\/\/www.neufundlaender-vom-baerenfels.de\/wp-content\/uploads\/2018\/04\/Hier-klicken.jpg 1487w\" sizes=\"auto, (max-width: 300px) 100vw, 300px\" \/><\/a><\/p>\n<p style=\"text-align: left;\">Deckr\u00fcde Anton vom B\u00e4renfels ist bei uns geboren und wurde von unserer Tochter Lisa \u00fcbernommen:<a href=\"https:\/\/www.youtube.com\/watch?v=PzVbIC46ECU&amp;list=PLL76EHZfuSc4slTV_Fw1gB2LC76RMVgnl\" target=\"_blank\" rel=\"attachment wp-att-3845 noopener noreferrer\"><img loading=\"lazy\" decoding=\"async\" class=\"aligncenter wp-image-5819 size-medium\" src=\"https:\/\/www.neufundlaender-vom-baerenfels.de\/wp-content\/uploads\/2018\/04\/Hier-klicken-300x72.jpg\" alt=\"\" width=\"300\" height=\"72\" srcset=\"https:\/\/www.neufundlaender-vom-baerenfels.de\/wp-content\/uploads\/2018\/04\/Hier-klicken-300x72.jpg 300w, https:\/\/www.neufundlaender-vom-baerenfels.de\/wp-content\/uploads\/2018\/04\/Hier-klicken-768x183.jpg 768w, https:\/\/www.neufundlaender-vom-baerenfels.de\/wp-content\/uploads\/2018\/04\/Hier-klicken-1024x244.jpg 1024w, https:\/\/www.neufundlaender-vom-baerenfels.de\/wp-content\/uploads\/2018\/04\/Hier-klicken.jpg 1487w\" sizes=\"auto, (max-width: 300px) 100vw, 300px\" \/><\/a><\/p>\n<p style=\"text-align: left;\">Wir sind Mitglied im Allgemeinen Deutschen Klub f\u00fcr Neufundl\u00e4nder &#8211; ADKN.<\/p>\n<p style=\"text-align: left;\">&nbsp;Als zuchtbuchf\u00fchrender Verein \u00fcberwacht er die Z\u00fcchter, pr\u00fcft, ob die Zuchtst\u00e4tten in einem ordnungsgem\u00e4\u00dfen Zustand sind, begutachtet H\u00fcndinnen und R\u00fcden auf Zuchttauglichkeit unter Einbeziehen von HD- und ED-Auswertungen, erteilt Deckgenehmigungen f\u00fcr die geplanten Verpaarungen, pr\u00fcft mit der Wurfabnahme, ob die Welpen dem Standard entsprechen und ohne Fehler sind und stellt dann die Ahnentafeln aus.<\/p>\n\n<div class=\"wp-block-image\">\n<figure class=\"aligncenter size-large\"><img loading=\"lazy\" decoding=\"async\" width=\"437\" height=\"437\" src=\"https:\/\/www.neufundlaender-vom-baerenfels.de\/wp-content\/uploads\/2012\/04\/Logo-adkn.jpg\" alt=\"\" class=\"wp-image-1512\" srcset=\"https:\/\/www.neufundlaender-vom-baerenfels.de\/wp-content\/uploads\/2012\/04\/Logo-adkn.jpg 437w, https:\/\/www.neufundlaender-vom-baerenfels.de\/wp-content\/uploads\/2012\/04\/Logo-adkn-150x150.jpg 150w, https:\/\/www.neufundlaender-vom-baerenfels.de\/wp-content\/uploads\/2012\/04\/Logo-adkn-300x300.jpg 300w\" sizes=\"auto, (max-width: 437px) 100vw, 437px\" \/><\/figure>\n<\/div>","protected":false},"excerpt":{"rendered":"<p>Herzlich Willkommen auf den Internetseiten der Hobbyzucht&#8222;Neufundl\u00e4nder vom B\u00e4renfels&#8220; Unsere beiden braunen ehemaligen Zuchth\u00fcndinnen B\u00e4rbel und B\u00e4r-Rosi haben ihr &#8222;Rentenalter&#8220; erreicht. Nun treten Cherries-Frieda von der B\u00e4renh\u00f6hle aus Isenb\u00fcttel und Helene vom B\u00e4renfels in deren Fu\u00dfstapfen. Zwischenzeitlich haben wir mit den beiden zur Vorbereitung auf die Zuchtzulassung flei\u00dfig Ausstellungen besucht. Nachdem die HD- und ED-Auswertung &hellip; <a href=\"https:\/\/www.neufundlaender-vom-baerenfels.de\/?page_id=7344\" class=\"more-link\"><span class=\"screen-reader-text\">Home<\/span> weiterlesen <span class=\"meta-nav\">&rarr;<\/span><\/a><\/p>\n","protected":false},"author":1,"featured_media":0,"parent":0,"menu_order":10,"comment_status":"closed","ping_status":"closed","template":"","meta":{"ngg_post_thumbnail":0,"footnotes":""},"class_list":["post-7344","page","type-page","status-publish","hentry"],"_links":{"self":[{"href":"https:\/\/www.neufundlaender-vom-baerenfels.de\/index.php?rest_route=\/wp\/v2\/pages\/7344","targetHints":{"allow":["GET"]}}],"collection":[{"href":"https:\/\/www.neufundlaender-vom-baerenfels.de\/index.php?rest_route=\/wp\/v2\/pages"}],"about":[{"href":"https:\/\/www.neufundlaender-vom-baerenfels.de\/index.php?rest_route=\/wp\/v2\/types\/page"}],"author":[{"embeddable":true,"href":"https:\/\/www.neufundlaender-vom-baerenfels.de\/index.php?rest_route=\/wp\/v2\/users\/1"}],"replies":[{"embeddable":true,"href":"https:\/\/www.neufundlaender-vom-baerenfels.de\/index.php?rest_route=%2Fwp%2Fv2%2Fcomments&post=7344"}],"version-history":[{"count":42,"href":"https:\/\/www.neufundlaender-vom-baerenfels.de\/index.php?rest_route=\/wp\/v2\/pages\/7344\/revisions"}],"predecessor-version":[{"id":10363,"href":"https:\/\/www.neufundlaender-vom-baerenfels.de\/index.php?rest_route=\/wp\/v2\/pages\/7344\/revisions\/10363"}],"wp:attachment":[{"href":"https:\/\/www.neufundlaender-vom-baerenfels.de\/index.php?rest_route=%2Fwp%2Fv2%2Fmedia&parent=7344"}],"curies":[{"name":"wp","href":"https:\/\/api.w.org\/{rel}","templated":true}]}}