{"id":7420,"date":"2020-08-13T09:00:34","date_gmt":"2020-08-13T08:00:34","guid":{"rendered":"https:\/\/www.neufundlaender-vom-baerenfels.de\/?page_id=7420"},"modified":"2020-10-17T15:07:38","modified_gmt":"2020-10-17T14:07:38","slug":"f-wurf-welpe-1-gruen","status":"publish","type":"page","link":"https:\/\/www.neufundlaender-vom-baerenfels.de\/?page_id=7420","title":{"rendered":"F-Wurf Welpe 1 Gr\u00fcn"},"content":{"rendered":"\n<h1>Falko vom B\u00e4renfels<\/h1>\n\n\n\n<p>R\u00fcde braun, gr\u00fcnes B\u00e4ndchen,<br \/>geboren am 12.08.2020 um 18:05 Uhr, Geburtsgewicht 743 g<\/p>\n\n\n\n<p>ist am 17.10.2020 umgezogen in den Landkreis Giesen in Hessen mit einem &#8222;\u00dcbergabegewicht&#8220; von 13,9 kg<\/p>\n\n\n\n<figure class=\"wp-block-image size-large\"><img loading=\"lazy\" decoding=\"async\" width=\"709\" height=\"1024\" src=\"https:\/\/www.neufundlaender-vom-baerenfels.de\/wp-content\/uploads\/2020\/10\/Falko-vom-Baerenfels-709x1024.jpg\" alt=\"\" class=\"wp-image-7935\" srcset=\"https:\/\/www.neufundlaender-vom-baerenfels.de\/wp-content\/uploads\/2020\/10\/Falko-vom-Baerenfels-709x1024.jpg 709w, https:\/\/www.neufundlaender-vom-baerenfels.de\/wp-content\/uploads\/2020\/10\/Falko-vom-Baerenfels-208x300.jpg 208w, https:\/\/www.neufundlaender-vom-baerenfels.de\/wp-content\/uploads\/2020\/10\/Falko-vom-Baerenfels-768x1109.jpg 768w, https:\/\/www.neufundlaender-vom-baerenfels.de\/wp-content\/uploads\/2020\/10\/Falko-vom-Baerenfels.jpg 1063w\" sizes=\"auto, (max-width: 709px) 100vw, 709px\" \/><\/figure>\n\n\n\n<figure class=\"wp-block-image size-large\"><img loading=\"lazy\" decoding=\"async\" width=\"1024\" height=\"576\" src=\"https:\/\/www.neufundlaender-vom-baerenfels.de\/wp-content\/uploads\/2020\/08\/gr\u00fcn-1024x576.jpg\" alt=\"\" class=\"wp-image-7581\" srcset=\"https:\/\/www.neufundlaender-vom-baerenfels.de\/wp-content\/uploads\/2020\/08\/gr\u00fcn-1024x576.jpg 1024w, https:\/\/www.neufundlaender-vom-baerenfels.de\/wp-content\/uploads\/2020\/08\/gr\u00fcn-300x169.jpg 300w, https:\/\/www.neufundlaender-vom-baerenfels.de\/wp-content\/uploads\/2020\/08\/gr\u00fcn-768x432.jpg 768w, https:\/\/www.neufundlaender-vom-baerenfels.de\/wp-content\/uploads\/2020\/08\/gr\u00fcn-1536x864.jpg 1536w, https:\/\/www.neufundlaender-vom-baerenfels.de\/wp-content\/uploads\/2020\/08\/gr\u00fcn.jpg 1890w\" sizes=\"auto, (max-width: 1024px) 100vw, 1024px\" \/><\/figure>\n\n\n\n<figure class=\"wp-block-image size-large\"><img loading=\"lazy\" decoding=\"async\" width=\"691\" height=\"1024\" src=\"https:\/\/www.neufundlaender-vom-baerenfels.de\/wp-content\/uploads\/2020\/09\/Falko-und-Alfred-691x1024.jpg\" alt=\"\" class=\"wp-image-7700\" srcset=\"https:\/\/www.neufundlaender-vom-baerenfels.de\/wp-content\/uploads\/2020\/09\/Falko-und-Alfred-691x1024.jpg 691w, https:\/\/www.neufundlaender-vom-baerenfels.de\/wp-content\/uploads\/2020\/09\/Falko-und-Alfred-203x300.jpg 203w, https:\/\/www.neufundlaender-vom-baerenfels.de\/wp-content\/uploads\/2020\/09\/Falko-und-Alfred-768x1138.jpg 768w, https:\/\/www.neufundlaender-vom-baerenfels.de\/wp-content\/uploads\/2020\/09\/Falko-und-Alfred-1037x1536.jpg 1037w, https:\/\/www.neufundlaender-vom-baerenfels.de\/wp-content\/uploads\/2020\/09\/Falko-und-Alfred-1383x2048.jpg 1383w, https:\/\/www.neufundlaender-vom-baerenfels.de\/wp-content\/uploads\/2020\/09\/Falko-und-Alfred-scaled.jpg 1728w\" sizes=\"auto, (max-width: 691px) 100vw, 691px\" \/><\/figure>\n\n\n\nngg_shortcode_0_placeholder\n","protected":false},"excerpt":{"rendered":"<p>Falko vom B\u00e4renfels R\u00fcde braun, gr\u00fcnes B\u00e4ndchen,geboren am 12.08.2020 um 18:05 Uhr, Geburtsgewicht 743 g ist am 17.10.2020 umgezogen in den Landkreis Giesen in Hessen mit einem &#8222;\u00dcbergabegewicht&#8220; von 13,9 kg<\/p>\n","protected":false},"author":1,"featured_media":0,"parent":0,"menu_order":0,"comment_status":"closed","ping_status":"closed","template":"","meta":{"ngg_post_thumbnail":0,"footnotes":""},"class_list":["post-7420","page","type-page","status-publish","hentry"],"_links":{"self":[{"href":"https:\/\/www.neufundlaender-vom-baerenfels.de\/index.php?rest_route=\/wp\/v2\/pages\/7420","targetHints":{"allow":["GET"]}}],"collection":[{"href":"https:\/\/www.neufundlaender-vom-baerenfels.de\/index.php?rest_route=\/wp\/v2\/pages"}],"about":[{"href":"https:\/\/www.neufundlaender-vom-baerenfels.de\/index.php?rest_route=\/wp\/v2\/types\/page"}],"author":[{"embeddable":true,"href":"https:\/\/www.neufundlaender-vom-baerenfels.de\/index.php?rest_route=\/wp\/v2\/users\/1"}],"replies":[{"embeddable":true,"href":"https:\/\/www.neufundlaender-vom-baerenfels.de\/index.php?rest_route=%2Fwp%2Fv2%2Fcomments&post=7420"}],"version-history":[{"count":13,"href":"https:\/\/www.neufundlaender-vom-baerenfels.de\/index.php?rest_route=\/wp\/v2\/pages\/7420\/revisions"}],"predecessor-version":[{"id":7958,"href":"https:\/\/www.neufundlaender-vom-baerenfels.de\/index.php?rest_route=\/wp\/v2\/pages\/7420\/revisions\/7958"}],"wp:attachment":[{"href":"https:\/\/www.neufundlaender-vom-baerenfels.de\/index.php?rest_route=%2Fwp%2Fv2%2Fmedia&parent=7420"}],"curies":[{"name":"wp","href":"https:\/\/api.w.org\/{rel}","templated":true}]}}