{"id":7422,"date":"2020-08-13T09:03:54","date_gmt":"2020-08-13T08:03:54","guid":{"rendered":"https:\/\/www.neufundlaender-vom-baerenfels.de\/?page_id=7422"},"modified":"2020-10-17T15:10:38","modified_gmt":"2020-10-17T14:10:38","slug":"f-wurf-welpe-2-blau","status":"publish","type":"page","link":"https:\/\/www.neufundlaender-vom-baerenfels.de\/?page_id=7422","title":{"rendered":"F-Wurf Welpe 2 Blau"},"content":{"rendered":"\n<h1>Franz-Gustav vom B\u00e4renfels<\/h1>\n\n\n\n<p>R\u00fcde schwarz, blaues B\u00e4ndchen, <br \/>geboren am 12.08.2020 um 18:10 Uhr, Geburtsgewicht 586 g<\/p>\n\n\n\n<p>ist am 17.10.2020 umgezogen in den Landkreis Landsberg am Lech in Bayern mit einem &#8222;\u00dcbergabegewicht&#8220; von 13,3 kg.<\/p>\n\n\n\n<figure class=\"wp-block-image size-large\"><img loading=\"lazy\" decoding=\"async\" width=\"709\" height=\"1024\" src=\"https:\/\/www.neufundlaender-vom-baerenfels.de\/wp-content\/uploads\/2020\/10\/Franz-Gustav-vom-Baerenfels-709x1024.jpg\" alt=\"\" class=\"wp-image-7937\" srcset=\"https:\/\/www.neufundlaender-vom-baerenfels.de\/wp-content\/uploads\/2020\/10\/Franz-Gustav-vom-Baerenfels-709x1024.jpg 709w, https:\/\/www.neufundlaender-vom-baerenfels.de\/wp-content\/uploads\/2020\/10\/Franz-Gustav-vom-Baerenfels-208x300.jpg 208w, https:\/\/www.neufundlaender-vom-baerenfels.de\/wp-content\/uploads\/2020\/10\/Franz-Gustav-vom-Baerenfels-768x1109.jpg 768w, https:\/\/www.neufundlaender-vom-baerenfels.de\/wp-content\/uploads\/2020\/10\/Franz-Gustav-vom-Baerenfels.jpg 1063w\" sizes=\"auto, (max-width: 709px) 100vw, 709px\" \/><\/figure>\n\n\n\n\n\n<figure class=\"wp-block-image size-large\"><img loading=\"lazy\" decoding=\"async\" width=\"1024\" height=\"576\" src=\"https:\/\/www.neufundlaender-vom-baerenfels.de\/wp-content\/uploads\/2020\/08\/blau-1024x576.jpg\" alt=\"\" class=\"wp-image-7583\" srcset=\"https:\/\/www.neufundlaender-vom-baerenfels.de\/wp-content\/uploads\/2020\/08\/blau-1024x576.jpg 1024w, https:\/\/www.neufundlaender-vom-baerenfels.de\/wp-content\/uploads\/2020\/08\/blau-300x169.jpg 300w, https:\/\/www.neufundlaender-vom-baerenfels.de\/wp-content\/uploads\/2020\/08\/blau-768x432.jpg 768w, https:\/\/www.neufundlaender-vom-baerenfels.de\/wp-content\/uploads\/2020\/08\/blau-1536x864.jpg 1536w, https:\/\/www.neufundlaender-vom-baerenfels.de\/wp-content\/uploads\/2020\/08\/blau.jpg 1890w\" sizes=\"auto, (max-width: 1024px) 100vw, 1024px\" \/><\/figure>\n\n\n\nngg_shortcode_0_placeholder\n","protected":false},"excerpt":{"rendered":"<p>Franz-Gustav vom B\u00e4renfels R\u00fcde schwarz, blaues B\u00e4ndchen, geboren am 12.08.2020 um 18:10 Uhr, Geburtsgewicht 586 g ist am 17.10.2020 umgezogen in den Landkreis Landsberg am Lech in Bayern mit einem &#8222;\u00dcbergabegewicht&#8220; von 13,3 kg.<\/p>\n","protected":false},"author":1,"featured_media":0,"parent":0,"menu_order":0,"comment_status":"closed","ping_status":"closed","template":"","meta":{"ngg_post_thumbnail":0,"footnotes":""},"class_list":["post-7422","page","type-page","status-publish","hentry"],"_links":{"self":[{"href":"https:\/\/www.neufundlaender-vom-baerenfels.de\/index.php?rest_route=\/wp\/v2\/pages\/7422","targetHints":{"allow":["GET"]}}],"collection":[{"href":"https:\/\/www.neufundlaender-vom-baerenfels.de\/index.php?rest_route=\/wp\/v2\/pages"}],"about":[{"href":"https:\/\/www.neufundlaender-vom-baerenfels.de\/index.php?rest_route=\/wp\/v2\/types\/page"}],"author":[{"embeddable":true,"href":"https:\/\/www.neufundlaender-vom-baerenfels.de\/index.php?rest_route=\/wp\/v2\/users\/1"}],"replies":[{"embeddable":true,"href":"https:\/\/www.neufundlaender-vom-baerenfels.de\/index.php?rest_route=%2Fwp%2Fv2%2Fcomments&post=7422"}],"version-history":[{"count":8,"href":"https:\/\/www.neufundlaender-vom-baerenfels.de\/index.php?rest_route=\/wp\/v2\/pages\/7422\/revisions"}],"predecessor-version":[{"id":7959,"href":"https:\/\/www.neufundlaender-vom-baerenfels.de\/index.php?rest_route=\/wp\/v2\/pages\/7422\/revisions\/7959"}],"wp:attachment":[{"href":"https:\/\/www.neufundlaender-vom-baerenfels.de\/index.php?rest_route=%2Fwp%2Fv2%2Fmedia&parent=7422"}],"curies":[{"name":"wp","href":"https:\/\/api.w.org\/{rel}","templated":true}]}}