{"id":8,"date":"2012-10-04T17:23:23","date_gmt":"2012-10-04T15:23:23","guid":{"rendered":"http:\/\/rod.zwoplus.com\/?page_id=8"},"modified":"2017-11-05T13:04:56","modified_gmt":"2017-11-05T12:04:56","slug":"test","status":"publish","type":"page","link":"https:\/\/www.neufundlaender-vom-baerenfels.de\/?page_id=8","title":{"rendered":"\u00dcber uns"},"content":{"rendered":"<p style=\"text-align: justify;\">Wir haben schon l\u00e4nger dar\u00fcber nachgedacht, einen Hund in unsere Familie aufzunehmen. Im Jahre 2010 wurde das Thema intensiv\u00a0 angegangen. Nachdem zu dieser bereits zwei Pferde, ein Kampfkater, mehrere Nymphensittiche, Wellensittiche, Kanarienv\u00f6gel, eine Landschildkr\u00f6te, drei Wasserschildkr\u00f6ten, mehrere Zwergkaninchen, Meerschweinchen &#8211; und nicht zu vergessen &#8211;\u00a0 noch drei Kinder geh\u00f6rten, musste solch ein Schritt wohl \u00fcberlegt sein.<\/p>\n<p style=\"text-align: justify;\">Sollte es ein Zamperl sein? Gerne schon etwas \u00e4lter und aus dem Gr\u00f6bsten raus?\u00a0 Aus dem Tierheim? Oder doch ein Rassehund vom Z\u00fcchter?<\/p>\n<p style=\"text-align: justify;\">Folgende Merkmale m\u00fcssten vorhanden sein:<\/p>\n<ul>\n<li>ruhig<\/li>\n<li>ausgeglichen, aber keine Trant\u00fcte<\/li>\n<li>kinder- und famlienfreundlich<\/li>\n<li>kein Kl\u00e4ffer<\/li>\n<li>kein Modep\u00fcppchen<\/li>\n<li>kuscheliges Fell<\/li>\n<li>nicht so gro\u00df<\/li>\n<\/ul>\n<p>Zur Entscheidungsfindung wurde letztendlich auf Literatur und Internet zur\u00fcck gegriffen, um typische Merkmale der verschiedenen\u00a0 Rassen kennen zu lernen. Als dann die Ergebnisse besprochen wurden, war das Erstaunen gro\u00df: Sowohl der Hausherr, als auch die (f\u00fcr das neue Familenmitglied wohl \u00fcberwiegend zust\u00e4ndige) Hausherrin kamen zum Ergebnis, dass wohl ein Neufundl\u00e4nder &#8211; trotz seiner stolzen Gr\u00f6\u00dfe &#8211; die richtige Wahl w\u00e4re.<\/p>\n<p>Nach weiterer Recherche landeten wir schlie\u00dflich beim <a title=\"Link zum Z\u00fcchter\" href=\"http:\/\/www.neufundlaender-vom-spessart.de\/\" target=\"_blank\" rel=\"noopener\">Neufundl\u00e4nderzwinger von der Spessarth\u00f6he<\/a>. Da war doch tats\u00e4chlich gerade ein Wurf brauner B\u00e4ren in der Vermittlung &#8211; und ein M\u00e4del war auch noch frei!<\/p>\n<p>So kn\u00fcpften wir Kontakt zur Familie K\u00fchnl und sp\u00e4ter zum\u00a0<a title=\"Hir gehts zur Homepage des ADKN\" href=\"http:\/\/www.adkn.de\/\" target=\"_blank\" rel=\"noopener\"> Allgemeinen Deutschen Klub f\u00fcr Neufundl\u00e4nder e.V<\/a>. (ADKN). Beim ersten Besuch lernten wir dann auch braune B\u00e4ren kennen. Vorher verbanden wir mit Neufundl\u00e4nder immer die Farbe schwarz.<\/p>\n<p>Nun ging es daran, unser Grundst\u00fcck &#8222;hundegerecht&#8220; zu gestalten. Es stand fest, dass unser Neufi freien Zugang zu Terasse, Garten, Balkon und Wohnung bekam. Hierzu wurde ein Holzlattenzaun in der erforderlichen H\u00f6he errichtet. Im August 2010 konnten wir unser neues Familiemitglied\u00a0 <strong>Janka B\u00e4r von der Spessarth\u00f6he <\/strong>in seinem neuem Zuhause in Obernburg willkommen hei\u00dfen.<\/p>\n<p>Es kam, wie es kommen musste: Wir wurden vom &#8222;Neufundl\u00e4nder-Virus&#8220; befallen!<\/p>\n<p>Durch die Mitgliedschaft im ADKN besuchten wir Welpentreffen, Wanderungen und Ausstellungen und lernten viel Gleichgesinnte kennen.<\/p>\n<p>Am 03.03.2012 besuchten wir in Weibersbrunn das A-Z\u00fcchter-Seminar.\u00a0Am 15.09.2012 wurde der Zwingername \u201eVom B\u00e4renfels\u201c im Zuchtbuch des ADKN und des ERZ gesch\u00fctzt. Unser A-Wurf bekamen wir am 06.08.2013.<\/p>\n<p>Zwischenzeitlich umfasst unser Rudel nun drei Neufundl\u00e4nder, darunter zwei Zuchth\u00fcndinnen. So planen wir ein bis zwei W\u00fcrfe im Jahr und haben Freude, die kleinen Fellkn\u00e4ul aufwachsen zu sehen.<\/p>\n<div id='gallery-1' class='gallery galleryid-8 gallery-columns-4 gallery-size-thumbnail'><figure class='gallery-item'>\n\t\t\t<div class='gallery-icon landscape'>\n\t\t\t\t<a href='https:\/\/www.neufundlaender-vom-baerenfels.de\/?attachment_id=298'><img loading=\"lazy\" decoding=\"async\" width=\"150\" height=\"150\" src=\"https:\/\/www.neufundlaender-vom-baerenfels.de\/wp-content\/uploads\/2012\/10\/Garten1-150x150.jpg\" class=\"attachment-thumbnail size-thumbnail\" alt=\"\" \/><\/a>\n\t\t\t<\/div><\/figure><figure class='gallery-item'>\n\t\t\t<div class='gallery-icon landscape'>\n\t\t\t\t<a href='https:\/\/www.neufundlaender-vom-baerenfels.de\/?attachment_id=299'><img loading=\"lazy\" decoding=\"async\" width=\"150\" height=\"150\" src=\"https:\/\/www.neufundlaender-vom-baerenfels.de\/wp-content\/uploads\/2012\/10\/Garten2-150x150.jpg\" class=\"attachment-thumbnail size-thumbnail\" alt=\"\" \/><\/a>\n\t\t\t<\/div><\/figure><figure class='gallery-item'>\n\t\t\t<div class='gallery-icon landscape'>\n\t\t\t\t<a href='https:\/\/www.neufundlaender-vom-baerenfels.de\/?attachment_id=300'><img loading=\"lazy\" decoding=\"async\" width=\"150\" height=\"150\" src=\"https:\/\/www.neufundlaender-vom-baerenfels.de\/wp-content\/uploads\/2012\/10\/Garten3-150x150.jpg\" class=\"attachment-thumbnail size-thumbnail\" alt=\"\" \/><\/a>\n\t\t\t<\/div><\/figure><figure class='gallery-item'>\n\t\t\t<div class='gallery-icon landscape'>\n\t\t\t\t<a href='https:\/\/www.neufundlaender-vom-baerenfels.de\/?attachment_id=301'><img loading=\"lazy\" decoding=\"async\" width=\"150\" height=\"150\" src=\"https:\/\/www.neufundlaender-vom-baerenfels.de\/wp-content\/uploads\/2012\/10\/Garten4-150x150.jpg\" class=\"attachment-thumbnail size-thumbnail\" alt=\"\" \/><\/a>\n\t\t\t<\/div><\/figure>\n\t\t<\/div>\n\n<p>&nbsp;<\/p>\n<p>&nbsp;<\/p>\n","protected":false},"excerpt":{"rendered":"<p>Wir haben schon l\u00e4nger dar\u00fcber nachgedacht, einen Hund in unsere Familie aufzunehmen. Im Jahre 2010 wurde das Thema intensiv\u00a0 angegangen. Nachdem zu dieser bereits zwei Pferde, ein Kampfkater, mehrere Nymphensittiche, Wellensittiche, Kanarienv\u00f6gel, eine Landschildkr\u00f6te, drei Wasserschildkr\u00f6ten, mehrere Zwergkaninchen, Meerschweinchen &#8211; und nicht zu vergessen &#8211;\u00a0 noch drei Kinder geh\u00f6rten, musste solch ein Schritt wohl \u00fcberlegt &hellip; <a href=\"https:\/\/www.neufundlaender-vom-baerenfels.de\/?page_id=8\" class=\"more-link\"><span class=\"screen-reader-text\">\u00dcber uns<\/span> weiterlesen <span class=\"meta-nav\">&rarr;<\/span><\/a><\/p>\n","protected":false},"author":1,"featured_media":0,"parent":0,"menu_order":30,"comment_status":"closed","ping_status":"closed","template":"","meta":{"ngg_post_thumbnail":0,"footnotes":""},"class_list":["post-8","page","type-page","status-publish","hentry"],"_links":{"self":[{"href":"https:\/\/www.neufundlaender-vom-baerenfels.de\/index.php?rest_route=\/wp\/v2\/pages\/8","targetHints":{"allow":["GET"]}}],"collection":[{"href":"https:\/\/www.neufundlaender-vom-baerenfels.de\/index.php?rest_route=\/wp\/v2\/pages"}],"about":[{"href":"https:\/\/www.neufundlaender-vom-baerenfels.de\/index.php?rest_route=\/wp\/v2\/types\/page"}],"author":[{"embeddable":true,"href":"https:\/\/www.neufundlaender-vom-baerenfels.de\/index.php?rest_route=\/wp\/v2\/users\/1"}],"replies":[{"embeddable":true,"href":"https:\/\/www.neufundlaender-vom-baerenfels.de\/index.php?rest_route=%2Fwp%2Fv2%2Fcomments&post=8"}],"version-history":[{"count":12,"href":"https:\/\/www.neufundlaender-vom-baerenfels.de\/index.php?rest_route=\/wp\/v2\/pages\/8\/revisions"}],"predecessor-version":[{"id":5751,"href":"https:\/\/www.neufundlaender-vom-baerenfels.de\/index.php?rest_route=\/wp\/v2\/pages\/8\/revisions\/5751"}],"wp:attachment":[{"href":"https:\/\/www.neufundlaender-vom-baerenfels.de\/index.php?rest_route=%2Fwp%2Fv2%2Fmedia&parent=8"}],"curies":[{"name":"wp","href":"https:\/\/api.w.org\/{rel}","templated":true}]}}