{"id":8081,"date":"2021-01-16T12:53:03","date_gmt":"2021-01-16T11:53:03","guid":{"rendered":"https:\/\/www.neufundlaender-vom-baerenfels.de\/?page_id=8081"},"modified":"2021-03-14T20:18:44","modified_gmt":"2021-03-14T19:18:44","slug":"g-wurf-welpe-3-blau","status":"publish","type":"page","link":"https:\/\/www.neufundlaender-vom-baerenfels.de\/?page_id=8081","title":{"rendered":"G-Wurf Welpe 3 Blau"},"content":{"rendered":"\n<h2 class=\"wp-block-heading\">Gerion vom B\u00e4renfels<\/h2>\n\n\n\n<p>R\u00fcde schwarz, blaues B\u00e4ndchen, <br \/>geboren&nbsp; am 12.01.2021 um 20:15 Uhr, Geburtsgewicht 740 g<\/p>\n\n\n\n<p>ist umgezogen am 13.03.2021 in den Landkreis Germersheim, Rheinland-Pfalz, mit einem \u00dcbergabegewicht von 12 kg.<\/p>\n\n\n\n<div class=\"wp-block-image is-style-default\"><figure class=\"aligncenter size-large\"><a href=\"https:\/\/www.neufundlaender-vom-baerenfels.de\/wp-content\/uploads\/2021\/03\/AB-W3-Gerion-scaled.jpg\"><img loading=\"lazy\" decoding=\"async\" width=\"709\" height=\"1024\" src=\"https:\/\/www.neufundlaender-vom-baerenfels.de\/wp-content\/uploads\/2021\/03\/AB-W3-Gerion-709x1024.jpg\" alt=\"\" class=\"wp-image-8791\" srcset=\"https:\/\/www.neufundlaender-vom-baerenfels.de\/wp-content\/uploads\/2021\/03\/AB-W3-Gerion-709x1024.jpg 709w, https:\/\/www.neufundlaender-vom-baerenfels.de\/wp-content\/uploads\/2021\/03\/AB-W3-Gerion-208x300.jpg 208w, https:\/\/www.neufundlaender-vom-baerenfels.de\/wp-content\/uploads\/2021\/03\/AB-W3-Gerion-768x1109.jpg 768w, https:\/\/www.neufundlaender-vom-baerenfels.de\/wp-content\/uploads\/2021\/03\/AB-W3-Gerion-1063x1536.jpg 1063w, https:\/\/www.neufundlaender-vom-baerenfels.de\/wp-content\/uploads\/2021\/03\/AB-W3-Gerion-1418x2048.jpg 1418w, https:\/\/www.neufundlaender-vom-baerenfels.de\/wp-content\/uploads\/2021\/03\/AB-W3-Gerion-scaled.jpg 1772w\" sizes=\"auto, (max-width: 709px) 100vw, 709px\" \/><\/a><\/figure><\/div>\n\n\n\nngg_shortcode_0_placeholder\n\n\n\nngg_shortcode_1_placeholder\n\n\n","protected":false},"excerpt":{"rendered":"<p>Gerion vom B\u00e4renfels R\u00fcde schwarz, blaues B\u00e4ndchen, geboren&nbsp; am 12.01.2021 um 20:15 Uhr, Geburtsgewicht 740 g ist umgezogen am 13.03.2021 in den Landkreis Germersheim, Rheinland-Pfalz, mit einem \u00dcbergabegewicht von 12 kg.<\/p>\n","protected":false},"author":1,"featured_media":0,"parent":0,"menu_order":0,"comment_status":"closed","ping_status":"closed","template":"","meta":{"ngg_post_thumbnail":0,"footnotes":""},"class_list":["post-8081","page","type-page","status-publish","hentry"],"_links":{"self":[{"href":"https:\/\/www.neufundlaender-vom-baerenfels.de\/index.php?rest_route=\/wp\/v2\/pages\/8081","targetHints":{"allow":["GET"]}}],"collection":[{"href":"https:\/\/www.neufundlaender-vom-baerenfels.de\/index.php?rest_route=\/wp\/v2\/pages"}],"about":[{"href":"https:\/\/www.neufundlaender-vom-baerenfels.de\/index.php?rest_route=\/wp\/v2\/types\/page"}],"author":[{"embeddable":true,"href":"https:\/\/www.neufundlaender-vom-baerenfels.de\/index.php?rest_route=\/wp\/v2\/users\/1"}],"replies":[{"embeddable":true,"href":"https:\/\/www.neufundlaender-vom-baerenfels.de\/index.php?rest_route=%2Fwp%2Fv2%2Fcomments&post=8081"}],"version-history":[{"count":8,"href":"https:\/\/www.neufundlaender-vom-baerenfels.de\/index.php?rest_route=\/wp\/v2\/pages\/8081\/revisions"}],"predecessor-version":[{"id":8795,"href":"https:\/\/www.neufundlaender-vom-baerenfels.de\/index.php?rest_route=\/wp\/v2\/pages\/8081\/revisions\/8795"}],"wp:attachment":[{"href":"https:\/\/www.neufundlaender-vom-baerenfels.de\/index.php?rest_route=%2Fwp%2Fv2%2Fmedia&parent=8081"}],"curies":[{"name":"wp","href":"https:\/\/api.w.org\/{rel}","templated":true}]}}