{"id":8086,"date":"2021-01-16T12:56:14","date_gmt":"2021-01-16T11:56:14","guid":{"rendered":"https:\/\/www.neufundlaender-vom-baerenfels.de\/?page_id=8086"},"modified":"2021-03-16T17:15:34","modified_gmt":"2021-03-16T16:15:34","slug":"g-wurf-welpe-5-orange","status":"publish","type":"page","link":"https:\/\/www.neufundlaender-vom-baerenfels.de\/?page_id=8086","title":{"rendered":"G-Wurf Welpe 5 Orange"},"content":{"rendered":"\n<h2 class=\"wp-block-heading\">Gr\u00e4fin Rosi vom B\u00e4renfels<\/h2>\n\n\n\n<p>H\u00fcndin braun, orangenes B\u00e4ndchen, <br \/>geboren\u00a0 am 12.01.2021 um 22:28 Uhr, Geburtsgewicht 635 g ist umgezogen am 16.03.2021 in den  Landkreis Bad Kissingen, Bayern mit einem &#8222;\u00dcbergabegewicht&#8220; von 12 kg<\/p>\n\n\n\n<div class=\"wp-block-image is-style-default\"><figure class=\"aligncenter size-large\"><a href=\"https:\/\/www.neufundlaender-vom-baerenfels.de\/wp-content\/uploads\/2021\/03\/AB-W5-Graefin-Rosi-scaled.jpg\"><img loading=\"lazy\" decoding=\"async\" width=\"709\" height=\"1024\" src=\"https:\/\/www.neufundlaender-vom-baerenfels.de\/wp-content\/uploads\/2021\/03\/AB-W5-Graefin-Rosi-709x1024.jpg\" alt=\"\" class=\"wp-image-8803\" srcset=\"https:\/\/www.neufundlaender-vom-baerenfels.de\/wp-content\/uploads\/2021\/03\/AB-W5-Graefin-Rosi-709x1024.jpg 709w, https:\/\/www.neufundlaender-vom-baerenfels.de\/wp-content\/uploads\/2021\/03\/AB-W5-Graefin-Rosi-208x300.jpg 208w, https:\/\/www.neufundlaender-vom-baerenfels.de\/wp-content\/uploads\/2021\/03\/AB-W5-Graefin-Rosi-768x1109.jpg 768w, https:\/\/www.neufundlaender-vom-baerenfels.de\/wp-content\/uploads\/2021\/03\/AB-W5-Graefin-Rosi-1063x1536.jpg 1063w, https:\/\/www.neufundlaender-vom-baerenfels.de\/wp-content\/uploads\/2021\/03\/AB-W5-Graefin-Rosi-1418x2048.jpg 1418w, https:\/\/www.neufundlaender-vom-baerenfels.de\/wp-content\/uploads\/2021\/03\/AB-W5-Graefin-Rosi-scaled.jpg 1772w\" sizes=\"auto, (max-width: 709px) 100vw, 709px\" \/><\/a><\/figure><\/div>\n\n\n\nngg_shortcode_0_placeholder\n\n\n\nngg_shortcode_1_placeholder\n\n\n","protected":false},"excerpt":{"rendered":"<p>Gr\u00e4fin Rosi vom B\u00e4renfels H\u00fcndin braun, orangenes B\u00e4ndchen, geboren\u00a0 am 12.01.2021 um 22:28 Uhr, Geburtsgewicht 635 g ist umgezogen am 16.03.2021 in den Landkreis Bad Kissingen, Bayern mit einem &#8222;\u00dcbergabegewicht&#8220; von 12 kg<\/p>\n","protected":false},"author":1,"featured_media":0,"parent":0,"menu_order":0,"comment_status":"closed","ping_status":"closed","template":"","meta":{"ngg_post_thumbnail":0,"footnotes":""},"class_list":["post-8086","page","type-page","status-publish","hentry"],"_links":{"self":[{"href":"https:\/\/www.neufundlaender-vom-baerenfels.de\/index.php?rest_route=\/wp\/v2\/pages\/8086","targetHints":{"allow":["GET"]}}],"collection":[{"href":"https:\/\/www.neufundlaender-vom-baerenfels.de\/index.php?rest_route=\/wp\/v2\/pages"}],"about":[{"href":"https:\/\/www.neufundlaender-vom-baerenfels.de\/index.php?rest_route=\/wp\/v2\/types\/page"}],"author":[{"embeddable":true,"href":"https:\/\/www.neufundlaender-vom-baerenfels.de\/index.php?rest_route=\/wp\/v2\/users\/1"}],"replies":[{"embeddable":true,"href":"https:\/\/www.neufundlaender-vom-baerenfels.de\/index.php?rest_route=%2Fwp%2Fv2%2Fcomments&post=8086"}],"version-history":[{"count":5,"href":"https:\/\/www.neufundlaender-vom-baerenfels.de\/index.php?rest_route=\/wp\/v2\/pages\/8086\/revisions"}],"predecessor-version":[{"id":8804,"href":"https:\/\/www.neufundlaender-vom-baerenfels.de\/index.php?rest_route=\/wp\/v2\/pages\/8086\/revisions\/8804"}],"wp:attachment":[{"href":"https:\/\/www.neufundlaender-vom-baerenfels.de\/index.php?rest_route=%2Fwp%2Fv2%2Fmedia&parent=8086"}],"curies":[{"name":"wp","href":"https:\/\/api.w.org\/{rel}","templated":true}]}}