{"id":8983,"date":"2022-03-15T19:21:04","date_gmt":"2022-03-15T18:21:04","guid":{"rendered":"https:\/\/www.neufundlaender-vom-baerenfels.de\/?page_id=8983"},"modified":"2022-05-08T15:18:20","modified_gmt":"2022-05-08T14:18:20","slug":"welpenbilder-h-wurf","status":"publish","type":"page","link":"https:\/\/www.neufundlaender-vom-baerenfels.de\/?page_id=8983","title":{"rendered":"Welpenbilder H-Wurf"},"content":{"rendered":"\n<p>Hier ver\u00f6ffentlichen wir im w\u00f6chentlichen Abstand unsere Teddybilder zum Gr\u00f6\u00dfenvergleich. Jeder Welpe hat eine eigene Seite, in der man jeweils die Gallerie durchklicken kann.<\/p>\n\n\n\n<p>Mit etwas Wehmut wird uns bewusst, dass das Fotoshooting am 08.05.2022 schon das letzte f\u00fcr den H-Wurf ist. Immerhin haben die B\u00e4renfels-Racker in dieser Woche 10,45 kg zugelegt auf insgesamt 59,15 kg!<\/p>\nngg_shortcode_0_placeholder\n\n\n\n<p>Fotoshooting am 01.05.2022. Kaum zu glauben, dass die H-chen nun schon 7 Wochen alt sind. Insgesamt haben die B\u00e4renfels-Racker in dieser Woche beachtliche 10,6 kg zugelegt auf insgesamt 48,71 kg!<\/p>\nngg_shortcode_1_placeholder\n\n\n\n<p>Hier die Bilder vom 7. Fototermin am 24.04.2022:<\/p>\nngg_shortcode_2_placeholder\n\n\n\n<p>Das Fotoshooting am 17.04.2022:<\/p>\n\n\n\nngg_shortcode_3_placeholder\n\n\n\n<p>Hier die B\u00e4rchen vom 10.04.2022, am Tag des Umzuges in den Wintergarten:<\/p>\n\n\n\nngg_shortcode_4_placeholder\n\n\n\n<p>Hier die verschlafenen B\u00e4rchen vom 03.04.2022:<\/p>\n\n\n\nngg_shortcode_5_placeholder\n\n\n\n<p>Sonntag, 27.03.2022. Zeit f\u00fcr die Teddybilder. Die B\u00e4renfels-Racker haben heute zusammen 10,82 kg auf die Waage gebracht. R\u00fcde blau zieht mit 1.715 g davon.<\/p>\n\n\n\n<p><\/p>\n\n\n\nngg_shortcode_6_placeholder\n\n\n\n<p>Am 20.03.2022, am achten Lebenstag unserer H-chen ging es wieder ans Shooting:<\/p>\n\n\n\nngg_shortcode_7_placeholder\n\n\n\n<p>Am 15.03.2022  stand der erste Fototermin auf dem Programm. In diesem Stadium haben wir mal wieder &#8222;Robbenbilder&#8220; geknippst:<\/p>\n\n\n\n\n\nngg_shortcode_8_placeholder\n\n\n","protected":false},"excerpt":{"rendered":"<p>Hier ver\u00f6ffentlichen wir im w\u00f6chentlichen Abstand unsere Teddybilder zum Gr\u00f6\u00dfenvergleich. Jeder Welpe hat eine eigene Seite, in der man jeweils die Gallerie durchklicken kann. Mit etwas Wehmut wird uns bewusst, dass das Fotoshooting am 08.05.2022 schon das letzte f\u00fcr den H-Wurf ist. Immerhin haben die B\u00e4renfels-Racker in dieser Woche 10,45 kg zugelegt auf insgesamt 59,15 &hellip; <a href=\"https:\/\/www.neufundlaender-vom-baerenfels.de\/?page_id=8983\" class=\"more-link\"><span class=\"screen-reader-text\">Welpenbilder H-Wurf<\/span> weiterlesen <span class=\"meta-nav\">&rarr;<\/span><\/a><\/p>\n","protected":false},"author":1,"featured_media":0,"parent":0,"menu_order":0,"comment_status":"closed","ping_status":"closed","template":"","meta":{"ngg_post_thumbnail":0,"footnotes":""},"class_list":["post-8983","page","type-page","status-publish","hentry"],"_links":{"self":[{"href":"https:\/\/www.neufundlaender-vom-baerenfels.de\/index.php?rest_route=\/wp\/v2\/pages\/8983","targetHints":{"allow":["GET"]}}],"collection":[{"href":"https:\/\/www.neufundlaender-vom-baerenfels.de\/index.php?rest_route=\/wp\/v2\/pages"}],"about":[{"href":"https:\/\/www.neufundlaender-vom-baerenfels.de\/index.php?rest_route=\/wp\/v2\/types\/page"}],"author":[{"embeddable":true,"href":"https:\/\/www.neufundlaender-vom-baerenfels.de\/index.php?rest_route=\/wp\/v2\/users\/1"}],"replies":[{"embeddable":true,"href":"https:\/\/www.neufundlaender-vom-baerenfels.de\/index.php?rest_route=%2Fwp%2Fv2%2Fcomments&post=8983"}],"version-history":[{"count":10,"href":"https:\/\/www.neufundlaender-vom-baerenfels.de\/index.php?rest_route=\/wp\/v2\/pages\/8983\/revisions"}],"predecessor-version":[{"id":9689,"href":"https:\/\/www.neufundlaender-vom-baerenfels.de\/index.php?rest_route=\/wp\/v2\/pages\/8983\/revisions\/9689"}],"wp:attachment":[{"href":"https:\/\/www.neufundlaender-vom-baerenfels.de\/index.php?rest_route=%2Fwp%2Fv2%2Fmedia&parent=8983"}],"curies":[{"name":"wp","href":"https:\/\/api.w.org\/{rel}","templated":true}]}}