{"id":9007,"date":"2022-03-15T19:41:57","date_gmt":"2022-03-15T18:41:57","guid":{"rendered":"https:\/\/www.neufundlaender-vom-baerenfels.de\/?page_id=9007"},"modified":"2022-05-22T14:34:02","modified_gmt":"2022-05-22T13:34:02","slug":"h-wurf-welpe-2-orange","status":"publish","type":"page","link":"https:\/\/www.neufundlaender-vom-baerenfels.de\/?page_id=9007","title":{"rendered":"H-Wurf Welpe 2 Orange"},"content":{"rendered":"\n<p>H\u00fcndin braun, orangenes B\u00e4ndchen<\/p>\n<h1>Hey Vicky vom B\u00e4renfels<\/h1>\n<p>geboren am 13.03.2022 um 5:53 Uhr, Geburtsgewicht: 570 Gramm<\/p>\n<p>ist am Sonntag, 22.05.2022 mit einem &#8222;\u00dcbergabegewicht&#8220; von&nbsp; 10,48 kg augezogen nach Bonn, Nordrhein-Westfalen<\/p>\n\n\n\n<figure class=\"wp-block-image size-large is-style-default\"><a href=\"https:\/\/www.neufundlaender-vom-baerenfels.de\/wp-content\/uploads\/2022\/05\/Abschiedsbild-Welpe2-orange-Hey-Vicky.jpg\"><img loading=\"lazy\" decoding=\"async\" width=\"709\" height=\"1024\" src=\"https:\/\/www.neufundlaender-vom-baerenfels.de\/wp-content\/uploads\/2022\/05\/Abschiedsbild-Welpe2-orange-Hey-Vicky-709x1024.jpg\" alt=\"\" class=\"wp-image-9760\" srcset=\"https:\/\/www.neufundlaender-vom-baerenfels.de\/wp-content\/uploads\/2022\/05\/Abschiedsbild-Welpe2-orange-Hey-Vicky-709x1024.jpg 709w, https:\/\/www.neufundlaender-vom-baerenfels.de\/wp-content\/uploads\/2022\/05\/Abschiedsbild-Welpe2-orange-Hey-Vicky-208x300.jpg 208w, https:\/\/www.neufundlaender-vom-baerenfels.de\/wp-content\/uploads\/2022\/05\/Abschiedsbild-Welpe2-orange-Hey-Vicky-768x1109.jpg 768w, https:\/\/www.neufundlaender-vom-baerenfels.de\/wp-content\/uploads\/2022\/05\/Abschiedsbild-Welpe2-orange-Hey-Vicky.jpg 1063w\" sizes=\"auto, (max-width: 709px) 100vw, 709px\" \/><\/a><\/figure>\n\n\n\n<figure class=\"wp-block-image size-large is-style-default\"><a href=\"https:\/\/www.neufundlaender-vom-baerenfels.de\/wp-content\/uploads\/2022\/05\/Kofferbild-2-orange-scaled.jpg\"><img loading=\"lazy\" decoding=\"async\" width=\"1024\" height=\"1024\" src=\"https:\/\/www.neufundlaender-vom-baerenfels.de\/wp-content\/uploads\/2022\/05\/Kofferbild-2-orange-1024x1024.jpg\" alt=\"\" class=\"wp-image-9734\" srcset=\"https:\/\/www.neufundlaender-vom-baerenfels.de\/wp-content\/uploads\/2022\/05\/Kofferbild-2-orange-1024x1024.jpg 1024w, https:\/\/www.neufundlaender-vom-baerenfels.de\/wp-content\/uploads\/2022\/05\/Kofferbild-2-orange-300x300.jpg 300w, https:\/\/www.neufundlaender-vom-baerenfels.de\/wp-content\/uploads\/2022\/05\/Kofferbild-2-orange-150x150.jpg 150w, https:\/\/www.neufundlaender-vom-baerenfels.de\/wp-content\/uploads\/2022\/05\/Kofferbild-2-orange-768x768.jpg 768w, https:\/\/www.neufundlaender-vom-baerenfels.de\/wp-content\/uploads\/2022\/05\/Kofferbild-2-orange-1536x1536.jpg 1536w, https:\/\/www.neufundlaender-vom-baerenfels.de\/wp-content\/uploads\/2022\/05\/Kofferbild-2-orange-2048x2048.jpg 2048w\" sizes=\"auto, (max-width: 1024px) 100vw, 1024px\" \/><\/a><\/figure>\n\n\n\n<figure class=\"wp-block-image size-large is-style-default\"><a href=\"https:\/\/www.neufundlaender-vom-baerenfels.de\/wp-content\/uploads\/2022\/03\/orange-und-rot.jpg\"><img loading=\"lazy\" decoding=\"async\" width=\"1024\" height=\"576\" src=\"https:\/\/www.neufundlaender-vom-baerenfels.de\/wp-content\/uploads\/2022\/03\/orange-und-rot-1024x576.jpg\" alt=\"\" class=\"wp-image-9098\" srcset=\"https:\/\/www.neufundlaender-vom-baerenfels.de\/wp-content\/uploads\/2022\/03\/orange-und-rot-1024x576.jpg 1024w, https:\/\/www.neufundlaender-vom-baerenfels.de\/wp-content\/uploads\/2022\/03\/orange-und-rot-300x169.jpg 300w, https:\/\/www.neufundlaender-vom-baerenfels.de\/wp-content\/uploads\/2022\/03\/orange-und-rot-768x432.jpg 768w, https:\/\/www.neufundlaender-vom-baerenfels.de\/wp-content\/uploads\/2022\/03\/orange-und-rot-1536x864.jpg 1536w, https:\/\/www.neufundlaender-vom-baerenfels.de\/wp-content\/uploads\/2022\/03\/orange-und-rot.jpg 1890w\" sizes=\"auto, (max-width: 1024px) 100vw, 1024px\" \/><\/a><\/figure>\n\n\n\nngg_shortcode_0_placeholder\n\n\n\n<h1>Frohe Ostern<\/h1>\n<p>Hier einige Fotos, gestaltet von Tochter Lisa:<\/p>\nngg_shortcode_1_placeholder\n","protected":false},"excerpt":{"rendered":"<p>H\u00fcndin braun, orangenes B\u00e4ndchen Hey Vicky vom B\u00e4renfels geboren am 13.03.2022 um 5:53 Uhr, Geburtsgewicht: 570 Gramm ist am Sonntag, 22.05.2022 mit einem &#8222;\u00dcbergabegewicht&#8220; von&nbsp; 10,48 kg augezogen nach Bonn, Nordrhein-Westfalen Frohe Ostern Hier einige Fotos, gestaltet von Tochter Lisa:<\/p>\n","protected":false},"author":1,"featured_media":0,"parent":0,"menu_order":0,"comment_status":"closed","ping_status":"closed","template":"","meta":{"ngg_post_thumbnail":0,"footnotes":""},"class_list":["post-9007","page","type-page","status-publish","hentry"],"_links":{"self":[{"href":"https:\/\/www.neufundlaender-vom-baerenfels.de\/index.php?rest_route=\/wp\/v2\/pages\/9007","targetHints":{"allow":["GET"]}}],"collection":[{"href":"https:\/\/www.neufundlaender-vom-baerenfels.de\/index.php?rest_route=\/wp\/v2\/pages"}],"about":[{"href":"https:\/\/www.neufundlaender-vom-baerenfels.de\/index.php?rest_route=\/wp\/v2\/types\/page"}],"author":[{"embeddable":true,"href":"https:\/\/www.neufundlaender-vom-baerenfels.de\/index.php?rest_route=\/wp\/v2\/users\/1"}],"replies":[{"embeddable":true,"href":"https:\/\/www.neufundlaender-vom-baerenfels.de\/index.php?rest_route=%2Fwp%2Fv2%2Fcomments&post=9007"}],"version-history":[{"count":5,"href":"https:\/\/www.neufundlaender-vom-baerenfels.de\/index.php?rest_route=\/wp\/v2\/pages\/9007\/revisions"}],"predecessor-version":[{"id":9761,"href":"https:\/\/www.neufundlaender-vom-baerenfels.de\/index.php?rest_route=\/wp\/v2\/pages\/9007\/revisions\/9761"}],"wp:attachment":[{"href":"https:\/\/www.neufundlaender-vom-baerenfels.de\/index.php?rest_route=%2Fwp%2Fv2%2Fmedia&parent=9007"}],"curies":[{"name":"wp","href":"https:\/\/api.w.org\/{rel}","templated":true}]}}