{"id":9021,"date":"2022-03-15T19:43:42","date_gmt":"2022-03-15T18:43:42","guid":{"rendered":"https:\/\/www.neufundlaender-vom-baerenfels.de\/?page_id=9021"},"modified":"2022-05-25T16:08:19","modified_gmt":"2022-05-25T15:08:19","slug":"h-wurf-welpe-3-gelb","status":"publish","type":"page","link":"https:\/\/www.neufundlaender-vom-baerenfels.de\/?page_id=9021","title":{"rendered":"H-Wurf Welpe 3 Gelb"},"content":{"rendered":"\n<p>H\u00fcndin braun, gelbes B\u00e4ndchen<\/p>\n<h1>Helga Senta vom B\u00e4renfels<\/h1>\n<p>geboren am 13.03.2022 um 6:30 Uhr, Geburtsgewicht: 575 Gramm<\/p>\n<p>ausgezogen am 13.05.2022 nach G\u00f6ttingen, Niedersachsen. Wurfabnahmegewicht: 8,88 kg<\/p>\n<p>&nbsp;<\/p>\n\n\n\n<figure class=\"wp-block-image size-large is-style-default\"><a href=\"https:\/\/www.neufundlaender-vom-baerenfels.de\/wp-content\/uploads\/2022\/05\/Abschiedsbild-Welpe3-gelb-Helga-Senta-scaled-1.jpg\"><img loading=\"lazy\" decoding=\"async\" width=\"709\" height=\"1024\" src=\"https:\/\/www.neufundlaender-vom-baerenfels.de\/wp-content\/uploads\/2022\/05\/Abschiedsbild-Welpe3-gelb-Helga-Senta-scaled-1-709x1024.jpg\" alt=\"\" class=\"wp-image-9755\" srcset=\"https:\/\/www.neufundlaender-vom-baerenfels.de\/wp-content\/uploads\/2022\/05\/Abschiedsbild-Welpe3-gelb-Helga-Senta-scaled-1-709x1024.jpg 709w, https:\/\/www.neufundlaender-vom-baerenfels.de\/wp-content\/uploads\/2022\/05\/Abschiedsbild-Welpe3-gelb-Helga-Senta-scaled-1-208x300.jpg 208w, https:\/\/www.neufundlaender-vom-baerenfels.de\/wp-content\/uploads\/2022\/05\/Abschiedsbild-Welpe3-gelb-Helga-Senta-scaled-1-768x1109.jpg 768w, https:\/\/www.neufundlaender-vom-baerenfels.de\/wp-content\/uploads\/2022\/05\/Abschiedsbild-Welpe3-gelb-Helga-Senta-scaled-1.jpg 1063w\" sizes=\"auto, (max-width: 709px) 100vw, 709px\" \/><\/a><\/figure>\n\n\n\n<figure class=\"wp-block-image size-large is-style-default\"><a href=\"https:\/\/www.neufundlaender-vom-baerenfels.de\/wp-content\/uploads\/2022\/05\/Kofferbild-3-gelb-scaled.jpg\"><img loading=\"lazy\" decoding=\"async\" width=\"1024\" height=\"1024\" src=\"https:\/\/www.neufundlaender-vom-baerenfels.de\/wp-content\/uploads\/2022\/05\/Kofferbild-3-gelb-1024x1024.jpg\" alt=\"\" class=\"wp-image-9735\" srcset=\"https:\/\/www.neufundlaender-vom-baerenfels.de\/wp-content\/uploads\/2022\/05\/Kofferbild-3-gelb-1024x1024.jpg 1024w, https:\/\/www.neufundlaender-vom-baerenfels.de\/wp-content\/uploads\/2022\/05\/Kofferbild-3-gelb-300x300.jpg 300w, https:\/\/www.neufundlaender-vom-baerenfels.de\/wp-content\/uploads\/2022\/05\/Kofferbild-3-gelb-150x150.jpg 150w, https:\/\/www.neufundlaender-vom-baerenfels.de\/wp-content\/uploads\/2022\/05\/Kofferbild-3-gelb-768x768.jpg 768w, https:\/\/www.neufundlaender-vom-baerenfels.de\/wp-content\/uploads\/2022\/05\/Kofferbild-3-gelb-1536x1536.jpg 1536w, https:\/\/www.neufundlaender-vom-baerenfels.de\/wp-content\/uploads\/2022\/05\/Kofferbild-3-gelb-2048x2048.jpg 2048w\" sizes=\"auto, (max-width: 1024px) 100vw, 1024px\" \/><\/a><\/figure>\n\n\n\n<figure class=\"wp-block-image size-large is-style-default\"><a href=\"https:\/\/www.neufundlaender-vom-baerenfels.de\/wp-content\/uploads\/2022\/03\/gelb-und-gruen.jpg\"><img loading=\"lazy\" decoding=\"async\" width=\"1024\" height=\"576\" src=\"https:\/\/www.neufundlaender-vom-baerenfels.de\/wp-content\/uploads\/2022\/03\/gelb-und-gruen-1024x576.jpg\" alt=\"\" class=\"wp-image-9094\" srcset=\"https:\/\/www.neufundlaender-vom-baerenfels.de\/wp-content\/uploads\/2022\/03\/gelb-und-gruen-1024x576.jpg 1024w, https:\/\/www.neufundlaender-vom-baerenfels.de\/wp-content\/uploads\/2022\/03\/gelb-und-gruen-300x169.jpg 300w, https:\/\/www.neufundlaender-vom-baerenfels.de\/wp-content\/uploads\/2022\/03\/gelb-und-gruen-768x432.jpg 768w, https:\/\/www.neufundlaender-vom-baerenfels.de\/wp-content\/uploads\/2022\/03\/gelb-und-gruen-1536x864.jpg 1536w, https:\/\/www.neufundlaender-vom-baerenfels.de\/wp-content\/uploads\/2022\/03\/gelb-und-gruen.jpg 1890w\" sizes=\"auto, (max-width: 1024px) 100vw, 1024px\" \/><\/a><\/figure>\n\n\n\n<p>Hier die w\u00f6chentlichen &#8222;Teddybilder&#8220; zum Gr\u00f6\u00dfenvergleich:<\/p>\n\n\n\nngg_shortcode_0_placeholder\n\n\n\n<h1>Frohe Ostern<\/h1>\n<p>Hier einige Fotos, gestaltet von Tochter Lisa:<\/p>\nngg_shortcode_1_placeholder\n","protected":false},"excerpt":{"rendered":"<p>H\u00fcndin braun, gelbes B\u00e4ndchen Helga Senta vom B\u00e4renfels geboren am 13.03.2022 um 6:30 Uhr, Geburtsgewicht: 575 Gramm ausgezogen am 13.05.2022 nach G\u00f6ttingen, Niedersachsen. Wurfabnahmegewicht: 8,88 kg &nbsp; Hier die w\u00f6chentlichen &#8222;Teddybilder&#8220; zum Gr\u00f6\u00dfenvergleich: Frohe Ostern Hier einige Fotos, gestaltet von Tochter Lisa:<\/p>\n","protected":false},"author":1,"featured_media":0,"parent":0,"menu_order":0,"comment_status":"closed","ping_status":"closed","template":"","meta":{"ngg_post_thumbnail":0,"footnotes":""},"class_list":["post-9021","page","type-page","status-publish","hentry"],"_links":{"self":[{"href":"https:\/\/www.neufundlaender-vom-baerenfels.de\/index.php?rest_route=\/wp\/v2\/pages\/9021","targetHints":{"allow":["GET"]}}],"collection":[{"href":"https:\/\/www.neufundlaender-vom-baerenfels.de\/index.php?rest_route=\/wp\/v2\/pages"}],"about":[{"href":"https:\/\/www.neufundlaender-vom-baerenfels.de\/index.php?rest_route=\/wp\/v2\/types\/page"}],"author":[{"embeddable":true,"href":"https:\/\/www.neufundlaender-vom-baerenfels.de\/index.php?rest_route=\/wp\/v2\/users\/1"}],"replies":[{"embeddable":true,"href":"https:\/\/www.neufundlaender-vom-baerenfels.de\/index.php?rest_route=%2Fwp%2Fv2%2Fcomments&post=9021"}],"version-history":[{"count":7,"href":"https:\/\/www.neufundlaender-vom-baerenfels.de\/index.php?rest_route=\/wp\/v2\/pages\/9021\/revisions"}],"predecessor-version":[{"id":9790,"href":"https:\/\/www.neufundlaender-vom-baerenfels.de\/index.php?rest_route=\/wp\/v2\/pages\/9021\/revisions\/9790"}],"wp:attachment":[{"href":"https:\/\/www.neufundlaender-vom-baerenfels.de\/index.php?rest_route=%2Fwp%2Fv2%2Fmedia&parent=9021"}],"curies":[{"name":"wp","href":"https:\/\/api.w.org\/{rel}","templated":true}]}}