{"id":9028,"date":"2022-03-15T19:49:30","date_gmt":"2022-03-15T18:49:30","guid":{"rendered":"https:\/\/www.neufundlaender-vom-baerenfels.de\/?page_id=9028"},"modified":"2022-05-23T18:57:30","modified_gmt":"2022-05-23T17:57:30","slug":"h-wurf-welpe-5-gruen","status":"publish","type":"page","link":"https:\/\/www.neufundlaender-vom-baerenfels.de\/?page_id=9028","title":{"rendered":"H-Wurf Welpe 5 Gr\u00fcn"},"content":{"rendered":"\n<p>R\u00fcde schwarz, gr\u00fcnes B\u00e4ndchen<\/p>\n<h1>Hiasl vom B\u00e4renfels<\/h1>\n<p>geboren am 13.03.2022 um 9:14 Uhr, Geburtsgewicht: 595 Gramm<\/p>\n<p>ist am Montag, 23.05.2022 ausgezogen zu seiner neuen Familie in den Landkreis Hilpotstein in Oberbayern.<\/p>\n\n\n\n<figure class=\"wp-block-image size-large is-style-default\"><a href=\"https:\/\/www.neufundlaender-vom-baerenfels.de\/wp-content\/uploads\/2022\/05\/Abschiedsbild-Welpe5-gruen-Hiasl-1.jpg\"><img loading=\"lazy\" decoding=\"async\" width=\"709\" height=\"1024\" src=\"https:\/\/www.neufundlaender-vom-baerenfels.de\/wp-content\/uploads\/2022\/05\/Abschiedsbild-Welpe5-gruen-Hiasl-1-709x1024.jpg\" alt=\"\" class=\"wp-image-9783\" srcset=\"https:\/\/www.neufundlaender-vom-baerenfels.de\/wp-content\/uploads\/2022\/05\/Abschiedsbild-Welpe5-gruen-Hiasl-1-709x1024.jpg 709w, https:\/\/www.neufundlaender-vom-baerenfels.de\/wp-content\/uploads\/2022\/05\/Abschiedsbild-Welpe5-gruen-Hiasl-1-208x300.jpg 208w, https:\/\/www.neufundlaender-vom-baerenfels.de\/wp-content\/uploads\/2022\/05\/Abschiedsbild-Welpe5-gruen-Hiasl-1-768x1109.jpg 768w, https:\/\/www.neufundlaender-vom-baerenfels.de\/wp-content\/uploads\/2022\/05\/Abschiedsbild-Welpe5-gruen-Hiasl-1.jpg 1063w\" sizes=\"auto, (max-width: 709px) 100vw, 709px\" \/><\/a><\/figure>\n\n\n\n<figure class=\"wp-block-image size-large is-style-default\"><a href=\"https:\/\/www.neufundlaender-vom-baerenfels.de\/wp-content\/uploads\/2022\/05\/Kofferbild-5-gruen-scaled.jpg\"><img loading=\"lazy\" decoding=\"async\" width=\"1024\" height=\"1024\" src=\"https:\/\/www.neufundlaender-vom-baerenfels.de\/wp-content\/uploads\/2022\/05\/Kofferbild-5-gruen-1024x1024.jpg\" alt=\"\" class=\"wp-image-9737\" srcset=\"https:\/\/www.neufundlaender-vom-baerenfels.de\/wp-content\/uploads\/2022\/05\/Kofferbild-5-gruen-1024x1024.jpg 1024w, https:\/\/www.neufundlaender-vom-baerenfels.de\/wp-content\/uploads\/2022\/05\/Kofferbild-5-gruen-300x300.jpg 300w, https:\/\/www.neufundlaender-vom-baerenfels.de\/wp-content\/uploads\/2022\/05\/Kofferbild-5-gruen-150x150.jpg 150w, https:\/\/www.neufundlaender-vom-baerenfels.de\/wp-content\/uploads\/2022\/05\/Kofferbild-5-gruen-768x768.jpg 768w, https:\/\/www.neufundlaender-vom-baerenfels.de\/wp-content\/uploads\/2022\/05\/Kofferbild-5-gruen-1536x1536.jpg 1536w, https:\/\/www.neufundlaender-vom-baerenfels.de\/wp-content\/uploads\/2022\/05\/Kofferbild-5-gruen-2048x2048.jpg 2048w\" sizes=\"auto, (max-width: 1024px) 100vw, 1024px\" \/><\/a><\/figure>\n\n\n\n<figure class=\"wp-block-image size-large is-style-default\"><a href=\"https:\/\/www.neufundlaender-vom-baerenfels.de\/wp-content\/uploads\/2022\/03\/gruen1-scaled.jpg\"><img loading=\"lazy\" decoding=\"async\" width=\"1024\" height=\"576\" src=\"https:\/\/www.neufundlaender-vom-baerenfels.de\/wp-content\/uploads\/2022\/03\/gruen1-1024x576.jpg\" alt=\"\" class=\"wp-image-9096\" srcset=\"https:\/\/www.neufundlaender-vom-baerenfels.de\/wp-content\/uploads\/2022\/03\/gruen1-1024x576.jpg 1024w, https:\/\/www.neufundlaender-vom-baerenfels.de\/wp-content\/uploads\/2022\/03\/gruen1-300x169.jpg 300w, https:\/\/www.neufundlaender-vom-baerenfels.de\/wp-content\/uploads\/2022\/03\/gruen1-768x432.jpg 768w, https:\/\/www.neufundlaender-vom-baerenfels.de\/wp-content\/uploads\/2022\/03\/gruen1-1536x864.jpg 1536w, https:\/\/www.neufundlaender-vom-baerenfels.de\/wp-content\/uploads\/2022\/03\/gruen1-2048x1152.jpg 2048w\" sizes=\"auto, (max-width: 1024px) 100vw, 1024px\" \/><\/a><\/figure>\n\n\n\nngg_shortcode_0_placeholder\n\n\n\n<h1>Frohe Ostern<\/h1>\n<p>Hier einige Fotos, gestaltet von Tochter Lisa:<\/p>\nngg_shortcode_1_placeholder\n","protected":false},"excerpt":{"rendered":"<p>R\u00fcde schwarz, gr\u00fcnes B\u00e4ndchen Hiasl vom B\u00e4renfels geboren am 13.03.2022 um 9:14 Uhr, Geburtsgewicht: 595 Gramm ist am Montag, 23.05.2022 ausgezogen zu seiner neuen Familie in den Landkreis Hilpotstein in Oberbayern. Frohe Ostern Hier einige Fotos, gestaltet von Tochter Lisa:<\/p>\n","protected":false},"author":1,"featured_media":0,"parent":0,"menu_order":0,"comment_status":"closed","ping_status":"closed","template":"","meta":{"ngg_post_thumbnail":0,"footnotes":""},"class_list":["post-9028","page","type-page","status-publish","hentry"],"_links":{"self":[{"href":"https:\/\/www.neufundlaender-vom-baerenfels.de\/index.php?rest_route=\/wp\/v2\/pages\/9028","targetHints":{"allow":["GET"]}}],"collection":[{"href":"https:\/\/www.neufundlaender-vom-baerenfels.de\/index.php?rest_route=\/wp\/v2\/pages"}],"about":[{"href":"https:\/\/www.neufundlaender-vom-baerenfels.de\/index.php?rest_route=\/wp\/v2\/types\/page"}],"author":[{"embeddable":true,"href":"https:\/\/www.neufundlaender-vom-baerenfels.de\/index.php?rest_route=\/wp\/v2\/users\/1"}],"replies":[{"embeddable":true,"href":"https:\/\/www.neufundlaender-vom-baerenfels.de\/index.php?rest_route=%2Fwp%2Fv2%2Fcomments&post=9028"}],"version-history":[{"count":5,"href":"https:\/\/www.neufundlaender-vom-baerenfels.de\/index.php?rest_route=\/wp\/v2\/pages\/9028\/revisions"}],"predecessor-version":[{"id":9787,"href":"https:\/\/www.neufundlaender-vom-baerenfels.de\/index.php?rest_route=\/wp\/v2\/pages\/9028\/revisions\/9787"}],"wp:attachment":[{"href":"https:\/\/www.neufundlaender-vom-baerenfels.de\/index.php?rest_route=%2Fwp%2Fv2%2Fmedia&parent=9028"}],"curies":[{"name":"wp","href":"https:\/\/api.w.org\/{rel}","templated":true}]}}