{"id":9030,"date":"2022-03-15T19:51:40","date_gmt":"2022-03-15T18:51:40","guid":{"rendered":"https:\/\/www.neufundlaender-vom-baerenfels.de\/?page_id=9030"},"modified":"2022-05-21T17:24:56","modified_gmt":"2022-05-21T16:24:56","slug":"h-wurf-welpe-6-rosa","status":"publish","type":"page","link":"https:\/\/www.neufundlaender-vom-baerenfels.de\/?page_id=9030","title":{"rendered":"H-Wurf Welpe 6 Rosa"},"content":{"rendered":"\n<p>H\u00fcndin braun, rosanes B\u00e4ndchen<\/p>\n<h1>Hanna vom B\u00e4renfels<\/h1>\n<p>geboren am 13.03.2022 um 11:05 Uhr, Geburtsgewicht: 620 Gramm<\/p>\n<p>ist ausgezogen am 21.05.2022 mit einem \u00dcbergabegewicht von 9,94 kg in den Landkreis F\u00fcrth, Mittelfranken in Bayern<\/p>\n\n\n\n<figure class=\"wp-block-image size-large is-style-default\"><a href=\"https:\/\/www.neufundlaender-vom-baerenfels.de\/wp-content\/uploads\/2022\/05\/Abschiedsbild-Welpe6-rosa-Hanna-1.jpg\"><img loading=\"lazy\" decoding=\"async\" width=\"709\" height=\"1024\" src=\"https:\/\/www.neufundlaender-vom-baerenfels.de\/wp-content\/uploads\/2022\/05\/Abschiedsbild-Welpe6-rosa-Hanna-1-709x1024.jpg\" alt=\"\" class=\"wp-image-9751\" srcset=\"https:\/\/www.neufundlaender-vom-baerenfels.de\/wp-content\/uploads\/2022\/05\/Abschiedsbild-Welpe6-rosa-Hanna-1-709x1024.jpg 709w, https:\/\/www.neufundlaender-vom-baerenfels.de\/wp-content\/uploads\/2022\/05\/Abschiedsbild-Welpe6-rosa-Hanna-1-208x300.jpg 208w, https:\/\/www.neufundlaender-vom-baerenfels.de\/wp-content\/uploads\/2022\/05\/Abschiedsbild-Welpe6-rosa-Hanna-1-768x1109.jpg 768w, https:\/\/www.neufundlaender-vom-baerenfels.de\/wp-content\/uploads\/2022\/05\/Abschiedsbild-Welpe6-rosa-Hanna-1.jpg 1063w\" sizes=\"auto, (max-width: 709px) 100vw, 709px\" \/><\/a><\/figure>\n\n\n\n<figure class=\"wp-block-image size-large is-style-default\"><a href=\"https:\/\/www.neufundlaender-vom-baerenfels.de\/wp-content\/uploads\/2022\/05\/Kofferbild-6-rosa-1-scaled.jpg\"><img loading=\"lazy\" decoding=\"async\" width=\"1024\" height=\"1024\" src=\"https:\/\/www.neufundlaender-vom-baerenfels.de\/wp-content\/uploads\/2022\/05\/Kofferbild-6-rosa-1-1024x1024.jpg\" alt=\"\" class=\"wp-image-9753\" srcset=\"https:\/\/www.neufundlaender-vom-baerenfels.de\/wp-content\/uploads\/2022\/05\/Kofferbild-6-rosa-1-1024x1024.jpg 1024w, https:\/\/www.neufundlaender-vom-baerenfels.de\/wp-content\/uploads\/2022\/05\/Kofferbild-6-rosa-1-300x300.jpg 300w, https:\/\/www.neufundlaender-vom-baerenfels.de\/wp-content\/uploads\/2022\/05\/Kofferbild-6-rosa-1-150x150.jpg 150w, https:\/\/www.neufundlaender-vom-baerenfels.de\/wp-content\/uploads\/2022\/05\/Kofferbild-6-rosa-1-768x768.jpg 768w, https:\/\/www.neufundlaender-vom-baerenfels.de\/wp-content\/uploads\/2022\/05\/Kofferbild-6-rosa-1-1536x1536.jpg 1536w, https:\/\/www.neufundlaender-vom-baerenfels.de\/wp-content\/uploads\/2022\/05\/Kofferbild-6-rosa-1-2048x2048.jpg 2048w\" sizes=\"auto, (max-width: 1024px) 100vw, 1024px\" \/><\/a><\/figure>\n\n\n\n<figure class=\"wp-block-image size-large is-style-default\"><a href=\"https:\/\/www.neufundlaender-vom-baerenfels.de\/wp-content\/uploads\/2022\/03\/rosa.jpg\"><img loading=\"lazy\" decoding=\"async\" width=\"1024\" height=\"576\" src=\"https:\/\/www.neufundlaender-vom-baerenfels.de\/wp-content\/uploads\/2022\/03\/rosa-1024x576.jpg\" alt=\"\" class=\"wp-image-9099\" srcset=\"https:\/\/www.neufundlaender-vom-baerenfels.de\/wp-content\/uploads\/2022\/03\/rosa-1024x576.jpg 1024w, https:\/\/www.neufundlaender-vom-baerenfels.de\/wp-content\/uploads\/2022\/03\/rosa-300x169.jpg 300w, https:\/\/www.neufundlaender-vom-baerenfels.de\/wp-content\/uploads\/2022\/03\/rosa-768x432.jpg 768w, https:\/\/www.neufundlaender-vom-baerenfels.de\/wp-content\/uploads\/2022\/03\/rosa-1536x864.jpg 1536w, https:\/\/www.neufundlaender-vom-baerenfels.de\/wp-content\/uploads\/2022\/03\/rosa.jpg 1890w\" sizes=\"auto, (max-width: 1024px) 100vw, 1024px\" \/><\/a><\/figure>\n\n\n\nngg_shortcode_0_placeholder\n\n\n\n<h1>Frohe Ostern<\/h1>\n<p>Hier einige Fotos, gestaltet von Tochter Lisa:<\/p>\nngg_shortcode_1_placeholder\n","protected":false},"excerpt":{"rendered":"<p>H\u00fcndin braun, rosanes B\u00e4ndchen Hanna vom B\u00e4renfels geboren am 13.03.2022 um 11:05 Uhr, Geburtsgewicht: 620 Gramm ist ausgezogen am 21.05.2022 mit einem \u00dcbergabegewicht von 9,94 kg in den Landkreis F\u00fcrth, Mittelfranken in Bayern Frohe Ostern Hier einige Fotos, gestaltet von Tochter Lisa:<\/p>\n","protected":false},"author":1,"featured_media":0,"parent":0,"menu_order":0,"comment_status":"closed","ping_status":"closed","template":"","meta":{"ngg_post_thumbnail":0,"footnotes":""},"class_list":["post-9030","page","type-page","status-publish","hentry"],"_links":{"self":[{"href":"https:\/\/www.neufundlaender-vom-baerenfels.de\/index.php?rest_route=\/wp\/v2\/pages\/9030","targetHints":{"allow":["GET"]}}],"collection":[{"href":"https:\/\/www.neufundlaender-vom-baerenfels.de\/index.php?rest_route=\/wp\/v2\/pages"}],"about":[{"href":"https:\/\/www.neufundlaender-vom-baerenfels.de\/index.php?rest_route=\/wp\/v2\/types\/page"}],"author":[{"embeddable":true,"href":"https:\/\/www.neufundlaender-vom-baerenfels.de\/index.php?rest_route=\/wp\/v2\/users\/1"}],"replies":[{"embeddable":true,"href":"https:\/\/www.neufundlaender-vom-baerenfels.de\/index.php?rest_route=%2Fwp%2Fv2%2Fcomments&post=9030"}],"version-history":[{"count":4,"href":"https:\/\/www.neufundlaender-vom-baerenfels.de\/index.php?rest_route=\/wp\/v2\/pages\/9030\/revisions"}],"predecessor-version":[{"id":9758,"href":"https:\/\/www.neufundlaender-vom-baerenfels.de\/index.php?rest_route=\/wp\/v2\/pages\/9030\/revisions\/9758"}],"wp:attachment":[{"href":"https:\/\/www.neufundlaender-vom-baerenfels.de\/index.php?rest_route=%2Fwp%2Fv2%2Fmedia&parent=9030"}],"curies":[{"name":"wp","href":"https:\/\/api.w.org\/{rel}","templated":true}]}}