{"id":9032,"date":"2022-03-15T19:53:11","date_gmt":"2022-03-15T18:53:11","guid":{"rendered":"https:\/\/www.neufundlaender-vom-baerenfels.de\/?page_id=9032"},"modified":"2022-05-27T15:28:12","modified_gmt":"2022-05-27T14:28:12","slug":"h-wurf-welpe-7-lila","status":"publish","type":"page","link":"https:\/\/www.neufundlaender-vom-baerenfels.de\/?page_id=9032","title":{"rendered":"H-Wurf Welpe 7 Lila"},"content":{"rendered":"\n<p>R\u00fcde scharz, lila B\u00e4ndchen<\/p>\n<h1>Hugo vom B\u00e4renfels<\/h1>\n<p>geboren am 13.03.2022 um 15:30 Uhr, Geburtsgewicht: 615 Gramm<\/p>\n<p>Die Koffer sind gepackt. Am Samstag, 21.05.2022 bei der Gewichtskontrolle hat Hugo stolze 12,02 kg auf die Waage gebracht und wartet auf seinen Umzug in das sch\u00f6ne Wien, \u00d6sterreich.<\/p>\n<p>Am Freitag, 27.05.2022 hat Hugo seine Reise nach&nbsp; Wien mit einem \u00dcbergabegewicht von 13,2 kg angetreten. Wir w\u00fcnschem dem B\u00e4rchen alles gute in \u00d6sterreich!<\/p>\n\n\n\n<figure class=\"wp-block-image size-large is-style-default\"><a href=\"https:\/\/www.neufundlaender-vom-baerenfels.de\/wp-content\/uploads\/2022\/05\/Abschiedsbild-Welpe7-Lila-Hugo.jpg\"><img loading=\"lazy\" decoding=\"async\" width=\"709\" height=\"1024\" src=\"https:\/\/www.neufundlaender-vom-baerenfels.de\/wp-content\/uploads\/2022\/05\/Abschiedsbild-Welpe7-Lila-Hugo-709x1024.jpg\" alt=\"\" class=\"wp-image-9792\" srcset=\"https:\/\/www.neufundlaender-vom-baerenfels.de\/wp-content\/uploads\/2022\/05\/Abschiedsbild-Welpe7-Lila-Hugo-709x1024.jpg 709w, https:\/\/www.neufundlaender-vom-baerenfels.de\/wp-content\/uploads\/2022\/05\/Abschiedsbild-Welpe7-Lila-Hugo-208x300.jpg 208w, https:\/\/www.neufundlaender-vom-baerenfels.de\/wp-content\/uploads\/2022\/05\/Abschiedsbild-Welpe7-Lila-Hugo-768x1109.jpg 768w, https:\/\/www.neufundlaender-vom-baerenfels.de\/wp-content\/uploads\/2022\/05\/Abschiedsbild-Welpe7-Lila-Hugo.jpg 1063w\" sizes=\"auto, (max-width: 709px) 100vw, 709px\" \/><\/a><\/figure>\n\n\n\n<figure class=\"wp-block-image size-large is-style-default\"><a href=\"https:\/\/www.neufundlaender-vom-baerenfels.de\/wp-content\/uploads\/2022\/05\/Kofferbild-7-Lila-scaled.jpg\"><img loading=\"lazy\" decoding=\"async\" width=\"1024\" height=\"1024\" src=\"https:\/\/www.neufundlaender-vom-baerenfels.de\/wp-content\/uploads\/2022\/05\/Kofferbild-7-Lila-1024x1024.jpg\" alt=\"\" class=\"wp-image-9739\" srcset=\"https:\/\/www.neufundlaender-vom-baerenfels.de\/wp-content\/uploads\/2022\/05\/Kofferbild-7-Lila-1024x1024.jpg 1024w, https:\/\/www.neufundlaender-vom-baerenfels.de\/wp-content\/uploads\/2022\/05\/Kofferbild-7-Lila-300x300.jpg 300w, https:\/\/www.neufundlaender-vom-baerenfels.de\/wp-content\/uploads\/2022\/05\/Kofferbild-7-Lila-150x150.jpg 150w, https:\/\/www.neufundlaender-vom-baerenfels.de\/wp-content\/uploads\/2022\/05\/Kofferbild-7-Lila-768x768.jpg 768w, https:\/\/www.neufundlaender-vom-baerenfels.de\/wp-content\/uploads\/2022\/05\/Kofferbild-7-Lila-1536x1536.jpg 1536w, https:\/\/www.neufundlaender-vom-baerenfels.de\/wp-content\/uploads\/2022\/05\/Kofferbild-7-Lila-2048x2048.jpg 2048w\" sizes=\"auto, (max-width: 1024px) 100vw, 1024px\" \/><\/a><\/figure>\n\n\n\n<figure class=\"wp-block-image size-large is-style-default\"><a href=\"https:\/\/www.neufundlaender-vom-baerenfels.de\/wp-content\/uploads\/2022\/03\/lila.jpg\"><img loading=\"lazy\" decoding=\"async\" width=\"1024\" height=\"576\" src=\"https:\/\/www.neufundlaender-vom-baerenfels.de\/wp-content\/uploads\/2022\/03\/lila-1024x576.jpg\" alt=\"\" class=\"wp-image-9097\" srcset=\"https:\/\/www.neufundlaender-vom-baerenfels.de\/wp-content\/uploads\/2022\/03\/lila-1024x576.jpg 1024w, https:\/\/www.neufundlaender-vom-baerenfels.de\/wp-content\/uploads\/2022\/03\/lila-300x169.jpg 300w, https:\/\/www.neufundlaender-vom-baerenfels.de\/wp-content\/uploads\/2022\/03\/lila-768x432.jpg 768w, https:\/\/www.neufundlaender-vom-baerenfels.de\/wp-content\/uploads\/2022\/03\/lila-1536x864.jpg 1536w, https:\/\/www.neufundlaender-vom-baerenfels.de\/wp-content\/uploads\/2022\/03\/lila.jpg 1890w\" sizes=\"auto, (max-width: 1024px) 100vw, 1024px\" \/><\/a><\/figure>\n\n\n\nngg_shortcode_0_placeholder\n","protected":false},"excerpt":{"rendered":"<p>R\u00fcde scharz, lila B\u00e4ndchen Hugo vom B\u00e4renfels geboren am 13.03.2022 um 15:30 Uhr, Geburtsgewicht: 615 Gramm Die Koffer sind gepackt. Am Samstag, 21.05.2022 bei der Gewichtskontrolle hat Hugo stolze 12,02 kg auf die Waage gebracht und wartet auf seinen Umzug in das sch\u00f6ne Wien, \u00d6sterreich. Am Freitag, 27.05.2022 hat Hugo seine Reise nach&nbsp; Wien mit &hellip; <a href=\"https:\/\/www.neufundlaender-vom-baerenfels.de\/?page_id=9032\" class=\"more-link\"><span class=\"screen-reader-text\">H-Wurf Welpe 7 Lila<\/span> weiterlesen <span class=\"meta-nav\">&rarr;<\/span><\/a><\/p>\n","protected":false},"author":1,"featured_media":0,"parent":0,"menu_order":0,"comment_status":"closed","ping_status":"closed","template":"","meta":{"ngg_post_thumbnail":0,"footnotes":""},"class_list":["post-9032","page","type-page","status-publish","hentry"],"_links":{"self":[{"href":"https:\/\/www.neufundlaender-vom-baerenfels.de\/index.php?rest_route=\/wp\/v2\/pages\/9032","targetHints":{"allow":["GET"]}}],"collection":[{"href":"https:\/\/www.neufundlaender-vom-baerenfels.de\/index.php?rest_route=\/wp\/v2\/pages"}],"about":[{"href":"https:\/\/www.neufundlaender-vom-baerenfels.de\/index.php?rest_route=\/wp\/v2\/types\/page"}],"author":[{"embeddable":true,"href":"https:\/\/www.neufundlaender-vom-baerenfels.de\/index.php?rest_route=\/wp\/v2\/users\/1"}],"replies":[{"embeddable":true,"href":"https:\/\/www.neufundlaender-vom-baerenfels.de\/index.php?rest_route=%2Fwp%2Fv2%2Fcomments&post=9032"}],"version-history":[{"count":7,"href":"https:\/\/www.neufundlaender-vom-baerenfels.de\/index.php?rest_route=\/wp\/v2\/pages\/9032\/revisions"}],"predecessor-version":[{"id":9795,"href":"https:\/\/www.neufundlaender-vom-baerenfels.de\/index.php?rest_route=\/wp\/v2\/pages\/9032\/revisions\/9795"}],"wp:attachment":[{"href":"https:\/\/www.neufundlaender-vom-baerenfels.de\/index.php?rest_route=%2Fwp%2Fv2%2Fmedia&parent=9032"}],"curies":[{"name":"wp","href":"https:\/\/api.w.org\/{rel}","templated":true}]}}